{"id":5269,"date":"2023-05-31T15:18:10","date_gmt":"2023-05-31T13:18:10","guid":{"rendered":"https:\/\/legrenierdelatour.be\/brocante\/?post_type=product&#038;p=5269"},"modified":"2024-06-19T19:36:46","modified_gmt":"2024-06-19T17:36:46","slug":"garniture-de-toilette-luxval-1930","status":"publish","type":"product","link":"https:\/\/legrenierdelatour.be\/brocante\/produit\/garniture-de-toilette-luxval-1930\/","title":{"rendered":"Garniture de toilette Luxval 1930"},"content":{"rendered":"<p>Bel ensemble de garniture de toilette Dalembert compos\u00e9 de : d\u2019un flacon avec couvercle (16 cm de haut), une fiole \u00e0 parfum (12 cm de haut), un plat (8 cm de c\u00f4t\u00e9), une bo\u00eete \u00e0 couvercle plat (6 cm de haut, 8 cm de diam\u00e8tre), une bo\u00eete \u00e0 couvercle (10,5cm de haut, 6 cm de diam\u00e8tre). C\u2019est une production de la manufacture Val St Lambert (sign\u00e9 sous les deux bo\u00eetes) de la collection Luxval, Art d\u00e9co. Cette collection a \u00e9t\u00e9 dessin\u00e9e par les designer Charles Graffart et Ren\u00e9 Delvenne, en cristal coul\u00e9, dans les ann\u00e9es 1930. Cet ensemble en bon \u00e9tat (seul le flacon a un petit coup), est de couleur ambr\u00e9e. Il s&rsquo;agit de la collection Valambert.<\/p>\n<div>R\u00e9f 20.91<\/div>\n","protected":false},"excerpt":{"rendered":"<p>Bel ensemble de garniture de toilette Dalembert compos\u00e9 de : d\u2019un flacon avec couvercle (16 cm de haut), une fiole \u00e0 parfum (12 cm de haut), un plat (8 cm de c\u00f4t\u00e9), une bo\u00eete \u00e0 couvercle plat (6 cm de haut, 8 cm de diam\u00e8tre), une bo\u00eete \u00e0 couvercle (10,5cm de haut, 6 cm de&hellip;&nbsp;<a href=\"https:\/\/legrenierdelatour.be\/brocante\/produit\/garniture-de-toilette-luxval-1930\/\" class=\"\" rel=\"bookmark\">Lire la suite &raquo;<span class=\"screen-reader-text\">Garniture de toilette Luxval 1930<\/span><\/a><\/p>\n","protected":false},"featured_media":5275,"comment_status":"open","ping_status":"closed","template":"","meta":{"neve_meta_sidebar":"","neve_meta_container":"","neve_meta_enable_content_width":"off","neve_meta_content_width":100,"neve_meta_title_alignment":"","neve_meta_author_avatar":"","neve_post_elements_order":"","neve_meta_disable_header":"","neve_meta_disable_footer":"","neve_meta_disable_title":""},"product_brand":[],"product_cat":[64,162,63,22],"product_tag":[79,21,40,65],"class_list":{"0":"post-5269","1":"product","2":"type-product","3":"status-publish","4":"has-post-thumbnail","6":"product_cat-luxval","7":"product_cat-productions-belges","8":"product_cat-val-saint-lambert","9":"product_cat-verrerie","10":"product_tag-art","11":"product_tag-art-deco","12":"product_tag-belgique","13":"product_tag-luxval","15":"first","16":"instock","17":"shipping-taxable","18":"purchasable","19":"product-type-simple"},"_links":{"self":[{"href":"https:\/\/legrenierdelatour.be\/brocante\/wp-json\/wp\/v2\/product\/5269","targetHints":{"allow":["GET"]}}],"collection":[{"href":"https:\/\/legrenierdelatour.be\/brocante\/wp-json\/wp\/v2\/product"}],"about":[{"href":"https:\/\/legrenierdelatour.be\/brocante\/wp-json\/wp\/v2\/types\/product"}],"replies":[{"embeddable":true,"href":"https:\/\/legrenierdelatour.be\/brocante\/wp-json\/wp\/v2\/comments?post=5269"}],"wp:featuredmedia":[{"embeddable":true,"href":"https:\/\/legrenierdelatour.be\/brocante\/wp-json\/wp\/v2\/media\/5275"}],"wp:attachment":[{"href":"https:\/\/legrenierdelatour.be\/brocante\/wp-json\/wp\/v2\/media?parent=5269"}],"wp:term":[{"taxonomy":"product_brand","embeddable":true,"href":"https:\/\/legrenierdelatour.be\/brocante\/wp-json\/wp\/v2\/product_brand?post=5269"},{"taxonomy":"product_cat","embeddable":true,"href":"https:\/\/legrenierdelatour.be\/brocante\/wp-json\/wp\/v2\/product_cat?post=5269"},{"taxonomy":"product_tag","embeddable":true,"href":"https:\/\/legrenierdelatour.be\/brocante\/wp-json\/wp\/v2\/product_tag?post=5269"}],"curies":[{"name":"wp","href":"https:\/\/api.w.org\/{rel}","templated":true}]}}