{"id":526,"date":"2022-03-02T09:26:52","date_gmt":"2022-03-02T08:26:52","guid":{"rendered":"https:\/\/legrenierdelatour.be\/brocante\/?post_type=product&#038;p=526"},"modified":"2022-05-19T17:22:34","modified_gmt":"2022-05-19T15:22:34","slug":"vase-ddr-2914-veb-haldensleben","status":"publish","type":"product","link":"https:\/\/legrenierdelatour.be\/brocante\/produit\/vase-ddr-2914-veb-haldensleben\/","title":{"rendered":"Vase DDR 2914 VEB Haldensleben"},"content":{"rendered":"<p>Beau vase trapu de 15 cm de haut, avec un d\u00e9cor mat dans les tons brun-gris. Il a \u00e9t\u00e9 produit par la manufacture VEB Haldensleben (1945-1987) en Allemagne de l&rsquo;Est sans doute dans les ann\u00e9es 1970, d&rsquo;apr\u00e8s la forme \u00ab\u00a02914\u00a0\u00bb.<\/p>\n<p>R\u00e9f 7.94<\/p>\n","protected":false},"excerpt":{"rendered":"<p>Beau vase trapu de 15 cm de haut, avec un d\u00e9cor mat dans les tons brun-gris. Il a \u00e9t\u00e9 produit par la manufacture VEB Haldensleben (1945-1987) en Allemagne de l&rsquo;Est sans doute dans les ann\u00e9es 1970, d&rsquo;apr\u00e8s la forme \u00ab\u00a02914\u00a0\u00bb. R\u00e9f 7.94<\/p>\n","protected":false},"featured_media":508,"comment_status":"open","ping_status":"closed","template":"","meta":{"neve_meta_sidebar":"","neve_meta_container":"","neve_meta_enable_content_width":"off","neve_meta_content_width":100,"neve_meta_title_alignment":"","neve_meta_author_avatar":"","neve_post_elements_order":"","neve_meta_disable_header":"","neve_meta_disable_footer":"","neve_meta_disable_title":""},"product_brand":[],"product_cat":[15,48,170,16,47],"product_tag":[19,28,49],"class_list":{"0":"post-526","1":"product","2":"type-product","3":"status-publish","4":"has-post-thumbnail","6":"product_cat-non-classe","7":"product_cat-allemagne","8":"product_cat-autres-producteurs","9":"product_cat-ceramique","10":"product_cat-west-germany","11":"product_tag-faience","12":"product_tag-vintage","13":"product_tag-west-germany","15":"first","16":"instock","17":"shipping-taxable","18":"purchasable","19":"product-type-simple"},"_links":{"self":[{"href":"https:\/\/legrenierdelatour.be\/brocante\/wp-json\/wp\/v2\/product\/526","targetHints":{"allow":["GET"]}}],"collection":[{"href":"https:\/\/legrenierdelatour.be\/brocante\/wp-json\/wp\/v2\/product"}],"about":[{"href":"https:\/\/legrenierdelatour.be\/brocante\/wp-json\/wp\/v2\/types\/product"}],"replies":[{"embeddable":true,"href":"https:\/\/legrenierdelatour.be\/brocante\/wp-json\/wp\/v2\/comments?post=526"}],"wp:featuredmedia":[{"embeddable":true,"href":"https:\/\/legrenierdelatour.be\/brocante\/wp-json\/wp\/v2\/media\/508"}],"wp:attachment":[{"href":"https:\/\/legrenierdelatour.be\/brocante\/wp-json\/wp\/v2\/media?parent=526"}],"wp:term":[{"taxonomy":"product_brand","embeddable":true,"href":"https:\/\/legrenierdelatour.be\/brocante\/wp-json\/wp\/v2\/product_brand?post=526"},{"taxonomy":"product_cat","embeddable":true,"href":"https:\/\/legrenierdelatour.be\/brocante\/wp-json\/wp\/v2\/product_cat?post=526"},{"taxonomy":"product_tag","embeddable":true,"href":"https:\/\/legrenierdelatour.be\/brocante\/wp-json\/wp\/v2\/product_tag?post=526"}],"curies":[{"name":"wp","href":"https:\/\/api.w.org\/{rel}","templated":true}]}}