{"id":525,"date":"2022-03-02T09:23:32","date_gmt":"2022-03-02T08:23:32","guid":{"rendered":"https:\/\/legrenierdelatour.be\/brocante\/?post_type=product&#038;p=525"},"modified":"2022-03-12T17:18:04","modified_gmt":"2022-03-12T16:18:04","slug":"vase-west-germany-87-17-bay","status":"publish","type":"product","link":"https:\/\/legrenierdelatour.be\/brocante\/produit\/vase-west-germany-87-17-bay\/","title":{"rendered":"Vase West Germany 87 17 Bay"},"content":{"rendered":"<p>Joli vase avec d\u00e9cor de fleurs, tr\u00e8s brillant, produit par Bay Keramik en Allemagne selon la forme \u00ab\u00a087\u00a0\u00bb, et une hauteur de \u00ab\u00a017\u00a0\u00bb cm. Ce vase daterait des ann\u00e9es 1967-1972 d&rsquo;apr\u00e8s le label de l&rsquo;\u00e9tiquette.<\/p>\n<p>R\u00e9f 7.81<\/p>\n","protected":false},"excerpt":{"rendered":"<p>Joli vase avec d\u00e9cor de fleurs, tr\u00e8s brillant, produit par Bay Keramik en Allemagne selon la forme \u00ab\u00a087\u00a0\u00bb, et une hauteur de \u00ab\u00a017\u00a0\u00bb cm. Ce vase daterait des ann\u00e9es 1967-1972 d&rsquo;apr\u00e8s le label de l&rsquo;\u00e9tiquette. R\u00e9f 7.81<\/p>\n","protected":false},"featured_media":502,"comment_status":"open","ping_status":"closed","template":"","meta":{"neve_meta_sidebar":"","neve_meta_container":"","neve_meta_enable_content_width":"off","neve_meta_content_width":100,"neve_meta_title_alignment":"","neve_meta_author_avatar":"","neve_post_elements_order":"","neve_meta_disable_header":"","neve_meta_disable_footer":"","neve_meta_disable_title":""},"product_brand":[],"product_cat":[15,48,53,16,47],"product_tag":[51,19,28,49],"class_list":{"0":"post-525","1":"product","2":"type-product","3":"status-publish","4":"has-post-thumbnail","6":"product_cat-non-classe","7":"product_cat-allemagne","8":"product_cat-bay","9":"product_cat-ceramique","10":"product_cat-west-germany","11":"product_tag-bay","12":"product_tag-faience","13":"product_tag-vintage","14":"product_tag-west-germany","16":"first","17":"instock","18":"shipping-taxable","19":"purchasable","20":"product-type-simple"},"_links":{"self":[{"href":"https:\/\/legrenierdelatour.be\/brocante\/wp-json\/wp\/v2\/product\/525","targetHints":{"allow":["GET"]}}],"collection":[{"href":"https:\/\/legrenierdelatour.be\/brocante\/wp-json\/wp\/v2\/product"}],"about":[{"href":"https:\/\/legrenierdelatour.be\/brocante\/wp-json\/wp\/v2\/types\/product"}],"replies":[{"embeddable":true,"href":"https:\/\/legrenierdelatour.be\/brocante\/wp-json\/wp\/v2\/comments?post=525"}],"wp:featuredmedia":[{"embeddable":true,"href":"https:\/\/legrenierdelatour.be\/brocante\/wp-json\/wp\/v2\/media\/502"}],"wp:attachment":[{"href":"https:\/\/legrenierdelatour.be\/brocante\/wp-json\/wp\/v2\/media?parent=525"}],"wp:term":[{"taxonomy":"product_brand","embeddable":true,"href":"https:\/\/legrenierdelatour.be\/brocante\/wp-json\/wp\/v2\/product_brand?post=525"},{"taxonomy":"product_cat","embeddable":true,"href":"https:\/\/legrenierdelatour.be\/brocante\/wp-json\/wp\/v2\/product_cat?post=525"},{"taxonomy":"product_tag","embeddable":true,"href":"https:\/\/legrenierdelatour.be\/brocante\/wp-json\/wp\/v2\/product_tag?post=525"}],"curies":[{"name":"wp","href":"https:\/\/api.w.org\/{rel}","templated":true}]}}