{"id":5245,"date":"2023-05-29T22:06:49","date_gmt":"2023-05-29T20:06:49","guid":{"rendered":"https:\/\/legrenierdelatour.be\/brocante\/?post_type=product&#038;p=5245"},"modified":"2024-02-12T13:12:21","modified_gmt":"2024-02-12T12:12:21","slug":"eau-forte-roger-hebbelinck","status":"publish","type":"product","link":"https:\/\/legrenierdelatour.be\/brocante\/produit\/eau-forte-roger-hebbelinck\/","title":{"rendered":"Eau-forte Roger Hebbelinck"},"content":{"rendered":"<p><span style=\"color: #000000; font-size: medium;\">Belle eau-forte (36&#215;30 cm) r\u00e9alis\u00e9e par Roger Hebbelinck (1912-1987) un artiste bruxellois (pseudo Belin lorsqu\u2019il r\u00e9alise des eau-fortes de ses coll\u00e8gues V. de Saedeleer et A. Saverys. C\u2019est une tr\u00e8s belle gravure en couleur, sign\u00e9e et num\u00e9rot\u00e9e 148\/350. Elle n\u2019est pas encadr\u00e9e.<\/span><\/p>\n<div>R\u00e9f 20.82<\/div>\n","protected":false},"excerpt":{"rendered":"<p>Belle eau-forte (36&#215;30 cm) r\u00e9alis\u00e9e par Roger Hebbelinck (1912-1987) un artiste bruxellois (pseudo Belin lorsqu\u2019il r\u00e9alise des eau-fortes de ses coll\u00e8gues V. de Saedeleer et A. Saverys. C\u2019est une tr\u00e8s belle gravure en couleur, sign\u00e9e et num\u00e9rot\u00e9e 148\/350. Elle n\u2019est pas encadr\u00e9e. R\u00e9f 20.82<\/p>\n","protected":false},"featured_media":5246,"comment_status":"open","ping_status":"closed","template":"","meta":{"neve_meta_sidebar":"","neve_meta_container":"","neve_meta_enable_content_width":"off","neve_meta_content_width":100,"neve_meta_title_alignment":"","neve_meta_author_avatar":"","neve_post_elements_order":"","neve_meta_disable_header":"","neve_meta_disable_footer":"","neve_meta_disable_title":""},"product_brand":[],"product_cat":[167],"product_tag":[79,40],"class_list":{"0":"post-5245","1":"product","2":"type-product","3":"status-publish","4":"has-post-thumbnail","6":"product_cat-peintures-et-sculptures","7":"product_tag-art","8":"product_tag-belgique","10":"first","11":"instock","12":"shipping-taxable","13":"purchasable","14":"product-type-simple"},"_links":{"self":[{"href":"https:\/\/legrenierdelatour.be\/brocante\/wp-json\/wp\/v2\/product\/5245","targetHints":{"allow":["GET"]}}],"collection":[{"href":"https:\/\/legrenierdelatour.be\/brocante\/wp-json\/wp\/v2\/product"}],"about":[{"href":"https:\/\/legrenierdelatour.be\/brocante\/wp-json\/wp\/v2\/types\/product"}],"replies":[{"embeddable":true,"href":"https:\/\/legrenierdelatour.be\/brocante\/wp-json\/wp\/v2\/comments?post=5245"}],"wp:featuredmedia":[{"embeddable":true,"href":"https:\/\/legrenierdelatour.be\/brocante\/wp-json\/wp\/v2\/media\/5246"}],"wp:attachment":[{"href":"https:\/\/legrenierdelatour.be\/brocante\/wp-json\/wp\/v2\/media?parent=5245"}],"wp:term":[{"taxonomy":"product_brand","embeddable":true,"href":"https:\/\/legrenierdelatour.be\/brocante\/wp-json\/wp\/v2\/product_brand?post=5245"},{"taxonomy":"product_cat","embeddable":true,"href":"https:\/\/legrenierdelatour.be\/brocante\/wp-json\/wp\/v2\/product_cat?post=5245"},{"taxonomy":"product_tag","embeddable":true,"href":"https:\/\/legrenierdelatour.be\/brocante\/wp-json\/wp\/v2\/product_tag?post=5245"}],"curies":[{"name":"wp","href":"https:\/\/api.w.org\/{rel}","templated":true}]}}