{"id":5242,"date":"2023-05-29T21:56:29","date_gmt":"2023-05-29T19:56:29","guid":{"rendered":"https:\/\/legrenierdelatour.be\/brocante\/?post_type=product&#038;p=5242"},"modified":"2023-05-29T21:56:29","modified_gmt":"2023-05-29T19:56:29","slug":"gravure-brugge-kandelaarstraatje-albert-goethals","status":"publish","type":"product","link":"https:\/\/legrenierdelatour.be\/brocante\/produit\/gravure-brugge-kandelaarstraatje-albert-goethals\/","title":{"rendered":"Gravure Brugge Kandelaarstraatje, Albert Goethals"},"content":{"rendered":"<p>Belle gravure (33&#215;26 cm avec cadre) de la \u00ab Brugge Kandelaarstraatje \u00bb, sign\u00e9e dans la planche et au crayon sous la gravure de Albert Goethals (1885-1973). Egalement peintre, il a essentiellement travaill\u00e9 en tant qu\u2019aquafortiste. il a \u00e9tudi\u00e9 \u00e0 Bruges sous la direction d\u2019Edmond Van Hove, et \u00e0 l\u2019acad\u00e9mie de Bruxelles avec Richir et Delville.<\/p>\n<div>R\u00e9f 20.81<\/div>\n","protected":false},"excerpt":{"rendered":"<p>Belle gravure (33&#215;26 cm avec cadre) de la \u00ab Brugge Kandelaarstraatje \u00bb, sign\u00e9e dans la planche et au crayon sous la gravure de Albert Goethals (1885-1973). Egalement peintre, il a essentiellement travaill\u00e9 en tant qu\u2019aquafortiste. il a \u00e9tudi\u00e9 \u00e0 Bruges sous la direction d\u2019Edmond Van Hove, et \u00e0 l\u2019acad\u00e9mie de Bruxelles avec Richir et Delville.&hellip;&nbsp;<a href=\"https:\/\/legrenierdelatour.be\/brocante\/produit\/gravure-brugge-kandelaarstraatje-albert-goethals\/\" class=\"\" rel=\"bookmark\">Lire la suite &raquo;<span class=\"screen-reader-text\">Gravure Brugge Kandelaarstraatje, Albert Goethals<\/span><\/a><\/p>\n","protected":false},"featured_media":5243,"comment_status":"open","ping_status":"closed","template":"","meta":{"neve_meta_sidebar":"","neve_meta_container":"","neve_meta_enable_content_width":"off","neve_meta_content_width":100,"neve_meta_title_alignment":"","neve_meta_author_avatar":"","neve_post_elements_order":"","neve_meta_disable_header":"","neve_meta_disable_footer":"","neve_meta_disable_title":""},"product_brand":[],"product_cat":[167],"product_tag":[79,40],"class_list":{"0":"post-5242","1":"product","2":"type-product","3":"status-publish","4":"has-post-thumbnail","6":"product_cat-peintures-et-sculptures","7":"product_tag-art","8":"product_tag-belgique","10":"first","11":"instock","12":"shipping-taxable","13":"purchasable","14":"product-type-simple"},"_links":{"self":[{"href":"https:\/\/legrenierdelatour.be\/brocante\/wp-json\/wp\/v2\/product\/5242","targetHints":{"allow":["GET"]}}],"collection":[{"href":"https:\/\/legrenierdelatour.be\/brocante\/wp-json\/wp\/v2\/product"}],"about":[{"href":"https:\/\/legrenierdelatour.be\/brocante\/wp-json\/wp\/v2\/types\/product"}],"replies":[{"embeddable":true,"href":"https:\/\/legrenierdelatour.be\/brocante\/wp-json\/wp\/v2\/comments?post=5242"}],"wp:featuredmedia":[{"embeddable":true,"href":"https:\/\/legrenierdelatour.be\/brocante\/wp-json\/wp\/v2\/media\/5243"}],"wp:attachment":[{"href":"https:\/\/legrenierdelatour.be\/brocante\/wp-json\/wp\/v2\/media?parent=5242"}],"wp:term":[{"taxonomy":"product_brand","embeddable":true,"href":"https:\/\/legrenierdelatour.be\/brocante\/wp-json\/wp\/v2\/product_brand?post=5242"},{"taxonomy":"product_cat","embeddable":true,"href":"https:\/\/legrenierdelatour.be\/brocante\/wp-json\/wp\/v2\/product_cat?post=5242"},{"taxonomy":"product_tag","embeddable":true,"href":"https:\/\/legrenierdelatour.be\/brocante\/wp-json\/wp\/v2\/product_tag?post=5242"}],"curies":[{"name":"wp","href":"https:\/\/api.w.org\/{rel}","templated":true}]}}