{"id":5228,"date":"2023-05-29T20:36:31","date_gmt":"2023-05-29T18:36:31","guid":{"rendered":"https:\/\/legrenierdelatour.be\/brocante\/?post_type=product&#038;p=5228"},"modified":"2023-05-29T20:36:32","modified_gmt":"2023-05-29T18:36:32","slug":"tirelire-tour-espagnole-emaischen-1975-leon-nosbusch","status":"publish","type":"product","link":"https:\/\/legrenierdelatour.be\/brocante\/produit\/tirelire-tour-espagnole-emaischen-1975-leon-nosbusch\/","title":{"rendered":"Tirelire Tour espagnole, Emaischen 1975, L\u00e9on Nosbusch"},"content":{"rendered":"<p>Tirelire en fa\u00efence (17 cm de haut) repr\u00e9snetant la Tour espagnole de Luxembourg-ville, \u00e9dit\u00e9e \u00e0 l\u2019occasion de l\u2019Emaischen en 1975. cette c\u00e9ramique porte l\u2019\u00e9cusson de la Ville de Luxembourg et la signature LN pour L\u00e9on Nosbusch (1897-1979). Elle est en tr\u00e8s bon \u00e9tat.<\/p>\n<div>L\u00e9on Nosbusch \u00e0 \u00e9tudi\u00e9 \u00e0 l&rsquo;\u00e9cole des artisans de Luxembourg puis fut dipl\u00f4m\u00e9 de l&rsquo;acad\u00e9mie royale des Beaux-arts de Bruxelles. Aimant le travail de la mati\u00e8re, il devient directeur d&rsquo;une manufacture de porcelaine \u00e0 Bruxelles sans pour autant d\u00e9laisser sa cr\u00e9ation personnelle. Il obtient en 1929, le prix grand-duc Adolphe lui permettant d&rsquo;acqu\u00e9rir une notori\u00e9t\u00e9 dans son pays. Il se voit confi\u00e9 en 1937, lors de l&rsquo;Exposition Universelle de Paris, la r\u00e9alisation des \u0153uvres sculpturales de la Vue Panoramique de la Ville de Luxembourg sur la fa\u00e7ade principale du pavillon du Luxembourg. Il terminera sa carri\u00e8re en s&rsquo;installant finalement dans son pays natal comme artiste ind\u00e9pendant.<\/div>\n<div>R\u00e9f 20.78<\/div>\n","protected":false},"excerpt":{"rendered":"<p>Tirelire en fa\u00efence (17 cm de haut) repr\u00e9snetant la Tour espagnole de Luxembourg-ville, \u00e9dit\u00e9e \u00e0 l\u2019occasion de l\u2019Emaischen en 1975. cette c\u00e9ramique porte l\u2019\u00e9cusson de la Ville de Luxembourg et la signature LN pour L\u00e9on Nosbusch (1897-1979). Elle est en tr\u00e8s bon \u00e9tat. L\u00e9on Nosbusch \u00e0 \u00e9tudi\u00e9 \u00e0 l&rsquo;\u00e9cole des artisans de Luxembourg puis fut&hellip;&nbsp;<a href=\"https:\/\/legrenierdelatour.be\/brocante\/produit\/tirelire-tour-espagnole-emaischen-1975-leon-nosbusch\/\" class=\"\" rel=\"bookmark\">Lire la suite &raquo;<span class=\"screen-reader-text\">Tirelire Tour espagnole, Emaischen 1975, L\u00e9on Nosbusch<\/span><\/a><\/p>\n","protected":false},"featured_media":5229,"comment_status":"open","ping_status":"closed","template":"","meta":{"neve_meta_sidebar":"","neve_meta_container":"","neve_meta_enable_content_width":"off","neve_meta_content_width":100,"neve_meta_title_alignment":"","neve_meta_author_avatar":"","neve_post_elements_order":"","neve_meta_disable_header":"","neve_meta_disable_footer":"","neve_meta_disable_title":""},"product_brand":[],"product_cat":[16,165,30,166,167],"product_tag":[79,19,83,28],"class_list":{"0":"post-5228","1":"product","2":"type-product","3":"status-publish","4":"has-post-thumbnail","6":"product_cat-ceramique","7":"product_cat-luxembourg","8":"product_cat-luxemburgensia","9":"product_cat-luxemburgensia-luxemburgensia","10":"product_cat-peintures-et-sculptures","11":"product_tag-art","12":"product_tag-faience","13":"product_tag-luxemburgensia","14":"product_tag-vintage","16":"first","17":"instock","18":"shipping-taxable","19":"purchasable","20":"product-type-simple"},"_links":{"self":[{"href":"https:\/\/legrenierdelatour.be\/brocante\/wp-json\/wp\/v2\/product\/5228","targetHints":{"allow":["GET"]}}],"collection":[{"href":"https:\/\/legrenierdelatour.be\/brocante\/wp-json\/wp\/v2\/product"}],"about":[{"href":"https:\/\/legrenierdelatour.be\/brocante\/wp-json\/wp\/v2\/types\/product"}],"replies":[{"embeddable":true,"href":"https:\/\/legrenierdelatour.be\/brocante\/wp-json\/wp\/v2\/comments?post=5228"}],"wp:featuredmedia":[{"embeddable":true,"href":"https:\/\/legrenierdelatour.be\/brocante\/wp-json\/wp\/v2\/media\/5229"}],"wp:attachment":[{"href":"https:\/\/legrenierdelatour.be\/brocante\/wp-json\/wp\/v2\/media?parent=5228"}],"wp:term":[{"taxonomy":"product_brand","embeddable":true,"href":"https:\/\/legrenierdelatour.be\/brocante\/wp-json\/wp\/v2\/product_brand?post=5228"},{"taxonomy":"product_cat","embeddable":true,"href":"https:\/\/legrenierdelatour.be\/brocante\/wp-json\/wp\/v2\/product_cat?post=5228"},{"taxonomy":"product_tag","embeddable":true,"href":"https:\/\/legrenierdelatour.be\/brocante\/wp-json\/wp\/v2\/product_tag?post=5228"}],"curies":[{"name":"wp","href":"https:\/\/api.w.org\/{rel}","templated":true}]}}