{"id":5213,"date":"2023-05-29T19:22:34","date_gmt":"2023-05-29T17:22:34","guid":{"rendered":"https:\/\/legrenierdelatour.be\/brocante\/?post_type=product&#038;p=5213"},"modified":"2023-05-29T19:22:34","modified_gmt":"2023-05-29T17:22:34","slug":"soupiere-bleue-claire-villeroy-boch-mettlach","status":"publish","type":"product","link":"https:\/\/legrenierdelatour.be\/brocante\/produit\/soupiere-bleue-claire-villeroy-boch-mettlach\/","title":{"rendered":"Soupi\u00e8re bleue claire, Villeroy &#038; Boch Mettlach"},"content":{"rendered":"<p>Grande soupi\u00e8re (27 cm de diam\u00e8tre\/27 cm de haut avec couvercle) bleu clair, issue de la manufacture Villeroy et Boch Mettlach. D\u2019apr\u00e8s le cachet, elle date sans doute de la fin du 19\u00e8 si\u00e8cle (apr\u00e8s 1974), d\u00e9but du 20\u00e8 si\u00e8cle. Elle est en bon \u00e9tat, si ce n\u2019est un coup sur le pied.<\/p>\n<div>R\u00e9f 20.74<\/div>\n","protected":false},"excerpt":{"rendered":"<p>Grande soupi\u00e8re (27 cm de diam\u00e8tre\/27 cm de haut avec couvercle) bleu clair, issue de la manufacture Villeroy et Boch Mettlach. D\u2019apr\u00e8s le cachet, elle date sans doute de la fin du 19\u00e8 si\u00e8cle (apr\u00e8s 1974), d\u00e9but du 20\u00e8 si\u00e8cle. Elle est en bon \u00e9tat, si ce n\u2019est un coup sur le pied. R\u00e9f 20.74<\/p>\n","protected":false},"featured_media":5214,"comment_status":"open","ping_status":"closed","template":"","meta":{"neve_meta_sidebar":"","neve_meta_container":"","neve_meta_enable_content_width":"off","neve_meta_content_width":100,"neve_meta_title_alignment":"","neve_meta_author_avatar":"","neve_post_elements_order":"","neve_meta_disable_header":"","neve_meta_disable_footer":"","neve_meta_disable_title":""},"product_brand":[],"product_cat":[172,16,165,29],"product_tag":[19,33,32],"class_list":{"0":"post-5213","1":"product","2":"type-product","3":"status-publish","4":"has-post-thumbnail","6":"product_cat-en-cuisine","7":"product_cat-ceramique","8":"product_cat-luxembourg","9":"product_cat-villeroy-boch","10":"product_tag-faience","11":"product_tag-mettlach","12":"product_tag-villeroy-et-boch","14":"first","15":"instock","16":"shipping-taxable","17":"purchasable","18":"product-type-simple"},"_links":{"self":[{"href":"https:\/\/legrenierdelatour.be\/brocante\/wp-json\/wp\/v2\/product\/5213","targetHints":{"allow":["GET"]}}],"collection":[{"href":"https:\/\/legrenierdelatour.be\/brocante\/wp-json\/wp\/v2\/product"}],"about":[{"href":"https:\/\/legrenierdelatour.be\/brocante\/wp-json\/wp\/v2\/types\/product"}],"replies":[{"embeddable":true,"href":"https:\/\/legrenierdelatour.be\/brocante\/wp-json\/wp\/v2\/comments?post=5213"}],"wp:featuredmedia":[{"embeddable":true,"href":"https:\/\/legrenierdelatour.be\/brocante\/wp-json\/wp\/v2\/media\/5214"}],"wp:attachment":[{"href":"https:\/\/legrenierdelatour.be\/brocante\/wp-json\/wp\/v2\/media?parent=5213"}],"wp:term":[{"taxonomy":"product_brand","embeddable":true,"href":"https:\/\/legrenierdelatour.be\/brocante\/wp-json\/wp\/v2\/product_brand?post=5213"},{"taxonomy":"product_cat","embeddable":true,"href":"https:\/\/legrenierdelatour.be\/brocante\/wp-json\/wp\/v2\/product_cat?post=5213"},{"taxonomy":"product_tag","embeddable":true,"href":"https:\/\/legrenierdelatour.be\/brocante\/wp-json\/wp\/v2\/product_tag?post=5213"}],"curies":[{"name":"wp","href":"https:\/\/api.w.org\/{rel}","templated":true}]}}