{"id":5201,"date":"2023-05-28T17:21:10","date_gmt":"2023-05-28T15:21:10","guid":{"rendered":"https:\/\/legrenierdelatour.be\/brocante\/?post_type=product&#038;p=5201"},"modified":"2023-05-28T17:21:10","modified_gmt":"2023-05-28T15:21:10","slug":"lithographie-couleur-gerard-claude-mersch-1986","status":"publish","type":"product","link":"https:\/\/legrenierdelatour.be\/brocante\/produit\/lithographie-couleur-gerard-claude-mersch-1986\/","title":{"rendered":"Lithographie couleur, G\u00e9rard Claude, Mersch 1986"},"content":{"rendered":"<p>Lithographie sign\u00e9e et num\u00e9rot\u00e9e de G\u00e9rard Claude (n\u00e9 en 1956 \u00e0 Esch-sur-Alzette) et repr\u00e9sentant le Ruisseau \u00e0 Mersch . Elle est num\u00e9rot\u00e9e 20\/65 et dat\u00e9e de 1986.<br \/>\nR\u00e9f 7.65b<\/p>\n","protected":false},"excerpt":{"rendered":"<p>Lithographie sign\u00e9e et num\u00e9rot\u00e9e de G\u00e9rard Claude (n\u00e9 en 1956 \u00e0 Esch-sur-Alzette) et repr\u00e9sentant le Ruisseau \u00e0 Mersch . Elle est num\u00e9rot\u00e9e 20\/65 et dat\u00e9e de 1986. R\u00e9f 7.65b<\/p>\n","protected":false},"featured_media":5198,"comment_status":"open","ping_status":"closed","template":"","meta":{"neve_meta_sidebar":"","neve_meta_container":"","neve_meta_enable_content_width":"off","neve_meta_content_width":100,"neve_meta_title_alignment":"","neve_meta_author_avatar":"","neve_post_elements_order":"","neve_meta_disable_header":"","neve_meta_disable_footer":"","neve_meta_disable_title":""},"product_brand":[],"product_cat":[30,166,167],"product_tag":[79,83],"class_list":{"0":"post-5201","1":"product","2":"type-product","3":"status-publish","4":"has-post-thumbnail","6":"product_cat-luxemburgensia","7":"product_cat-luxemburgensia-luxemburgensia","8":"product_cat-peintures-et-sculptures","9":"product_tag-art","10":"product_tag-luxemburgensia","12":"first","13":"instock","14":"shipping-taxable","15":"purchasable","16":"product-type-simple"},"_links":{"self":[{"href":"https:\/\/legrenierdelatour.be\/brocante\/wp-json\/wp\/v2\/product\/5201","targetHints":{"allow":["GET"]}}],"collection":[{"href":"https:\/\/legrenierdelatour.be\/brocante\/wp-json\/wp\/v2\/product"}],"about":[{"href":"https:\/\/legrenierdelatour.be\/brocante\/wp-json\/wp\/v2\/types\/product"}],"replies":[{"embeddable":true,"href":"https:\/\/legrenierdelatour.be\/brocante\/wp-json\/wp\/v2\/comments?post=5201"}],"wp:featuredmedia":[{"embeddable":true,"href":"https:\/\/legrenierdelatour.be\/brocante\/wp-json\/wp\/v2\/media\/5198"}],"wp:attachment":[{"href":"https:\/\/legrenierdelatour.be\/brocante\/wp-json\/wp\/v2\/media?parent=5201"}],"wp:term":[{"taxonomy":"product_brand","embeddable":true,"href":"https:\/\/legrenierdelatour.be\/brocante\/wp-json\/wp\/v2\/product_brand?post=5201"},{"taxonomy":"product_cat","embeddable":true,"href":"https:\/\/legrenierdelatour.be\/brocante\/wp-json\/wp\/v2\/product_cat?post=5201"},{"taxonomy":"product_tag","embeddable":true,"href":"https:\/\/legrenierdelatour.be\/brocante\/wp-json\/wp\/v2\/product_tag?post=5201"}],"curies":[{"name":"wp","href":"https:\/\/api.w.org\/{rel}","templated":true}]}}