{"id":520,"date":"2022-03-02T08:53:57","date_gmt":"2022-03-02T07:53:57","guid":{"rendered":"https:\/\/legrenierdelatour.be\/brocante\/?post_type=product&#038;p=520"},"modified":"2022-05-19T17:23:49","modified_gmt":"2022-05-19T15:23:49","slug":"vase-bicolore-west-germany-559-20","status":"publish","type":"product","link":"https:\/\/legrenierdelatour.be\/brocante\/produit\/vase-bicolore-west-germany-559-20\/","title":{"rendered":"Vase bicolore West Germany 559\/20"},"content":{"rendered":"<p>Petit vase bicolore en gr\u00e8s verniss\u00e9 flamm\u00e9 brillant, avec rehauts dor\u00e9s, est de forme \u00ab\u00a0559\u00a0\u00bb pour une hauteur de \u00ab\u00a020\u00a0\u00bb cm. En parfait \u00e9tat, il a sans doute \u00e9t\u00e9 produit en Allemagne, dans les ann\u00e9es 1954-1965.<\/p>\n<p>R\u00e9f 7.71<\/p>\n<p>&nbsp;<\/p>\n","protected":false},"excerpt":{"rendered":"<p>Petit vase bicolore en gr\u00e8s verniss\u00e9 flamm\u00e9 brillant, avec rehauts dor\u00e9s, est de forme \u00ab\u00a0559\u00a0\u00bb pour une hauteur de \u00ab\u00a020\u00a0\u00bb cm. En parfait \u00e9tat, il a sans doute \u00e9t\u00e9 produit en Allemagne, dans les ann\u00e9es 1954-1965. R\u00e9f 7.71 &nbsp;<\/p>\n","protected":false},"featured_media":500,"comment_status":"open","ping_status":"closed","template":"","meta":{"neve_meta_sidebar":"","neve_meta_container":"","neve_meta_enable_content_width":"off","neve_meta_content_width":100,"neve_meta_title_alignment":"","neve_meta_author_avatar":"","neve_post_elements_order":"","neve_meta_disable_header":"","neve_meta_disable_footer":"","neve_meta_disable_title":""},"product_brand":[],"product_cat":[15,48,53,16,47],"product_tag":[19,28,49],"class_list":{"0":"post-520","1":"product","2":"type-product","3":"status-publish","4":"has-post-thumbnail","6":"product_cat-non-classe","7":"product_cat-allemagne","8":"product_cat-bay","9":"product_cat-ceramique","10":"product_cat-west-germany","11":"product_tag-faience","12":"product_tag-vintage","13":"product_tag-west-germany","15":"first","16":"instock","17":"shipping-taxable","18":"purchasable","19":"product-type-simple"},"_links":{"self":[{"href":"https:\/\/legrenierdelatour.be\/brocante\/wp-json\/wp\/v2\/product\/520","targetHints":{"allow":["GET"]}}],"collection":[{"href":"https:\/\/legrenierdelatour.be\/brocante\/wp-json\/wp\/v2\/product"}],"about":[{"href":"https:\/\/legrenierdelatour.be\/brocante\/wp-json\/wp\/v2\/types\/product"}],"replies":[{"embeddable":true,"href":"https:\/\/legrenierdelatour.be\/brocante\/wp-json\/wp\/v2\/comments?post=520"}],"wp:featuredmedia":[{"embeddable":true,"href":"https:\/\/legrenierdelatour.be\/brocante\/wp-json\/wp\/v2\/media\/500"}],"wp:attachment":[{"href":"https:\/\/legrenierdelatour.be\/brocante\/wp-json\/wp\/v2\/media?parent=520"}],"wp:term":[{"taxonomy":"product_brand","embeddable":true,"href":"https:\/\/legrenierdelatour.be\/brocante\/wp-json\/wp\/v2\/product_brand?post=520"},{"taxonomy":"product_cat","embeddable":true,"href":"https:\/\/legrenierdelatour.be\/brocante\/wp-json\/wp\/v2\/product_cat?post=520"},{"taxonomy":"product_tag","embeddable":true,"href":"https:\/\/legrenierdelatour.be\/brocante\/wp-json\/wp\/v2\/product_tag?post=520"}],"curies":[{"name":"wp","href":"https:\/\/api.w.org\/{rel}","templated":true}]}}