{"id":5190,"date":"2023-05-13T21:13:10","date_gmt":"2023-05-13T19:13:10","guid":{"rendered":"https:\/\/legrenierdelatour.be\/brocante\/?post_type=product&#038;p=5190"},"modified":"2023-05-13T21:13:24","modified_gmt":"2023-05-13T19:13:24","slug":"vase-barteman-guerin-bouffioulx","status":"publish","type":"product","link":"https:\/\/legrenierdelatour.be\/brocante\/produit\/vase-barteman-guerin-bouffioulx\/","title":{"rendered":"Pichet Barteman Gu\u00e9rin Bouffioulx"},"content":{"rendered":"<p>Grand pichet (32 cm de haut) en gr\u00e8s \u00e9maill\u00e9 brun, avec figure de barbu. Il a \u00e9galement sur sa panse les \u00e9cussons des Provinces belges. Il est issu de la manufacture de Roger Guerin (1896-1954) \u00e0 Bouffioulx, dans la tradition des gr\u00e8s de Bouffioulx. Cette manufacture sera cr\u00e9\u00e9e en 1919 et se terminera en 1970. Il est marqu\u00e9 dessous, grav\u00e9 dans la terre, V30-A1. Il est en magnifique \u00e9tat.<\/p>\n<div>R\u00e9f 20.68<\/div>\n","protected":false},"excerpt":{"rendered":"<p>Grand pichet (32 cm de haut) en gr\u00e8s \u00e9maill\u00e9 brun, avec figure de barbu. Il a \u00e9galement sur sa panse les \u00e9cussons des Provinces belges. Il est issu de la manufacture de Roger Guerin (1896-1954) \u00e0 Bouffioulx, dans la tradition des gr\u00e8s de Bouffioulx. Cette manufacture sera cr\u00e9\u00e9e en 1919 et se terminera en 1970.&hellip;&nbsp;<a href=\"https:\/\/legrenierdelatour.be\/brocante\/produit\/vase-barteman-guerin-bouffioulx\/\" class=\"\" rel=\"bookmark\">Lire la suite &raquo;<span class=\"screen-reader-text\">Pichet Barteman Gu\u00e9rin Bouffioulx<\/span><\/a><\/p>\n","protected":false},"featured_media":5192,"comment_status":"open","ping_status":"closed","template":"","meta":{"neve_meta_sidebar":"","neve_meta_container":"","neve_meta_enable_content_width":"off","neve_meta_content_width":100,"neve_meta_title_alignment":"","neve_meta_author_avatar":"","neve_post_elements_order":"","neve_meta_disable_header":"","neve_meta_disable_footer":"","neve_meta_disable_title":""},"product_brand":[],"product_cat":[37,16],"product_tag":[40,113],"class_list":{"0":"post-5190","1":"product","2":"type-product","3":"status-publish","4":"has-post-thumbnail","6":"product_cat-belgique","7":"product_cat-ceramique","8":"product_tag-belgique","9":"product_tag-gres","11":"first","12":"instock","13":"shipping-taxable","14":"purchasable","15":"product-type-simple"},"_links":{"self":[{"href":"https:\/\/legrenierdelatour.be\/brocante\/wp-json\/wp\/v2\/product\/5190","targetHints":{"allow":["GET"]}}],"collection":[{"href":"https:\/\/legrenierdelatour.be\/brocante\/wp-json\/wp\/v2\/product"}],"about":[{"href":"https:\/\/legrenierdelatour.be\/brocante\/wp-json\/wp\/v2\/types\/product"}],"replies":[{"embeddable":true,"href":"https:\/\/legrenierdelatour.be\/brocante\/wp-json\/wp\/v2\/comments?post=5190"}],"wp:featuredmedia":[{"embeddable":true,"href":"https:\/\/legrenierdelatour.be\/brocante\/wp-json\/wp\/v2\/media\/5192"}],"wp:attachment":[{"href":"https:\/\/legrenierdelatour.be\/brocante\/wp-json\/wp\/v2\/media?parent=5190"}],"wp:term":[{"taxonomy":"product_brand","embeddable":true,"href":"https:\/\/legrenierdelatour.be\/brocante\/wp-json\/wp\/v2\/product_brand?post=5190"},{"taxonomy":"product_cat","embeddable":true,"href":"https:\/\/legrenierdelatour.be\/brocante\/wp-json\/wp\/v2\/product_cat?post=5190"},{"taxonomy":"product_tag","embeddable":true,"href":"https:\/\/legrenierdelatour.be\/brocante\/wp-json\/wp\/v2\/product_tag?post=5190"}],"curies":[{"name":"wp","href":"https:\/\/api.w.org\/{rel}","templated":true}]}}