{"id":518,"date":"2022-03-01T18:32:44","date_gmt":"2022-03-01T17:32:44","guid":{"rendered":"https:\/\/legrenierdelatour.be\/brocante\/?post_type=product&#038;p=518"},"modified":"2022-03-12T17:19:57","modified_gmt":"2022-03-12T16:19:57","slug":"grand-vase-west-germany-403-30-bay","status":"publish","type":"product","link":"https:\/\/legrenierdelatour.be\/brocante\/produit\/grand-vase-west-germany-403-30-bay\/","title":{"rendered":"Grand vase West Germany 403-30 Bay"},"content":{"rendered":"<p>Grand vase, de forme \u00ab\u00a0403\u00a0\u00bb et de hauteur \u00ab\u00a030\u00a0\u00bb cm, en tr\u00e8s bon \u00e9tat. Une \u00e9tiquette est visible, reprenant le sigle de Bay Keramik, des ann\u00e9es 1957-1962. Le vase est peint \u00e0 la main.<\/p>\n<p>R\u00e9f 7.28<\/p>\n","protected":false},"excerpt":{"rendered":"<p>Grand vase, de forme \u00ab\u00a0403\u00a0\u00bb et de hauteur \u00ab\u00a030\u00a0\u00bb cm, en tr\u00e8s bon \u00e9tat. Une \u00e9tiquette est visible, reprenant le sigle de Bay Keramik, des ann\u00e9es 1957-1962. Le vase est peint \u00e0 la main. R\u00e9f 7.28<\/p>\n","protected":false},"featured_media":484,"comment_status":"open","ping_status":"closed","template":"","meta":{"neve_meta_sidebar":"","neve_meta_container":"","neve_meta_enable_content_width":"off","neve_meta_content_width":100,"neve_meta_title_alignment":"","neve_meta_author_avatar":"","neve_post_elements_order":"","neve_meta_disable_header":"","neve_meta_disable_footer":"","neve_meta_disable_title":""},"product_brand":[],"product_cat":[15,48,53,16,47],"product_tag":[51,19,49],"class_list":{"0":"post-518","1":"product","2":"type-product","3":"status-publish","4":"has-post-thumbnail","6":"product_cat-non-classe","7":"product_cat-allemagne","8":"product_cat-bay","9":"product_cat-ceramique","10":"product_cat-west-germany","11":"product_tag-bay","12":"product_tag-faience","13":"product_tag-west-germany","15":"first","16":"instock","17":"shipping-taxable","18":"purchasable","19":"product-type-simple"},"_links":{"self":[{"href":"https:\/\/legrenierdelatour.be\/brocante\/wp-json\/wp\/v2\/product\/518","targetHints":{"allow":["GET"]}}],"collection":[{"href":"https:\/\/legrenierdelatour.be\/brocante\/wp-json\/wp\/v2\/product"}],"about":[{"href":"https:\/\/legrenierdelatour.be\/brocante\/wp-json\/wp\/v2\/types\/product"}],"replies":[{"embeddable":true,"href":"https:\/\/legrenierdelatour.be\/brocante\/wp-json\/wp\/v2\/comments?post=518"}],"wp:featuredmedia":[{"embeddable":true,"href":"https:\/\/legrenierdelatour.be\/brocante\/wp-json\/wp\/v2\/media\/484"}],"wp:attachment":[{"href":"https:\/\/legrenierdelatour.be\/brocante\/wp-json\/wp\/v2\/media?parent=518"}],"wp:term":[{"taxonomy":"product_brand","embeddable":true,"href":"https:\/\/legrenierdelatour.be\/brocante\/wp-json\/wp\/v2\/product_brand?post=518"},{"taxonomy":"product_cat","embeddable":true,"href":"https:\/\/legrenierdelatour.be\/brocante\/wp-json\/wp\/v2\/product_cat?post=518"},{"taxonomy":"product_tag","embeddable":true,"href":"https:\/\/legrenierdelatour.be\/brocante\/wp-json\/wp\/v2\/product_tag?post=518"}],"curies":[{"name":"wp","href":"https:\/\/api.w.org\/{rel}","templated":true}]}}