{"id":5174,"date":"2023-05-13T19:19:16","date_gmt":"2023-05-13T17:19:16","guid":{"rendered":"https:\/\/legrenierdelatour.be\/brocante\/?post_type=product&#038;p=5174"},"modified":"2023-05-13T19:19:16","modified_gmt":"2023-05-13T17:19:16","slug":"grande-assiette-fleurie-boch-la-louviere","status":"publish","type":"product","link":"https:\/\/legrenierdelatour.be\/brocante\/produit\/grande-assiette-fleurie-boch-la-louviere\/","title":{"rendered":"Grande assiette fleurie, Boch La Louvi\u00e8re"},"content":{"rendered":"<p>Grande assiette (28 cm de diam\u00e8tre) de la manufacture Boch La Louvi\u00e8re en Belgique. Cette assiette ou plat creux porte un d\u00e9cor fleuri. Cette assiette date sans doute des ann\u00e9es 1950 et est en excellent \u00e9tat.<\/p>\n<div>R\u00e9f 20.64<\/div>\n","protected":false},"excerpt":{"rendered":"<p>Grande assiette (28 cm de diam\u00e8tre) de la manufacture Boch La Louvi\u00e8re en Belgique. Cette assiette ou plat creux porte un d\u00e9cor fleuri. Cette assiette date sans doute des ann\u00e9es 1950 et est en excellent \u00e9tat. R\u00e9f 20.64<\/p>\n","protected":false},"featured_media":5176,"comment_status":"open","ping_status":"closed","template":"","meta":{"neve_meta_sidebar":"","neve_meta_container":"","neve_meta_enable_content_width":"off","neve_meta_content_width":100,"neve_meta_title_alignment":"","neve_meta_author_avatar":"","neve_post_elements_order":"","neve_meta_disable_header":"","neve_meta_disable_footer":"","neve_meta_disable_title":""},"product_brand":[],"product_cat":[37,175,16],"product_tag":[20,19,28],"class_list":{"0":"post-5174","1":"product","2":"type-product","3":"status-publish","4":"has-post-thumbnail","6":"product_cat-belgique","7":"product_cat-boch","8":"product_cat-ceramique","9":"product_tag-boch","10":"product_tag-faience","11":"product_tag-vintage","13":"first","14":"instock","15":"shipping-taxable","16":"purchasable","17":"product-type-simple"},"_links":{"self":[{"href":"https:\/\/legrenierdelatour.be\/brocante\/wp-json\/wp\/v2\/product\/5174","targetHints":{"allow":["GET"]}}],"collection":[{"href":"https:\/\/legrenierdelatour.be\/brocante\/wp-json\/wp\/v2\/product"}],"about":[{"href":"https:\/\/legrenierdelatour.be\/brocante\/wp-json\/wp\/v2\/types\/product"}],"replies":[{"embeddable":true,"href":"https:\/\/legrenierdelatour.be\/brocante\/wp-json\/wp\/v2\/comments?post=5174"}],"wp:featuredmedia":[{"embeddable":true,"href":"https:\/\/legrenierdelatour.be\/brocante\/wp-json\/wp\/v2\/media\/5176"}],"wp:attachment":[{"href":"https:\/\/legrenierdelatour.be\/brocante\/wp-json\/wp\/v2\/media?parent=5174"}],"wp:term":[{"taxonomy":"product_brand","embeddable":true,"href":"https:\/\/legrenierdelatour.be\/brocante\/wp-json\/wp\/v2\/product_brand?post=5174"},{"taxonomy":"product_cat","embeddable":true,"href":"https:\/\/legrenierdelatour.be\/brocante\/wp-json\/wp\/v2\/product_cat?post=5174"},{"taxonomy":"product_tag","embeddable":true,"href":"https:\/\/legrenierdelatour.be\/brocante\/wp-json\/wp\/v2\/product_tag?post=5174"}],"curies":[{"name":"wp","href":"https:\/\/api.w.org\/{rel}","templated":true}]}}