{"id":5171,"date":"2023-05-13T19:09:30","date_gmt":"2023-05-13T17:09:30","guid":{"rendered":"https:\/\/legrenierdelatour.be\/brocante\/?post_type=product&#038;p=5171"},"modified":"2023-05-13T19:09:30","modified_gmt":"2023-05-13T17:09:30","slug":"petite-theiere-jaune-pale-vintage","status":"publish","type":"product","link":"https:\/\/legrenierdelatour.be\/brocante\/produit\/petite-theiere-jaune-pale-vintage\/","title":{"rendered":"Petite th\u00e9i\u00e8re jaune p\u00e2le Vintage"},"content":{"rendered":"<p>Petite th\u00e9i\u00e8re (11 cm de haut couvercle compris), sans indication de manufacture. Elle date sans doute des ann\u00e9es 1970-80 et est en parfait \u00e9tat.<\/p>\n<div>R\u00e9f 20.63<\/div>\n","protected":false},"excerpt":{"rendered":"<p>Petite th\u00e9i\u00e8re (11 cm de haut couvercle compris), sans indication de manufacture. Elle date sans doute des ann\u00e9es 1970-80 et est en parfait \u00e9tat. R\u00e9f 20.63<\/p>\n","protected":false},"featured_media":5172,"comment_status":"open","ping_status":"closed","template":"","meta":{"neve_meta_sidebar":"","neve_meta_container":"","neve_meta_enable_content_width":"off","neve_meta_content_width":100,"neve_meta_title_alignment":"","neve_meta_author_avatar":"","neve_post_elements_order":"","neve_meta_disable_header":"","neve_meta_disable_footer":"","neve_meta_disable_title":""},"product_brand":[],"product_cat":[172,16],"product_tag":[19,28],"class_list":{"0":"post-5171","1":"product","2":"type-product","3":"status-publish","4":"has-post-thumbnail","6":"product_cat-en-cuisine","7":"product_cat-ceramique","8":"product_tag-faience","9":"product_tag-vintage","11":"first","12":"instock","13":"shipping-taxable","14":"purchasable","15":"product-type-simple"},"_links":{"self":[{"href":"https:\/\/legrenierdelatour.be\/brocante\/wp-json\/wp\/v2\/product\/5171","targetHints":{"allow":["GET"]}}],"collection":[{"href":"https:\/\/legrenierdelatour.be\/brocante\/wp-json\/wp\/v2\/product"}],"about":[{"href":"https:\/\/legrenierdelatour.be\/brocante\/wp-json\/wp\/v2\/types\/product"}],"replies":[{"embeddable":true,"href":"https:\/\/legrenierdelatour.be\/brocante\/wp-json\/wp\/v2\/comments?post=5171"}],"wp:featuredmedia":[{"embeddable":true,"href":"https:\/\/legrenierdelatour.be\/brocante\/wp-json\/wp\/v2\/media\/5172"}],"wp:attachment":[{"href":"https:\/\/legrenierdelatour.be\/brocante\/wp-json\/wp\/v2\/media?parent=5171"}],"wp:term":[{"taxonomy":"product_brand","embeddable":true,"href":"https:\/\/legrenierdelatour.be\/brocante\/wp-json\/wp\/v2\/product_brand?post=5171"},{"taxonomy":"product_cat","embeddable":true,"href":"https:\/\/legrenierdelatour.be\/brocante\/wp-json\/wp\/v2\/product_cat?post=5171"},{"taxonomy":"product_tag","embeddable":true,"href":"https:\/\/legrenierdelatour.be\/brocante\/wp-json\/wp\/v2\/product_tag?post=5171"}],"curies":[{"name":"wp","href":"https:\/\/api.w.org\/{rel}","templated":true}]}}