{"id":5143,"date":"2023-05-10T20:09:21","date_gmt":"2023-05-10T18:09:21","guid":{"rendered":"https:\/\/legrenierdelatour.be\/brocante\/?post_type=product&#038;p=5143"},"modified":"2023-05-10T20:09:21","modified_gmt":"2023-05-10T18:09:21","slug":"vas-u-keramik-251-13","status":"publish","type":"product","link":"https:\/\/legrenierdelatour.be\/brocante\/produit\/vas-u-keramik-251-13\/","title":{"rendered":"Vas \u00dc Keramik 251\/13"},"content":{"rendered":"<p>Beau vase boule (13 cm de haut), avec un d\u00e9cor floral grav\u00e9 sur deux faces. Il porte le num\u00e9ro de forme 251\/13. Il est issu de la manufacture \u00dc Keramik (1909-1990) \u00e0 Ransbach Baumbach en Allemagne. Il est en parfait \u00e9tat.<\/p>\n<div>R\u00e9f 20.56<\/div>\n","protected":false},"excerpt":{"rendered":"<p>Beau vase boule (13 cm de haut), avec un d\u00e9cor floral grav\u00e9 sur deux faces. Il porte le num\u00e9ro de forme 251\/13. Il est issu de la manufacture \u00dc Keramik (1909-1990) \u00e0 Ransbach Baumbach en Allemagne. Il est en parfait \u00e9tat. R\u00e9f 20.56<\/p>\n","protected":false},"featured_media":5144,"comment_status":"open","ping_status":"closed","template":"","meta":{"neve_meta_sidebar":"","neve_meta_container":"","neve_meta_enable_content_width":"off","neve_meta_content_width":100,"neve_meta_title_alignment":"","neve_meta_author_avatar":"","neve_post_elements_order":"","neve_meta_disable_header":"","neve_meta_disable_footer":"","neve_meta_disable_title":""},"product_brand":[],"product_cat":[48,16,47],"product_tag":[49],"class_list":{"0":"post-5143","1":"product","2":"type-product","3":"status-publish","4":"has-post-thumbnail","6":"product_cat-allemagne","7":"product_cat-ceramique","8":"product_cat-west-germany","9":"product_tag-west-germany","11":"first","12":"instock","13":"shipping-taxable","14":"purchasable","15":"product-type-simple"},"_links":{"self":[{"href":"https:\/\/legrenierdelatour.be\/brocante\/wp-json\/wp\/v2\/product\/5143","targetHints":{"allow":["GET"]}}],"collection":[{"href":"https:\/\/legrenierdelatour.be\/brocante\/wp-json\/wp\/v2\/product"}],"about":[{"href":"https:\/\/legrenierdelatour.be\/brocante\/wp-json\/wp\/v2\/types\/product"}],"replies":[{"embeddable":true,"href":"https:\/\/legrenierdelatour.be\/brocante\/wp-json\/wp\/v2\/comments?post=5143"}],"wp:featuredmedia":[{"embeddable":true,"href":"https:\/\/legrenierdelatour.be\/brocante\/wp-json\/wp\/v2\/media\/5144"}],"wp:attachment":[{"href":"https:\/\/legrenierdelatour.be\/brocante\/wp-json\/wp\/v2\/media?parent=5143"}],"wp:term":[{"taxonomy":"product_brand","embeddable":true,"href":"https:\/\/legrenierdelatour.be\/brocante\/wp-json\/wp\/v2\/product_brand?post=5143"},{"taxonomy":"product_cat","embeddable":true,"href":"https:\/\/legrenierdelatour.be\/brocante\/wp-json\/wp\/v2\/product_cat?post=5143"},{"taxonomy":"product_tag","embeddable":true,"href":"https:\/\/legrenierdelatour.be\/brocante\/wp-json\/wp\/v2\/product_tag?post=5143"}],"curies":[{"name":"wp","href":"https:\/\/api.w.org\/{rel}","templated":true}]}}