{"id":5135,"date":"2023-05-03T16:31:26","date_gmt":"2023-05-03T14:31:26","guid":{"rendered":"https:\/\/legrenierdelatour.be\/brocante\/?post_type=product&#038;p=5135"},"modified":"2023-05-03T16:31:26","modified_gmt":"2023-05-03T14:31:26","slug":"bouquet-dete-eugene-schergen","status":"publish","type":"product","link":"https:\/\/legrenierdelatour.be\/brocante\/produit\/bouquet-dete-eugene-schergen\/","title":{"rendered":"Bouquet d&rsquo;Et\u00e9, Eug\u00e8ne Schergen"},"content":{"rendered":"<p>Belle peinture de fleurs (66&#215;58 cm cadre compris) en acrylique sur panneau de bois, repr\u00e9sentant un bouquet de fleurs et sign\u00e9e E.Schergen, Eug\u00e8ne Schergen (1902-1974). Si le cadre (sans grande valeur) a quelques manquements, la peinture est quant \u00e0 elle en tr\u00e8s bon \u00e9tat. Cette oeuvre typique de Eug\u00e8ne Schergen date sans doute des ann\u00e9es 1950-70.<\/p>\n<div>R\u00e9f 20.52<\/div>\n","protected":false},"excerpt":{"rendered":"<p>Belle peinture de fleurs (66&#215;58 cm cadre compris) en acrylique sur panneau de bois, repr\u00e9sentant un bouquet de fleurs et sign\u00e9e E.Schergen, Eug\u00e8ne Schergen (1902-1974). Si le cadre (sans grande valeur) a quelques manquements, la peinture est quant \u00e0 elle en tr\u00e8s bon \u00e9tat. Cette oeuvre typique de Eug\u00e8ne Schergen date sans doute des ann\u00e9es&hellip;&nbsp;<a href=\"https:\/\/legrenierdelatour.be\/brocante\/produit\/bouquet-dete-eugene-schergen\/\" class=\"\" rel=\"bookmark\">Lire la suite &raquo;<span class=\"screen-reader-text\">Bouquet d&rsquo;Et\u00e9, Eug\u00e8ne Schergen<\/span><\/a><\/p>\n","protected":false},"featured_media":5124,"comment_status":"open","ping_status":"closed","template":"","meta":{"neve_meta_sidebar":"","neve_meta_container":"","neve_meta_enable_content_width":"off","neve_meta_content_width":100,"neve_meta_title_alignment":"","neve_meta_author_avatar":"","neve_post_elements_order":"","neve_meta_disable_header":"","neve_meta_disable_footer":"","neve_meta_disable_title":""},"product_brand":[],"product_cat":[30,166,167],"product_tag":[79,83],"class_list":{"0":"post-5135","1":"product","2":"type-product","3":"status-publish","4":"has-post-thumbnail","6":"product_cat-luxemburgensia","7":"product_cat-luxemburgensia-luxemburgensia","8":"product_cat-peintures-et-sculptures","9":"product_tag-art","10":"product_tag-luxemburgensia","12":"first","13":"instock","14":"shipping-taxable","15":"purchasable","16":"product-type-simple"},"_links":{"self":[{"href":"https:\/\/legrenierdelatour.be\/brocante\/wp-json\/wp\/v2\/product\/5135","targetHints":{"allow":["GET"]}}],"collection":[{"href":"https:\/\/legrenierdelatour.be\/brocante\/wp-json\/wp\/v2\/product"}],"about":[{"href":"https:\/\/legrenierdelatour.be\/brocante\/wp-json\/wp\/v2\/types\/product"}],"replies":[{"embeddable":true,"href":"https:\/\/legrenierdelatour.be\/brocante\/wp-json\/wp\/v2\/comments?post=5135"}],"wp:featuredmedia":[{"embeddable":true,"href":"https:\/\/legrenierdelatour.be\/brocante\/wp-json\/wp\/v2\/media\/5124"}],"wp:attachment":[{"href":"https:\/\/legrenierdelatour.be\/brocante\/wp-json\/wp\/v2\/media?parent=5135"}],"wp:term":[{"taxonomy":"product_brand","embeddable":true,"href":"https:\/\/legrenierdelatour.be\/brocante\/wp-json\/wp\/v2\/product_brand?post=5135"},{"taxonomy":"product_cat","embeddable":true,"href":"https:\/\/legrenierdelatour.be\/brocante\/wp-json\/wp\/v2\/product_cat?post=5135"},{"taxonomy":"product_tag","embeddable":true,"href":"https:\/\/legrenierdelatour.be\/brocante\/wp-json\/wp\/v2\/product_tag?post=5135"}],"curies":[{"name":"wp","href":"https:\/\/api.w.org\/{rel}","templated":true}]}}