{"id":513,"date":"2022-03-01T18:02:32","date_gmt":"2022-03-01T17:02:32","guid":{"rendered":"https:\/\/legrenierdelatour.be\/brocante\/?post_type=product&#038;p=513"},"modified":"2022-03-12T17:20:30","modified_gmt":"2022-03-12T16:20:30","slug":"vase-double-west-germany-455","status":"publish","type":"product","link":"https:\/\/legrenierdelatour.be\/brocante\/produit\/vase-double-west-germany-455\/","title":{"rendered":"Vase double West Germany 455"},"content":{"rendered":"<p>Joli vase double (13 cm de haut) avec rayures dor\u00e9es peintes \u00e0 la main, sans doute une production allemande des ann\u00e9es 1960. Le num\u00e9ro de forme \u00ab\u00a0455\u00a0\u00bb est visible sur le fond.<\/p>\n<p>R\u00e9f 7.23<\/p>\n","protected":false},"excerpt":{"rendered":"<p>Joli vase double (13 cm de haut) avec rayures dor\u00e9es peintes \u00e0 la main, sans doute une production allemande des ann\u00e9es 1960. Le num\u00e9ro de forme \u00ab\u00a0455\u00a0\u00bb est visible sur le fond. R\u00e9f 7.23<\/p>\n","protected":false},"featured_media":480,"comment_status":"open","ping_status":"closed","template":"","meta":{"neve_meta_sidebar":"","neve_meta_container":"","neve_meta_enable_content_width":"off","neve_meta_content_width":100,"neve_meta_title_alignment":"","neve_meta_author_avatar":"","neve_post_elements_order":"","neve_meta_disable_header":"","neve_meta_disable_footer":"","neve_meta_disable_title":""},"product_brand":[],"product_cat":[15,48,47],"product_tag":[19,28,49],"class_list":{"0":"post-513","1":"product","2":"type-product","3":"status-publish","4":"has-post-thumbnail","6":"product_cat-non-classe","7":"product_cat-allemagne","8":"product_cat-west-germany","9":"product_tag-faience","10":"product_tag-vintage","11":"product_tag-west-germany","13":"first","14":"instock","15":"shipping-taxable","16":"purchasable","17":"product-type-simple"},"_links":{"self":[{"href":"https:\/\/legrenierdelatour.be\/brocante\/wp-json\/wp\/v2\/product\/513","targetHints":{"allow":["GET"]}}],"collection":[{"href":"https:\/\/legrenierdelatour.be\/brocante\/wp-json\/wp\/v2\/product"}],"about":[{"href":"https:\/\/legrenierdelatour.be\/brocante\/wp-json\/wp\/v2\/types\/product"}],"replies":[{"embeddable":true,"href":"https:\/\/legrenierdelatour.be\/brocante\/wp-json\/wp\/v2\/comments?post=513"}],"wp:featuredmedia":[{"embeddable":true,"href":"https:\/\/legrenierdelatour.be\/brocante\/wp-json\/wp\/v2\/media\/480"}],"wp:attachment":[{"href":"https:\/\/legrenierdelatour.be\/brocante\/wp-json\/wp\/v2\/media?parent=513"}],"wp:term":[{"taxonomy":"product_brand","embeddable":true,"href":"https:\/\/legrenierdelatour.be\/brocante\/wp-json\/wp\/v2\/product_brand?post=513"},{"taxonomy":"product_cat","embeddable":true,"href":"https:\/\/legrenierdelatour.be\/brocante\/wp-json\/wp\/v2\/product_cat?post=513"},{"taxonomy":"product_tag","embeddable":true,"href":"https:\/\/legrenierdelatour.be\/brocante\/wp-json\/wp\/v2\/product_tag?post=513"}],"curies":[{"name":"wp","href":"https:\/\/api.w.org\/{rel}","templated":true}]}}