{"id":5101,"date":"2023-05-03T14:46:51","date_gmt":"2023-05-03T12:46:51","guid":{"rendered":"https:\/\/legrenierdelatour.be\/brocante\/?post_type=product&#038;p=5101"},"modified":"2023-05-03T15:03:21","modified_gmt":"2023-05-03T13:03:21","slug":"gravure-de-luxembourg-morin-jean","status":"publish","type":"product","link":"https:\/\/legrenierdelatour.be\/brocante\/produit\/gravure-de-luxembourg-morin-jean\/","title":{"rendered":"Gravure de Luxembourg, Morin-Jean"},"content":{"rendered":"<p>Gravure (47x 37,5 cm cadre compris) d\u2019une gravure de Luxembourg, sign\u00e9e par Jean Alexis Joseph Morin (1877-1940) dit Morin-Jean. Il a essentiellemet travaill\u00e9 comme graveur, et illustr\u00e9 de nombreux ouvrages.Elle est en bon \u00e9tat et a \u00e9t\u00e9 encadr\u00e9e par \u00ab\u00a0Galerie Kutter \u00e9ditions\u00a0\u00bb. Cette gravure date des ann\u00e9es 1930, vraisemblablement. Pr\u00e9sence d\u2019un timbre sec sur le papier : BLK.<\/p>\n<div>R\u00e9f 20.46<\/div>\n","protected":false},"excerpt":{"rendered":"<p>Gravure (47x 37,5 cm cadre compris) d\u2019une gravure de Luxembourg, sign\u00e9e par Jean Alexis Joseph Morin (1877-1940) dit Morin-Jean. Il a essentiellemet travaill\u00e9 comme graveur, et illustr\u00e9 de nombreux ouvrages.Elle est en bon \u00e9tat et a \u00e9t\u00e9 encadr\u00e9e par \u00ab\u00a0Galerie Kutter \u00e9ditions\u00a0\u00bb. Cette gravure date des ann\u00e9es 1930, vraisemblablement. Pr\u00e9sence d\u2019un timbre sec sur le&hellip;&nbsp;<a href=\"https:\/\/legrenierdelatour.be\/brocante\/produit\/gravure-de-luxembourg-morin-jean\/\" class=\"\" rel=\"bookmark\">Lire la suite &raquo;<span class=\"screen-reader-text\">Gravure de Luxembourg, Morin-Jean<\/span><\/a><\/p>\n","protected":false},"featured_media":5106,"comment_status":"open","ping_status":"closed","template":"","meta":{"neve_meta_sidebar":"","neve_meta_container":"","neve_meta_enable_content_width":"off","neve_meta_content_width":100,"neve_meta_title_alignment":"","neve_meta_author_avatar":"","neve_post_elements_order":"","neve_meta_disable_header":"","neve_meta_disable_footer":"","neve_meta_disable_title":""},"product_brand":[],"product_cat":[30,166,167],"product_tag":[79,83],"class_list":{"0":"post-5101","1":"product","2":"type-product","3":"status-publish","4":"has-post-thumbnail","6":"product_cat-luxemburgensia","7":"product_cat-luxemburgensia-luxemburgensia","8":"product_cat-peintures-et-sculptures","9":"product_tag-art","10":"product_tag-luxemburgensia","12":"first","13":"instock","14":"shipping-taxable","15":"purchasable","16":"product-type-simple"},"_links":{"self":[{"href":"https:\/\/legrenierdelatour.be\/brocante\/wp-json\/wp\/v2\/product\/5101","targetHints":{"allow":["GET"]}}],"collection":[{"href":"https:\/\/legrenierdelatour.be\/brocante\/wp-json\/wp\/v2\/product"}],"about":[{"href":"https:\/\/legrenierdelatour.be\/brocante\/wp-json\/wp\/v2\/types\/product"}],"replies":[{"embeddable":true,"href":"https:\/\/legrenierdelatour.be\/brocante\/wp-json\/wp\/v2\/comments?post=5101"}],"wp:featuredmedia":[{"embeddable":true,"href":"https:\/\/legrenierdelatour.be\/brocante\/wp-json\/wp\/v2\/media\/5106"}],"wp:attachment":[{"href":"https:\/\/legrenierdelatour.be\/brocante\/wp-json\/wp\/v2\/media?parent=5101"}],"wp:term":[{"taxonomy":"product_brand","embeddable":true,"href":"https:\/\/legrenierdelatour.be\/brocante\/wp-json\/wp\/v2\/product_brand?post=5101"},{"taxonomy":"product_cat","embeddable":true,"href":"https:\/\/legrenierdelatour.be\/brocante\/wp-json\/wp\/v2\/product_cat?post=5101"},{"taxonomy":"product_tag","embeddable":true,"href":"https:\/\/legrenierdelatour.be\/brocante\/wp-json\/wp\/v2\/product_tag?post=5101"}],"curies":[{"name":"wp","href":"https:\/\/api.w.org\/{rel}","templated":true}]}}