{"id":5066,"date":"2023-05-01T20:43:50","date_gmt":"2023-05-01T18:43:50","guid":{"rendered":"https:\/\/legrenierdelatour.be\/brocante\/?post_type=product&#038;p=5066"},"modified":"2023-05-01T20:43:51","modified_gmt":"2023-05-01T18:43:51","slug":"assiette-meissen-villeroy-boch-wallerfangen","status":"publish","type":"product","link":"https:\/\/legrenierdelatour.be\/brocante\/produit\/assiette-meissen-villeroy-boch-wallerfangen\/","title":{"rendered":"Assiette Meissen Villeroy &#038; Boch Wallerfangen"},"content":{"rendered":"<p><span style=\"color: #000000; font-size: medium;\">Assiette (23 cm de diam\u00e8tre) de la collection\u00a0\u00ab \u00a0Meissen\u00a0\u00bb\u00a0\u00a0produite par Villeroy et Boch \u00e0 Wallerfangen (Vaudrevange) au d\u00e9but du XX\u00e8me si\u00e8cle. L&rsquo;entreprise \u00e0 Wallerfangen ferme d\u00e9finitivement ses portes en 1931. L&rsquo;assiette pr\u00e9sente quelques micro fissures dues \u00e0 son \u00e2ge.\u00a0<\/span><\/p>\n<div><span style=\"color: #000000; font-size: medium;\">R\u00e9f 20.36<\/span><\/div>\n","protected":false},"excerpt":{"rendered":"<p>Assiette (23 cm de diam\u00e8tre) de la collection\u00a0\u00ab \u00a0Meissen\u00a0\u00bb\u00a0\u00a0produite par Villeroy et Boch \u00e0 Wallerfangen (Vaudrevange) au d\u00e9but du XX\u00e8me si\u00e8cle. L&rsquo;entreprise \u00e0 Wallerfangen ferme d\u00e9finitivement ses portes en 1931. L&rsquo;assiette pr\u00e9sente quelques micro fissures dues \u00e0 son \u00e2ge.\u00a0 R\u00e9f 20.36<\/p>\n","protected":false},"featured_media":5067,"comment_status":"open","ping_status":"closed","template":"","meta":{"neve_meta_sidebar":"","neve_meta_container":"","neve_meta_enable_content_width":"off","neve_meta_content_width":100,"neve_meta_title_alignment":"","neve_meta_author_avatar":"","neve_post_elements_order":"","neve_meta_disable_header":"","neve_meta_disable_footer":"","neve_meta_disable_title":""},"product_brand":[],"product_cat":[172,16,29],"product_tag":[32],"class_list":{"0":"post-5066","1":"product","2":"type-product","3":"status-publish","4":"has-post-thumbnail","6":"product_cat-en-cuisine","7":"product_cat-ceramique","8":"product_cat-villeroy-boch","9":"product_tag-villeroy-et-boch","11":"first","12":"instock","13":"shipping-taxable","14":"purchasable","15":"product-type-simple"},"_links":{"self":[{"href":"https:\/\/legrenierdelatour.be\/brocante\/wp-json\/wp\/v2\/product\/5066","targetHints":{"allow":["GET"]}}],"collection":[{"href":"https:\/\/legrenierdelatour.be\/brocante\/wp-json\/wp\/v2\/product"}],"about":[{"href":"https:\/\/legrenierdelatour.be\/brocante\/wp-json\/wp\/v2\/types\/product"}],"replies":[{"embeddable":true,"href":"https:\/\/legrenierdelatour.be\/brocante\/wp-json\/wp\/v2\/comments?post=5066"}],"wp:featuredmedia":[{"embeddable":true,"href":"https:\/\/legrenierdelatour.be\/brocante\/wp-json\/wp\/v2\/media\/5067"}],"wp:attachment":[{"href":"https:\/\/legrenierdelatour.be\/brocante\/wp-json\/wp\/v2\/media?parent=5066"}],"wp:term":[{"taxonomy":"product_brand","embeddable":true,"href":"https:\/\/legrenierdelatour.be\/brocante\/wp-json\/wp\/v2\/product_brand?post=5066"},{"taxonomy":"product_cat","embeddable":true,"href":"https:\/\/legrenierdelatour.be\/brocante\/wp-json\/wp\/v2\/product_cat?post=5066"},{"taxonomy":"product_tag","embeddable":true,"href":"https:\/\/legrenierdelatour.be\/brocante\/wp-json\/wp\/v2\/product_tag?post=5066"}],"curies":[{"name":"wp","href":"https:\/\/api.w.org\/{rel}","templated":true}]}}