{"id":5024,"date":"2023-04-30T19:06:48","date_gmt":"2023-04-30T17:06:48","guid":{"rendered":"https:\/\/legrenierdelatour.be\/brocante\/?post_type=product&#038;p=5024"},"modified":"2025-06-02T14:30:11","modified_gmt":"2025-06-02T12:30:11","slug":"verres-cercles-de-dorures","status":"publish","type":"product","link":"https:\/\/legrenierdelatour.be\/brocante\/produit\/verres-cercles-de-dorures\/","title":{"rendered":"Verres cercl\u00e9s de dorures"},"content":{"rendered":"<p>3 jolis verres (6 cm de haut) en verre moul\u00e9, produits en France. Ils sont en parfait \u00e9tat et ont des lis\u00e9r\u00e9s dor\u00e9s sur la partie sup\u00e9rieure. Ils datent sans doute des ann\u00e9es 1950.<\/p>\n<div>\n<p>Ils sont vendus \u00e0 3\u20ac pi\u00e8ce.<\/p>\n<div>R\u00e9f 20.28<\/div>\n<\/div>\n","protected":false},"excerpt":{"rendered":"<p>3 jolis verres (6 cm de haut) en verre moul\u00e9, produits en France. Ils sont en parfait \u00e9tat et ont des lis\u00e9r\u00e9s dor\u00e9s sur la partie sup\u00e9rieure. Ils datent sans doute des ann\u00e9es 1950. Ils sont vendus \u00e0 3\u20ac pi\u00e8ce. R\u00e9f 20.28<\/p>\n","protected":false},"featured_media":5025,"comment_status":"open","ping_status":"closed","template":"","meta":{"neve_meta_sidebar":"","neve_meta_container":"","neve_meta_enable_content_width":"off","neve_meta_content_width":100,"neve_meta_title_alignment":"","neve_meta_author_avatar":"","neve_post_elements_order":"","neve_meta_disable_header":"","neve_meta_disable_footer":"","neve_meta_disable_title":""},"product_brand":[],"product_cat":[172,163,22],"product_tag":[28],"class_list":{"0":"post-5024","1":"product","2":"type-product","3":"status-publish","4":"has-post-thumbnail","6":"product_cat-en-cuisine","7":"product_cat-productions-francaises","8":"product_cat-verrerie","9":"product_tag-vintage","11":"first","12":"instock","13":"shipping-taxable","14":"purchasable","15":"product-type-simple"},"_links":{"self":[{"href":"https:\/\/legrenierdelatour.be\/brocante\/wp-json\/wp\/v2\/product\/5024","targetHints":{"allow":["GET"]}}],"collection":[{"href":"https:\/\/legrenierdelatour.be\/brocante\/wp-json\/wp\/v2\/product"}],"about":[{"href":"https:\/\/legrenierdelatour.be\/brocante\/wp-json\/wp\/v2\/types\/product"}],"replies":[{"embeddable":true,"href":"https:\/\/legrenierdelatour.be\/brocante\/wp-json\/wp\/v2\/comments?post=5024"}],"wp:featuredmedia":[{"embeddable":true,"href":"https:\/\/legrenierdelatour.be\/brocante\/wp-json\/wp\/v2\/media\/5025"}],"wp:attachment":[{"href":"https:\/\/legrenierdelatour.be\/brocante\/wp-json\/wp\/v2\/media?parent=5024"}],"wp:term":[{"taxonomy":"product_brand","embeddable":true,"href":"https:\/\/legrenierdelatour.be\/brocante\/wp-json\/wp\/v2\/product_brand?post=5024"},{"taxonomy":"product_cat","embeddable":true,"href":"https:\/\/legrenierdelatour.be\/brocante\/wp-json\/wp\/v2\/product_cat?post=5024"},{"taxonomy":"product_tag","embeddable":true,"href":"https:\/\/legrenierdelatour.be\/brocante\/wp-json\/wp\/v2\/product_tag?post=5024"}],"curies":[{"name":"wp","href":"https:\/\/api.w.org\/{rel}","templated":true}]}}