{"id":5018,"date":"2023-04-26T20:41:55","date_gmt":"2023-04-26T18:41:55","guid":{"rendered":"https:\/\/legrenierdelatour.be\/brocante\/?post_type=product&#038;p=5018"},"modified":"2023-04-26T20:41:55","modified_gmt":"2023-04-26T18:41:55","slug":"aquarelle-kwintenhoff-de-selange-gabrielle-muller-2006","status":"publish","type":"product","link":"https:\/\/legrenierdelatour.be\/brocante\/produit\/aquarelle-kwintenhoff-de-selange-gabrielle-muller-2006\/","title":{"rendered":"Aquarelle Kwintenhoff de S\u00e9lange, Gabrielle Muller 2006"},"content":{"rendered":"<p>Belle aquarelle (41&#215;31 cm avec cadre) intitul\u00e9e \u00ab\u00a0Kwintenhoff\u00a0\u00bb \u00e0 S\u00e9lange, r\u00e9alis\u00e9e par Gabrielle Muller (certificat d\u2019authenticit\u00e9 au dos). Elle est dat\u00e9e de 2006. L\u2019aqurelle est de belle facture et tr\u00e8s bien encadr\u00e9e.<\/p>\n<div>R\u00e9f 20.27<\/div>\n","protected":false},"excerpt":{"rendered":"<p>Belle aquarelle (41&#215;31 cm avec cadre) intitul\u00e9e \u00ab\u00a0Kwintenhoff\u00a0\u00bb \u00e0 S\u00e9lange, r\u00e9alis\u00e9e par Gabrielle Muller (certificat d\u2019authenticit\u00e9 au dos). Elle est dat\u00e9e de 2006. L\u2019aqurelle est de belle facture et tr\u00e8s bien encadr\u00e9e. R\u00e9f 20.27<\/p>\n","protected":false},"featured_media":5015,"comment_status":"open","ping_status":"closed","template":"","meta":{"neve_meta_sidebar":"","neve_meta_container":"","neve_meta_enable_content_width":"off","neve_meta_content_width":100,"neve_meta_title_alignment":"","neve_meta_author_avatar":"","neve_post_elements_order":"","neve_meta_disable_header":"","neve_meta_disable_footer":"","neve_meta_disable_title":""},"product_brand":[],"product_cat":[30,31,167],"product_tag":[79,112],"class_list":{"0":"post-5018","1":"product","2":"type-product","3":"status-publish","4":"has-post-thumbnail","6":"product_cat-luxemburgensia","7":"product_cat-pays-darlon","8":"product_cat-peintures-et-sculptures","9":"product_tag-art","10":"product_tag-pays-darlon","12":"first","13":"instock","14":"shipping-taxable","15":"purchasable","16":"product-type-simple"},"_links":{"self":[{"href":"https:\/\/legrenierdelatour.be\/brocante\/wp-json\/wp\/v2\/product\/5018","targetHints":{"allow":["GET"]}}],"collection":[{"href":"https:\/\/legrenierdelatour.be\/brocante\/wp-json\/wp\/v2\/product"}],"about":[{"href":"https:\/\/legrenierdelatour.be\/brocante\/wp-json\/wp\/v2\/types\/product"}],"replies":[{"embeddable":true,"href":"https:\/\/legrenierdelatour.be\/brocante\/wp-json\/wp\/v2\/comments?post=5018"}],"wp:featuredmedia":[{"embeddable":true,"href":"https:\/\/legrenierdelatour.be\/brocante\/wp-json\/wp\/v2\/media\/5015"}],"wp:attachment":[{"href":"https:\/\/legrenierdelatour.be\/brocante\/wp-json\/wp\/v2\/media?parent=5018"}],"wp:term":[{"taxonomy":"product_brand","embeddable":true,"href":"https:\/\/legrenierdelatour.be\/brocante\/wp-json\/wp\/v2\/product_brand?post=5018"},{"taxonomy":"product_cat","embeddable":true,"href":"https:\/\/legrenierdelatour.be\/brocante\/wp-json\/wp\/v2\/product_cat?post=5018"},{"taxonomy":"product_tag","embeddable":true,"href":"https:\/\/legrenierdelatour.be\/brocante\/wp-json\/wp\/v2\/product_tag?post=5018"}],"curies":[{"name":"wp","href":"https:\/\/api.w.org\/{rel}","templated":true}]}}