{"id":5001,"date":"2023-04-26T19:16:13","date_gmt":"2023-04-26T17:16:13","guid":{"rendered":"https:\/\/legrenierdelatour.be\/brocante\/?post_type=product&#038;p=5001"},"modified":"2023-04-26T19:16:14","modified_gmt":"2023-04-26T17:16:14","slug":"chaise-bleue-nikolai-wiig-hansen-ikea","status":"publish","type":"product","link":"https:\/\/legrenierdelatour.be\/brocante\/produit\/chaise-bleue-nikolai-wiig-hansen-ikea\/","title":{"rendered":"Chaise bleue Nikolai Wiig Hansen Ikea"},"content":{"rendered":"<p>Belle chaise bleue (assise 45,5 cm de haut) design\u00e9e par le designer danois Nikolai Wiig Hansen (il a fond\u00e9 son studio de design en 1990). Cette chaise a \u00e9t\u00e9 cr\u00e9\u00e9e pour IKEA, sans doute dans les ann\u00e9es 1990. Elle est en bon \u00e9tat, pr\u00e9sente seulement quelques griffes sur l\u2019assise en plastique. La marque ainsi que le logo dudesigner sont aplliqu\u00e9s sous l\u2019assise.<\/p>\n<div>R\u00e9f 20.22<\/div>\n","protected":false},"excerpt":{"rendered":"<p>Belle chaise bleue (assise 45,5 cm de haut) design\u00e9e par le designer danois Nikolai Wiig Hansen (il a fond\u00e9 son studio de design en 1990). Cette chaise a \u00e9t\u00e9 cr\u00e9\u00e9e pour IKEA, sans doute dans les ann\u00e9es 1990. Elle est en bon \u00e9tat, pr\u00e9sente seulement quelques griffes sur l\u2019assise en plastique. La marque ainsi que&hellip;&nbsp;<a href=\"https:\/\/legrenierdelatour.be\/brocante\/produit\/chaise-bleue-nikolai-wiig-hansen-ikea\/\" class=\"\" rel=\"bookmark\">Lire la suite &raquo;<span class=\"screen-reader-text\">Chaise bleue Nikolai Wiig Hansen Ikea<\/span><\/a><\/p>\n","protected":false},"featured_media":5002,"comment_status":"open","ping_status":"closed","template":"","meta":{"neve_meta_sidebar":"","neve_meta_container":"","neve_meta_enable_content_width":"off","neve_meta_content_width":100,"neve_meta_title_alignment":"","neve_meta_author_avatar":"","neve_post_elements_order":"","neve_meta_disable_header":"","neve_meta_disable_footer":"","neve_meta_disable_title":""},"product_brand":[],"product_cat":[23],"product_tag":[79,84],"class_list":{"0":"post-5001","1":"product","2":"type-product","3":"status-publish","4":"has-post-thumbnail","6":"product_cat-mobilier","7":"product_tag-art","8":"product_tag-mobilier","10":"first","11":"instock","12":"shipping-taxable","13":"purchasable","14":"product-type-simple"},"_links":{"self":[{"href":"https:\/\/legrenierdelatour.be\/brocante\/wp-json\/wp\/v2\/product\/5001","targetHints":{"allow":["GET"]}}],"collection":[{"href":"https:\/\/legrenierdelatour.be\/brocante\/wp-json\/wp\/v2\/product"}],"about":[{"href":"https:\/\/legrenierdelatour.be\/brocante\/wp-json\/wp\/v2\/types\/product"}],"replies":[{"embeddable":true,"href":"https:\/\/legrenierdelatour.be\/brocante\/wp-json\/wp\/v2\/comments?post=5001"}],"wp:featuredmedia":[{"embeddable":true,"href":"https:\/\/legrenierdelatour.be\/brocante\/wp-json\/wp\/v2\/media\/5002"}],"wp:attachment":[{"href":"https:\/\/legrenierdelatour.be\/brocante\/wp-json\/wp\/v2\/media?parent=5001"}],"wp:term":[{"taxonomy":"product_brand","embeddable":true,"href":"https:\/\/legrenierdelatour.be\/brocante\/wp-json\/wp\/v2\/product_brand?post=5001"},{"taxonomy":"product_cat","embeddable":true,"href":"https:\/\/legrenierdelatour.be\/brocante\/wp-json\/wp\/v2\/product_cat?post=5001"},{"taxonomy":"product_tag","embeddable":true,"href":"https:\/\/legrenierdelatour.be\/brocante\/wp-json\/wp\/v2\/product_tag?post=5001"}],"curies":[{"name":"wp","href":"https:\/\/api.w.org\/{rel}","templated":true}]}}