{"id":4998,"date":"2023-04-26T18:52:05","date_gmt":"2023-04-26T16:52:05","guid":{"rendered":"https:\/\/legrenierdelatour.be\/brocante\/?post_type=product&#038;p=4998"},"modified":"2023-04-26T18:52:05","modified_gmt":"2023-04-26T16:52:05","slug":"cendrier-aigle-belgica-1955","status":"publish","type":"product","link":"https:\/\/legrenierdelatour.be\/brocante\/produit\/cendrier-aigle-belgica-1955\/","title":{"rendered":"Cendrier Aigle Belgica 1955"},"content":{"rendered":"<p>Cendrier circulaire (20 cm de diam\u00e8tre), de la marque de bi\u00e8re Aigle Belgica (1928-1977) \u00e0 Bruges. Cette brasserie est issue de la fusion de Den Arend (1550) de Bruges et Belgica de Gand. Les dates correspondent sans doute de l\u2019anniversaire de cr\u00e9ation de la premi\u00e8re brasserie. Ce cendrier de collection est dans un parfait \u00e9tat et date sans doute de 1955. La manufacture n\u2019est pas connue, pas de marque visible.<\/p>\n<div>R\u00e9f 20.21<\/div>\n","protected":false},"excerpt":{"rendered":"<p>Cendrier circulaire (20 cm de diam\u00e8tre), de la marque de bi\u00e8re Aigle Belgica (1928-1977) \u00e0 Bruges. Cette brasserie est issue de la fusion de Den Arend (1550) de Bruges et Belgica de Gand. Les dates correspondent sans doute de l\u2019anniversaire de cr\u00e9ation de la premi\u00e8re brasserie. Ce cendrier de collection est dans un parfait \u00e9tat&hellip;&nbsp;<a href=\"https:\/\/legrenierdelatour.be\/brocante\/produit\/cendrier-aigle-belgica-1955\/\" class=\"\" rel=\"bookmark\">Lire la suite &raquo;<span class=\"screen-reader-text\">Cendrier Aigle Belgica 1955<\/span><\/a><\/p>\n","protected":false},"featured_media":4999,"comment_status":"open","ping_status":"closed","template":"","meta":{"neve_meta_sidebar":"","neve_meta_container":"","neve_meta_enable_content_width":"off","neve_meta_content_width":100,"neve_meta_title_alignment":"","neve_meta_author_avatar":"","neve_post_elements_order":"","neve_meta_disable_header":"","neve_meta_disable_footer":"","neve_meta_disable_title":""},"product_brand":[],"product_cat":[37,16,161],"product_tag":[40,19,121],"class_list":{"0":"post-4998","1":"product","2":"type-product","3":"status-publish","4":"has-post-thumbnail","6":"product_cat-belgique","7":"product_cat-ceramique","8":"product_cat-les-collections","9":"product_tag-belgique","10":"product_tag-faience","11":"product_tag-fumoir","13":"first","14":"instock","15":"shipping-taxable","16":"purchasable","17":"product-type-simple"},"_links":{"self":[{"href":"https:\/\/legrenierdelatour.be\/brocante\/wp-json\/wp\/v2\/product\/4998","targetHints":{"allow":["GET"]}}],"collection":[{"href":"https:\/\/legrenierdelatour.be\/brocante\/wp-json\/wp\/v2\/product"}],"about":[{"href":"https:\/\/legrenierdelatour.be\/brocante\/wp-json\/wp\/v2\/types\/product"}],"replies":[{"embeddable":true,"href":"https:\/\/legrenierdelatour.be\/brocante\/wp-json\/wp\/v2\/comments?post=4998"}],"wp:featuredmedia":[{"embeddable":true,"href":"https:\/\/legrenierdelatour.be\/brocante\/wp-json\/wp\/v2\/media\/4999"}],"wp:attachment":[{"href":"https:\/\/legrenierdelatour.be\/brocante\/wp-json\/wp\/v2\/media?parent=4998"}],"wp:term":[{"taxonomy":"product_brand","embeddable":true,"href":"https:\/\/legrenierdelatour.be\/brocante\/wp-json\/wp\/v2\/product_brand?post=4998"},{"taxonomy":"product_cat","embeddable":true,"href":"https:\/\/legrenierdelatour.be\/brocante\/wp-json\/wp\/v2\/product_cat?post=4998"},{"taxonomy":"product_tag","embeddable":true,"href":"https:\/\/legrenierdelatour.be\/brocante\/wp-json\/wp\/v2\/product_tag?post=4998"}],"curies":[{"name":"wp","href":"https:\/\/api.w.org\/{rel}","templated":true}]}}