{"id":4931,"date":"2023-04-18T18:40:17","date_gmt":"2023-04-18T16:40:17","guid":{"rendered":"https:\/\/legrenierdelatour.be\/brocante\/?post_type=product&#038;p=4931"},"modified":"2023-04-19T09:20:03","modified_gmt":"2023-04-19T07:20:03","slug":"peinture-le-marche-aux-chevaux-dapres-rosa-bonheur-fin-19e","status":"publish","type":"product","link":"https:\/\/legrenierdelatour.be\/brocante\/produit\/peinture-le-marche-aux-chevaux-dapres-rosa-bonheur-fin-19e\/","title":{"rendered":"Peinture \u00ab\u00a0Le march\u00e9 aux Chevaux\u00a0\u00bb d&rsquo;apr\u00e8s Rosa Bonheur, fin 19\u00e8"},"content":{"rendered":"<p>Tr\u00e8s belle peinture (105&#215;60 cm) \u00e0 huile sur toile, copie du March\u00e9 aux chevaux d\u2019apr\u00e8s Rosa Bonheur (1822-1899) qui pr\u00e9senta ce tableau au Salon de 1853, et se trouvant actuelement au Metropoltan Museum de New York depui 1887. Elle n\u2019est pas sign\u00e9e mais date sans doute de la fin du 19\u00e8 si\u00e8cle. Elle est en bon \u00e9tat et a \u00e9t\u00e9 r\u00e9encard\u00e9e r\u00e9cemment, dans un cadre en bois tr\u00e8s simple.<\/p>\n<div>R\u00e9f 20.03<\/div>\n","protected":false},"excerpt":{"rendered":"<p>Tr\u00e8s belle peinture (105&#215;60 cm) \u00e0 huile sur toile, copie du March\u00e9 aux chevaux d\u2019apr\u00e8s Rosa Bonheur (1822-1899) qui pr\u00e9senta ce tableau au Salon de 1853, et se trouvant actuelement au Metropoltan Museum de New York depui 1887. Elle n\u2019est pas sign\u00e9e mais date sans doute de la fin du 19\u00e8 si\u00e8cle. Elle est en&hellip;&nbsp;<a href=\"https:\/\/legrenierdelatour.be\/brocante\/produit\/peinture-le-marche-aux-chevaux-dapres-rosa-bonheur-fin-19e\/\" class=\"\" rel=\"bookmark\">Lire la suite &raquo;<span class=\"screen-reader-text\">Peinture \u00ab\u00a0Le march\u00e9 aux Chevaux\u00a0\u00bb d&rsquo;apr\u00e8s Rosa Bonheur, fin 19\u00e8<\/span><\/a><\/p>\n","protected":false},"featured_media":4933,"comment_status":"open","ping_status":"closed","template":"","meta":{"neve_meta_sidebar":"","neve_meta_container":"","neve_meta_enable_content_width":"off","neve_meta_content_width":100,"neve_meta_title_alignment":"","neve_meta_author_avatar":"","neve_post_elements_order":"","neve_meta_disable_header":"","neve_meta_disable_footer":"","neve_meta_disable_title":""},"product_brand":[],"product_cat":[167],"product_tag":[79],"class_list":{"0":"post-4931","1":"product","2":"type-product","3":"status-publish","4":"has-post-thumbnail","6":"product_cat-peintures-et-sculptures","7":"product_tag-art","9":"first","10":"instock","11":"shipping-taxable","12":"purchasable","13":"product-type-simple"},"_links":{"self":[{"href":"https:\/\/legrenierdelatour.be\/brocante\/wp-json\/wp\/v2\/product\/4931","targetHints":{"allow":["GET"]}}],"collection":[{"href":"https:\/\/legrenierdelatour.be\/brocante\/wp-json\/wp\/v2\/product"}],"about":[{"href":"https:\/\/legrenierdelatour.be\/brocante\/wp-json\/wp\/v2\/types\/product"}],"replies":[{"embeddable":true,"href":"https:\/\/legrenierdelatour.be\/brocante\/wp-json\/wp\/v2\/comments?post=4931"}],"wp:featuredmedia":[{"embeddable":true,"href":"https:\/\/legrenierdelatour.be\/brocante\/wp-json\/wp\/v2\/media\/4933"}],"wp:attachment":[{"href":"https:\/\/legrenierdelatour.be\/brocante\/wp-json\/wp\/v2\/media?parent=4931"}],"wp:term":[{"taxonomy":"product_brand","embeddable":true,"href":"https:\/\/legrenierdelatour.be\/brocante\/wp-json\/wp\/v2\/product_brand?post=4931"},{"taxonomy":"product_cat","embeddable":true,"href":"https:\/\/legrenierdelatour.be\/brocante\/wp-json\/wp\/v2\/product_cat?post=4931"},{"taxonomy":"product_tag","embeddable":true,"href":"https:\/\/legrenierdelatour.be\/brocante\/wp-json\/wp\/v2\/product_tag?post=4931"}],"curies":[{"name":"wp","href":"https:\/\/api.w.org\/{rel}","templated":true}]}}