{"id":4904,"date":"2023-04-18T12:37:48","date_gmt":"2023-04-18T10:37:48","guid":{"rendered":"https:\/\/legrenierdelatour.be\/brocante\/?post_type=product&#038;p=4904"},"modified":"2025-06-13T14:05:54","modified_gmt":"2025-06-13T12:05:54","slug":"gravure-roses-bengale-philippe-jp-redoute","status":"publish","type":"product","link":"https:\/\/legrenierdelatour.be\/brocante\/produit\/gravure-roses-bengale-philippe-jp-redoute\/","title":{"rendered":"Gravure Roses Bengale Philippe, JP Redout\u00e9"},"content":{"rendered":"<p>Belle gravure de roses (48&#215;40 cm avec cadre) : le Rosier Bengale Philippe de Pierre-Joseph Redout\u00e9 (1758 St Hubert-1840 Paris). Il s\u2019agit d\u2019une gravure r\u00e9alis\u00e9e par le sculpteur Langlois. Elle est en tr\u00e8s bon \u00e9tat et tr\u00e8s bien encadr\u00e9e.<\/p>\n<div>R\u00e9f 19.101<\/div>\n","protected":false},"excerpt":{"rendered":"<p>Belle gravure de roses (48&#215;40 cm avec cadre) : le Rosier Bengale Philippe de Pierre-Joseph Redout\u00e9 (1758 St Hubert-1840 Paris). Il s\u2019agit d\u2019une gravure r\u00e9alis\u00e9e par le sculpteur Langlois. Elle est en tr\u00e8s bon \u00e9tat et tr\u00e8s bien encadr\u00e9e. R\u00e9f 19.101<\/p>\n","protected":false},"featured_media":4905,"comment_status":"open","ping_status":"closed","template":"","meta":{"neve_meta_sidebar":"","neve_meta_container":"","neve_meta_enable_content_width":"off","neve_meta_content_width":100,"neve_meta_title_alignment":"","neve_meta_author_avatar":"","neve_post_elements_order":"","neve_meta_disable_header":"","neve_meta_disable_footer":"","neve_meta_disable_title":""},"product_brand":[],"product_cat":[30,167],"product_tag":[21],"class_list":{"0":"post-4904","1":"product","2":"type-product","3":"status-publish","4":"has-post-thumbnail","6":"product_cat-luxemburgensia","7":"product_cat-peintures-et-sculptures","8":"product_tag-art-deco","10":"first","11":"instock","12":"shipping-taxable","13":"purchasable","14":"product-type-simple"},"_links":{"self":[{"href":"https:\/\/legrenierdelatour.be\/brocante\/wp-json\/wp\/v2\/product\/4904","targetHints":{"allow":["GET"]}}],"collection":[{"href":"https:\/\/legrenierdelatour.be\/brocante\/wp-json\/wp\/v2\/product"}],"about":[{"href":"https:\/\/legrenierdelatour.be\/brocante\/wp-json\/wp\/v2\/types\/product"}],"replies":[{"embeddable":true,"href":"https:\/\/legrenierdelatour.be\/brocante\/wp-json\/wp\/v2\/comments?post=4904"}],"wp:featuredmedia":[{"embeddable":true,"href":"https:\/\/legrenierdelatour.be\/brocante\/wp-json\/wp\/v2\/media\/4905"}],"wp:attachment":[{"href":"https:\/\/legrenierdelatour.be\/brocante\/wp-json\/wp\/v2\/media?parent=4904"}],"wp:term":[{"taxonomy":"product_brand","embeddable":true,"href":"https:\/\/legrenierdelatour.be\/brocante\/wp-json\/wp\/v2\/product_brand?post=4904"},{"taxonomy":"product_cat","embeddable":true,"href":"https:\/\/legrenierdelatour.be\/brocante\/wp-json\/wp\/v2\/product_cat?post=4904"},{"taxonomy":"product_tag","embeddable":true,"href":"https:\/\/legrenierdelatour.be\/brocante\/wp-json\/wp\/v2\/product_tag?post=4904"}],"curies":[{"name":"wp","href":"https:\/\/api.w.org\/{rel}","templated":true}]}}