{"id":4845,"date":"2023-04-16T17:41:58","date_gmt":"2023-04-16T15:41:58","guid":{"rendered":"https:\/\/legrenierdelatour.be\/brocante\/?post_type=product&#038;p=4845"},"modified":"2024-03-12T12:10:27","modified_gmt":"2024-03-12T11:10:27","slug":"parue-au-decor-marbre-majolique-de-wasmuel","status":"publish","type":"product","link":"https:\/\/legrenierdelatour.be\/brocante\/produit\/parue-au-decor-marbre-majolique-de-wasmuel\/","title":{"rendered":"Parure au d\u00e9cor marbr\u00e9, Majolique de Wasmuel"},"content":{"rendered":"<p>Parure de 3 potiches , deux vases (19 cm de haut) et une jardini\u00e8re (18,5 cm de long) de la manufacture S A Majolique de Wasmuel (194-1960). Le d\u00e9cor marbr\u00e9 bleu est original. Chaque pi\u00e8ce comporte le cachet de la manufacture au triangle. Cet ensemble date sans doute des ann\u00e9es 1920.\u00a0La jardini\u00e8re est reprise dans \u00ab\u00a0Fa\u00efencerie imp\u00e9riale et royale de Nimy 1789-1951 et les manufactures de Wasm\u00fcel et St. Ghislain. par Ingrid et Lionel Dufrasne en 1992, p.76.<\/p>\n<div>R\u00e9f 19.77<\/div>\n","protected":false},"excerpt":{"rendered":"<p>Parure de 3 potiches , deux vases (19 cm de haut) et une jardini\u00e8re (18,5 cm de long) de la manufacture S A Majolique de Wasmuel (194-1960). Le d\u00e9cor marbr\u00e9 bleu est original. Chaque pi\u00e8ce comporte le cachet de la manufacture au triangle. Cet ensemble date sans doute des ann\u00e9es 1920.\u00a0La jardini\u00e8re est reprise dans&hellip;&nbsp;<a href=\"https:\/\/legrenierdelatour.be\/brocante\/produit\/parue-au-decor-marbre-majolique-de-wasmuel\/\" class=\"\" rel=\"bookmark\">Lire la suite &raquo;<span class=\"screen-reader-text\">Parure au d\u00e9cor marbr\u00e9, Majolique de Wasmuel<\/span><\/a><\/p>\n","protected":false},"featured_media":4846,"comment_status":"open","ping_status":"closed","template":"","meta":{"neve_meta_sidebar":"","neve_meta_container":"","neve_meta_enable_content_width":"off","neve_meta_content_width":100,"neve_meta_title_alignment":"","neve_meta_author_avatar":"","neve_post_elements_order":"","neve_meta_disable_header":"","neve_meta_disable_footer":"","neve_meta_disable_title":""},"product_brand":[],"product_cat":[37,16,178],"product_tag":[40,19,41],"class_list":{"0":"post-4845","1":"product","2":"type-product","3":"status-publish","4":"has-post-thumbnail","6":"product_cat-belgique","7":"product_cat-ceramique","8":"product_cat-waesmuel","9":"product_tag-belgique","10":"product_tag-faience","11":"product_tag-wasmuel","13":"first","14":"instock","15":"shipping-taxable","16":"purchasable","17":"product-type-simple"},"_links":{"self":[{"href":"https:\/\/legrenierdelatour.be\/brocante\/wp-json\/wp\/v2\/product\/4845","targetHints":{"allow":["GET"]}}],"collection":[{"href":"https:\/\/legrenierdelatour.be\/brocante\/wp-json\/wp\/v2\/product"}],"about":[{"href":"https:\/\/legrenierdelatour.be\/brocante\/wp-json\/wp\/v2\/types\/product"}],"replies":[{"embeddable":true,"href":"https:\/\/legrenierdelatour.be\/brocante\/wp-json\/wp\/v2\/comments?post=4845"}],"wp:featuredmedia":[{"embeddable":true,"href":"https:\/\/legrenierdelatour.be\/brocante\/wp-json\/wp\/v2\/media\/4846"}],"wp:attachment":[{"href":"https:\/\/legrenierdelatour.be\/brocante\/wp-json\/wp\/v2\/media?parent=4845"}],"wp:term":[{"taxonomy":"product_brand","embeddable":true,"href":"https:\/\/legrenierdelatour.be\/brocante\/wp-json\/wp\/v2\/product_brand?post=4845"},{"taxonomy":"product_cat","embeddable":true,"href":"https:\/\/legrenierdelatour.be\/brocante\/wp-json\/wp\/v2\/product_cat?post=4845"},{"taxonomy":"product_tag","embeddable":true,"href":"https:\/\/legrenierdelatour.be\/brocante\/wp-json\/wp\/v2\/product_tag?post=4845"}],"curies":[{"name":"wp","href":"https:\/\/api.w.org\/{rel}","templated":true}]}}