{"id":4823,"date":"2023-04-13T14:22:04","date_gmt":"2023-04-13T12:22:04","guid":{"rendered":"https:\/\/legrenierdelatour.be\/brocante\/?post_type=product&#038;p=4823"},"modified":"2023-04-13T14:22:04","modified_gmt":"2023-04-13T12:22:04","slug":"assiette-napoleon-boch-la-louviere-2","status":"publish","type":"product","link":"https:\/\/legrenierdelatour.be\/brocante\/produit\/assiette-napoleon-boch-la-louviere-2\/","title":{"rendered":"Assiette Napol\u00e9on Boch La Louvi\u00e8re"},"content":{"rendered":"<p>Assiette profonde (23 cm de diam\u00e8tre) au d\u00e9cor Napol\u00e9on (Napol\u00e9on haranguant les troupes bavaroises et wurtembergeoises) issu de la manufacture Boch la Louvi\u00e8re dans les ann\u00e9es 1950. Elle est en parfait \u00e9tat.<\/p>\n<div>R\u00e9f 19.65<\/div>\n","protected":false},"excerpt":{"rendered":"<p>Assiette profonde (23 cm de diam\u00e8tre) au d\u00e9cor Napol\u00e9on (Napol\u00e9on haranguant les troupes bavaroises et wurtembergeoises) issu de la manufacture Boch la Louvi\u00e8re dans les ann\u00e9es 1950. Elle est en parfait \u00e9tat. R\u00e9f 19.65<\/p>\n","protected":false},"featured_media":4824,"comment_status":"open","ping_status":"closed","template":"","meta":{"neve_meta_sidebar":"","neve_meta_container":"","neve_meta_enable_content_width":"off","neve_meta_content_width":100,"neve_meta_title_alignment":"","neve_meta_author_avatar":"","neve_post_elements_order":"","neve_meta_disable_header":"","neve_meta_disable_footer":"","neve_meta_disable_title":""},"product_brand":[],"product_cat":[37,175,16],"product_tag":[20,19],"class_list":{"0":"post-4823","1":"product","2":"type-product","3":"status-publish","4":"has-post-thumbnail","6":"product_cat-belgique","7":"product_cat-boch","8":"product_cat-ceramique","9":"product_tag-boch","10":"product_tag-faience","12":"first","13":"instock","14":"shipping-taxable","15":"purchasable","16":"product-type-simple"},"_links":{"self":[{"href":"https:\/\/legrenierdelatour.be\/brocante\/wp-json\/wp\/v2\/product\/4823","targetHints":{"allow":["GET"]}}],"collection":[{"href":"https:\/\/legrenierdelatour.be\/brocante\/wp-json\/wp\/v2\/product"}],"about":[{"href":"https:\/\/legrenierdelatour.be\/brocante\/wp-json\/wp\/v2\/types\/product"}],"replies":[{"embeddable":true,"href":"https:\/\/legrenierdelatour.be\/brocante\/wp-json\/wp\/v2\/comments?post=4823"}],"wp:featuredmedia":[{"embeddable":true,"href":"https:\/\/legrenierdelatour.be\/brocante\/wp-json\/wp\/v2\/media\/4824"}],"wp:attachment":[{"href":"https:\/\/legrenierdelatour.be\/brocante\/wp-json\/wp\/v2\/media?parent=4823"}],"wp:term":[{"taxonomy":"product_brand","embeddable":true,"href":"https:\/\/legrenierdelatour.be\/brocante\/wp-json\/wp\/v2\/product_brand?post=4823"},{"taxonomy":"product_cat","embeddable":true,"href":"https:\/\/legrenierdelatour.be\/brocante\/wp-json\/wp\/v2\/product_cat?post=4823"},{"taxonomy":"product_tag","embeddable":true,"href":"https:\/\/legrenierdelatour.be\/brocante\/wp-json\/wp\/v2\/product_tag?post=4823"}],"curies":[{"name":"wp","href":"https:\/\/api.w.org\/{rel}","templated":true}]}}