{"id":4819,"date":"2023-04-13T14:13:17","date_gmt":"2023-04-13T12:13:17","guid":{"rendered":"https:\/\/legrenierdelatour.be\/brocante\/?post_type=product&#038;p=4819"},"modified":"2023-04-13T14:13:17","modified_gmt":"2023-04-13T12:13:17","slug":"cendrier-fat-lava-strehla","status":"publish","type":"product","link":"https:\/\/legrenierdelatour.be\/brocante\/produit\/cendrier-fat-lava-strehla\/","title":{"rendered":"Cendrier Fat Lava Strehla"},"content":{"rendered":"<p>Beau cendrier (14 cm de diam\u00e8tre) en fa\u00efence \u00e0 d\u00e9cor Fat lava vintage; il a \u00e9t\u00e9 produit par la manufactire Strehla (1828-1989) \u00e0 Saxony en r\u00e9publique d\u00e9mocratique d\u2019Allemagne (Allemagne de l\u2019Est). Il est en parfait \u00e9tat.<\/p>\n<div>R\u00e9f 19.64<\/div>\n","protected":false},"excerpt":{"rendered":"<p>Beau cendrier (14 cm de diam\u00e8tre) en fa\u00efence \u00e0 d\u00e9cor Fat lava vintage; il a \u00e9t\u00e9 produit par la manufactire Strehla (1828-1989) \u00e0 Saxony en r\u00e9publique d\u00e9mocratique d\u2019Allemagne (Allemagne de l\u2019Est). Il est en parfait \u00e9tat. R\u00e9f 19.64<\/p>\n","protected":false},"featured_media":4820,"comment_status":"open","ping_status":"closed","template":"","meta":{"neve_meta_sidebar":"","neve_meta_container":"","neve_meta_enable_content_width":"off","neve_meta_content_width":100,"neve_meta_title_alignment":"","neve_meta_author_avatar":"","neve_post_elements_order":"","neve_meta_disable_header":"","neve_meta_disable_footer":"","neve_meta_disable_title":""},"product_brand":[],"product_cat":[48,183,16,47],"product_tag":[19,50,49],"class_list":{"0":"post-4819","1":"product","2":"type-product","3":"status-publish","4":"has-post-thumbnail","6":"product_cat-allemagne","7":"product_cat-bureau-et-fumoir","8":"product_cat-ceramique","9":"product_cat-west-germany","10":"product_tag-faience","11":"product_tag-fat-lava","12":"product_tag-west-germany","14":"first","15":"instock","16":"shipping-taxable","17":"purchasable","18":"product-type-simple"},"_links":{"self":[{"href":"https:\/\/legrenierdelatour.be\/brocante\/wp-json\/wp\/v2\/product\/4819","targetHints":{"allow":["GET"]}}],"collection":[{"href":"https:\/\/legrenierdelatour.be\/brocante\/wp-json\/wp\/v2\/product"}],"about":[{"href":"https:\/\/legrenierdelatour.be\/brocante\/wp-json\/wp\/v2\/types\/product"}],"replies":[{"embeddable":true,"href":"https:\/\/legrenierdelatour.be\/brocante\/wp-json\/wp\/v2\/comments?post=4819"}],"wp:featuredmedia":[{"embeddable":true,"href":"https:\/\/legrenierdelatour.be\/brocante\/wp-json\/wp\/v2\/media\/4820"}],"wp:attachment":[{"href":"https:\/\/legrenierdelatour.be\/brocante\/wp-json\/wp\/v2\/media?parent=4819"}],"wp:term":[{"taxonomy":"product_brand","embeddable":true,"href":"https:\/\/legrenierdelatour.be\/brocante\/wp-json\/wp\/v2\/product_brand?post=4819"},{"taxonomy":"product_cat","embeddable":true,"href":"https:\/\/legrenierdelatour.be\/brocante\/wp-json\/wp\/v2\/product_cat?post=4819"},{"taxonomy":"product_tag","embeddable":true,"href":"https:\/\/legrenierdelatour.be\/brocante\/wp-json\/wp\/v2\/product_tag?post=4819"}],"curies":[{"name":"wp","href":"https:\/\/api.w.org\/{rel}","templated":true}]}}