{"id":4808,"date":"2023-04-13T13:48:54","date_gmt":"2023-04-13T11:48:54","guid":{"rendered":"https:\/\/legrenierdelatour.be\/brocante\/?post_type=product&#038;p=4808"},"modified":"2023-04-13T13:48:55","modified_gmt":"2023-04-13T11:48:55","slug":"table-basse-carrelages-vintage-schul","status":"publish","type":"product","link":"https:\/\/legrenierdelatour.be\/brocante\/produit\/table-basse-carrelages-vintage-schul\/","title":{"rendered":"Table basse Carrelages Vintage, Schul"},"content":{"rendered":"<p>Belle table en carreaux de c\u00e9ramique (105&#215;45 cm\/50 cm de haut)Avec un beau plateau de carrelages avec d\u00e9cors d poissons dans des tons orang\u00e9s. Ses pieds fusel\u00e9s, son pourtour dor\u00e9 ainsi que ses couleurs vives, sont un beau t\u00e9moin des ann\u00e9es 1970. Elle est sign\u00e9e Schul (?) mais l\u2019artiste n\u2019a pas pu \u00eatre identifi\u00e9. Elle est en assez bon \u00e9tat, si ce n\u2019est un carrelage ab\u00eem\u00e9 et un l\u00e9ger coup sur un autre.<\/p>\n<div>R\u00e9f 19.62<\/div>\n","protected":false},"excerpt":{"rendered":"<p>Belle table en carreaux de c\u00e9ramique (105&#215;45 cm\/50 cm de haut)Avec un beau plateau de carrelages avec d\u00e9cors d poissons dans des tons orang\u00e9s. Ses pieds fusel\u00e9s, son pourtour dor\u00e9 ainsi que ses couleurs vives, sont un beau t\u00e9moin des ann\u00e9es 1970. Elle est sign\u00e9e Schul (?) mais l\u2019artiste n\u2019a pas pu \u00eatre identifi\u00e9. Elle&hellip;&nbsp;<a href=\"https:\/\/legrenierdelatour.be\/brocante\/produit\/table-basse-carrelages-vintage-schul\/\" class=\"\" rel=\"bookmark\">Lire la suite &raquo;<span class=\"screen-reader-text\">Table basse Carrelages Vintage, Schul<\/span><\/a><\/p>\n","protected":false},"featured_media":4812,"comment_status":"open","ping_status":"closed","template":"","meta":{"neve_meta_sidebar":"","neve_meta_container":"","neve_meta_enable_content_width":"off","neve_meta_content_width":100,"neve_meta_title_alignment":"","neve_meta_author_avatar":"","neve_post_elements_order":"","neve_meta_disable_header":"","neve_meta_disable_footer":"","neve_meta_disable_title":""},"product_brand":[],"product_cat":[23],"product_tag":[79,84,95,28],"class_list":{"0":"post-4808","1":"product","2":"type-product","3":"status-publish","4":"has-post-thumbnail","6":"product_cat-mobilier","7":"product_tag-art","8":"product_tag-mobilier","9":"product_tag-vallauris","10":"product_tag-vintage","12":"first","13":"instock","14":"shipping-taxable","15":"purchasable","16":"product-type-simple"},"_links":{"self":[{"href":"https:\/\/legrenierdelatour.be\/brocante\/wp-json\/wp\/v2\/product\/4808","targetHints":{"allow":["GET"]}}],"collection":[{"href":"https:\/\/legrenierdelatour.be\/brocante\/wp-json\/wp\/v2\/product"}],"about":[{"href":"https:\/\/legrenierdelatour.be\/brocante\/wp-json\/wp\/v2\/types\/product"}],"replies":[{"embeddable":true,"href":"https:\/\/legrenierdelatour.be\/brocante\/wp-json\/wp\/v2\/comments?post=4808"}],"wp:featuredmedia":[{"embeddable":true,"href":"https:\/\/legrenierdelatour.be\/brocante\/wp-json\/wp\/v2\/media\/4812"}],"wp:attachment":[{"href":"https:\/\/legrenierdelatour.be\/brocante\/wp-json\/wp\/v2\/media?parent=4808"}],"wp:term":[{"taxonomy":"product_brand","embeddable":true,"href":"https:\/\/legrenierdelatour.be\/brocante\/wp-json\/wp\/v2\/product_brand?post=4808"},{"taxonomy":"product_cat","embeddable":true,"href":"https:\/\/legrenierdelatour.be\/brocante\/wp-json\/wp\/v2\/product_cat?post=4808"},{"taxonomy":"product_tag","embeddable":true,"href":"https:\/\/legrenierdelatour.be\/brocante\/wp-json\/wp\/v2\/product_tag?post=4808"}],"curies":[{"name":"wp","href":"https:\/\/api.w.org\/{rel}","templated":true}]}}