{"id":48,"date":"2022-02-08T16:14:28","date_gmt":"2022-02-08T15:14:28","guid":{"rendered":"https:\/\/legrenierdelatour.be\/brocante\/?post_type=product&#038;p=48"},"modified":"2022-05-19T17:48:32","modified_gmt":"2022-05-19T15:48:32","slug":"assiette-napoleon-boch-la-louviere","status":"publish","type":"product","link":"https:\/\/legrenierdelatour.be\/brocante\/produit\/assiette-napoleon-boch-la-louviere\/","title":{"rendered":"Assiette \u00ab\u00a0Napol\u00e9on\u00a0\u00bb Boch La Louvi\u00e8re"},"content":{"rendered":"<p>Assiette en fa\u00efence \u00ab\u00a0Napol\u00e9on\u00a0\u00bb produite par Boch La Louvi\u00e8re. 21 cm de diam\u00e8tre.<\/p>\n<p>D\u00e9cor monochrome noir repr\u00e9sentant \u00ab\u00a0Le G\u00e9n\u00e9ral Massena devant Z\u00fcrich 25 d\u00e9cembre 1799\u00a0\u00bb. Premi\u00e8re moiti\u00e9 du 20\u00e8me si\u00e8cle.<\/p>\n<p>R\u00e9f 1.64<\/p>\n","protected":false},"excerpt":{"rendered":"<p>Assiette en fa\u00efence \u00ab\u00a0Napol\u00e9on\u00a0\u00bb produite par Boch La Louvi\u00e8re. 21 cm de diam\u00e8tre. D\u00e9cor monochrome noir repr\u00e9sentant \u00ab\u00a0Le G\u00e9n\u00e9ral Massena devant Z\u00fcrich 25 d\u00e9cembre 1799\u00a0\u00bb. Premi\u00e8re moiti\u00e9 du 20\u00e8me si\u00e8cle. R\u00e9f 1.64<\/p>\n","protected":false},"featured_media":63,"comment_status":"open","ping_status":"closed","template":"","meta":{"neve_meta_sidebar":"","neve_meta_container":"","neve_meta_enable_content_width":"off","neve_meta_content_width":100,"neve_meta_title_alignment":"","neve_meta_author_avatar":"","neve_post_elements_order":"","neve_meta_disable_header":"","neve_meta_disable_footer":"","neve_meta_disable_title":""},"product_brand":[],"product_cat":[15,37,175,16],"product_tag":[20,19],"class_list":{"0":"post-48","1":"product","2":"type-product","3":"status-publish","4":"has-post-thumbnail","6":"product_cat-non-classe","7":"product_cat-belgique","8":"product_cat-boch","9":"product_cat-ceramique","10":"product_tag-boch","11":"product_tag-faience","13":"first","14":"instock","15":"shipping-taxable","16":"purchasable","17":"product-type-simple"},"_links":{"self":[{"href":"https:\/\/legrenierdelatour.be\/brocante\/wp-json\/wp\/v2\/product\/48","targetHints":{"allow":["GET"]}}],"collection":[{"href":"https:\/\/legrenierdelatour.be\/brocante\/wp-json\/wp\/v2\/product"}],"about":[{"href":"https:\/\/legrenierdelatour.be\/brocante\/wp-json\/wp\/v2\/types\/product"}],"replies":[{"embeddable":true,"href":"https:\/\/legrenierdelatour.be\/brocante\/wp-json\/wp\/v2\/comments?post=48"}],"wp:featuredmedia":[{"embeddable":true,"href":"https:\/\/legrenierdelatour.be\/brocante\/wp-json\/wp\/v2\/media\/63"}],"wp:attachment":[{"href":"https:\/\/legrenierdelatour.be\/brocante\/wp-json\/wp\/v2\/media?parent=48"}],"wp:term":[{"taxonomy":"product_brand","embeddable":true,"href":"https:\/\/legrenierdelatour.be\/brocante\/wp-json\/wp\/v2\/product_brand?post=48"},{"taxonomy":"product_cat","embeddable":true,"href":"https:\/\/legrenierdelatour.be\/brocante\/wp-json\/wp\/v2\/product_cat?post=48"},{"taxonomy":"product_tag","embeddable":true,"href":"https:\/\/legrenierdelatour.be\/brocante\/wp-json\/wp\/v2\/product_tag?post=48"}],"curies":[{"name":"wp","href":"https:\/\/api.w.org\/{rel}","templated":true}]}}