{"id":4792,"date":"2023-04-12T18:14:27","date_gmt":"2023-04-12T16:14:27","guid":{"rendered":"https:\/\/legrenierdelatour.be\/brocante\/?post_type=product&#038;p=4792"},"modified":"2023-04-12T18:14:27","modified_gmt":"2023-04-12T16:14:27","slug":"vas-luxval-machiavel-art-deco","status":"publish","type":"product","link":"https:\/\/legrenierdelatour.be\/brocante\/produit\/vas-luxval-machiavel-art-deco\/","title":{"rendered":"Vas Luxval Machiavel Art d\u00e9co"},"content":{"rendered":"<p>Vase en verre moul\u00e9 press\u00e9 (20 cm de haut) produit par Val st Lambert, dans la collection Luxval. Il s\u2019agit du mod\u00e8le Machiavel, pr\u00e9snet dans le catalogue de 1935. Le designer en est probablement Charles Graffart et Ren\u00e9 Delvenne.<\/p>\n<div>R\u00e9f 19.54<\/div>\n","protected":false},"excerpt":{"rendered":"<p>Vase en verre moul\u00e9 press\u00e9 (20 cm de haut) produit par Val st Lambert, dans la collection Luxval. Il s\u2019agit du mod\u00e8le Machiavel, pr\u00e9snet dans le catalogue de 1935. Le designer en est probablement Charles Graffart et Ren\u00e9 Delvenne. R\u00e9f 19.54<\/p>\n","protected":false},"featured_media":4781,"comment_status":"open","ping_status":"closed","template":"","meta":{"neve_meta_sidebar":"","neve_meta_container":"","neve_meta_enable_content_width":"off","neve_meta_content_width":100,"neve_meta_title_alignment":"","neve_meta_author_avatar":"","neve_post_elements_order":"","neve_meta_disable_header":"","neve_meta_disable_footer":"","neve_meta_disable_title":""},"product_brand":[],"product_cat":[64,162,63,22],"product_tag":[21,65,28],"class_list":{"0":"post-4792","1":"product","2":"type-product","3":"status-publish","4":"has-post-thumbnail","6":"product_cat-luxval","7":"product_cat-productions-belges","8":"product_cat-val-saint-lambert","9":"product_cat-verrerie","10":"product_tag-art-deco","11":"product_tag-luxval","12":"product_tag-vintage","14":"first","15":"instock","16":"shipping-taxable","17":"purchasable","18":"product-type-simple"},"_links":{"self":[{"href":"https:\/\/legrenierdelatour.be\/brocante\/wp-json\/wp\/v2\/product\/4792","targetHints":{"allow":["GET"]}}],"collection":[{"href":"https:\/\/legrenierdelatour.be\/brocante\/wp-json\/wp\/v2\/product"}],"about":[{"href":"https:\/\/legrenierdelatour.be\/brocante\/wp-json\/wp\/v2\/types\/product"}],"replies":[{"embeddable":true,"href":"https:\/\/legrenierdelatour.be\/brocante\/wp-json\/wp\/v2\/comments?post=4792"}],"wp:featuredmedia":[{"embeddable":true,"href":"https:\/\/legrenierdelatour.be\/brocante\/wp-json\/wp\/v2\/media\/4781"}],"wp:attachment":[{"href":"https:\/\/legrenierdelatour.be\/brocante\/wp-json\/wp\/v2\/media?parent=4792"}],"wp:term":[{"taxonomy":"product_brand","embeddable":true,"href":"https:\/\/legrenierdelatour.be\/brocante\/wp-json\/wp\/v2\/product_brand?post=4792"},{"taxonomy":"product_cat","embeddable":true,"href":"https:\/\/legrenierdelatour.be\/brocante\/wp-json\/wp\/v2\/product_cat?post=4792"},{"taxonomy":"product_tag","embeddable":true,"href":"https:\/\/legrenierdelatour.be\/brocante\/wp-json\/wp\/v2\/product_tag?post=4792"}],"curies":[{"name":"wp","href":"https:\/\/api.w.org\/{rel}","templated":true}]}}