{"id":4791,"date":"2023-04-12T14:23:22","date_gmt":"2023-04-12T12:23:22","guid":{"rendered":"https:\/\/legrenierdelatour.be\/brocante\/?post_type=product&#038;p=4791"},"modified":"2023-04-12T14:23:22","modified_gmt":"2023-04-12T12:23:22","slug":"vase-bay-586-30","status":"publish","type":"product","link":"https:\/\/legrenierdelatour.be\/brocante\/produit\/vase-bay-586-30\/","title":{"rendered":"Vase Bay 586-30"},"content":{"rendered":"<p>Vase West Germany (20 cm de haut) de forme 586, avec un d\u00e9cor typique des ann\u00e9es 1950-60. Il est en parfait \u00e9tat. Il est issu de la manufacture Bay (1933-1980) \u00e0 Ransbach Baumbach.<\/p>\n<div>R\u00e9f 19.52<\/div>\n","protected":false},"excerpt":{"rendered":"<p>Vase West Germany (20 cm de haut) de forme 586, avec un d\u00e9cor typique des ann\u00e9es 1950-60. Il est en parfait \u00e9tat. Il est issu de la manufacture Bay (1933-1980) \u00e0 Ransbach Baumbach. R\u00e9f 19.52<\/p>\n","protected":false},"featured_media":4789,"comment_status":"open","ping_status":"closed","template":"","meta":{"neve_meta_sidebar":"","neve_meta_container":"","neve_meta_enable_content_width":"off","neve_meta_content_width":100,"neve_meta_title_alignment":"","neve_meta_author_avatar":"","neve_post_elements_order":"","neve_meta_disable_header":"","neve_meta_disable_footer":"","neve_meta_disable_title":""},"product_brand":[],"product_cat":[48,53,16,47],"product_tag":[51,19,28,49],"class_list":{"0":"post-4791","1":"product","2":"type-product","3":"status-publish","4":"has-post-thumbnail","6":"product_cat-allemagne","7":"product_cat-bay","8":"product_cat-ceramique","9":"product_cat-west-germany","10":"product_tag-bay","11":"product_tag-faience","12":"product_tag-vintage","13":"product_tag-west-germany","15":"first","16":"instock","17":"shipping-taxable","18":"purchasable","19":"product-type-simple"},"_links":{"self":[{"href":"https:\/\/legrenierdelatour.be\/brocante\/wp-json\/wp\/v2\/product\/4791","targetHints":{"allow":["GET"]}}],"collection":[{"href":"https:\/\/legrenierdelatour.be\/brocante\/wp-json\/wp\/v2\/product"}],"about":[{"href":"https:\/\/legrenierdelatour.be\/brocante\/wp-json\/wp\/v2\/types\/product"}],"replies":[{"embeddable":true,"href":"https:\/\/legrenierdelatour.be\/brocante\/wp-json\/wp\/v2\/comments?post=4791"}],"wp:featuredmedia":[{"embeddable":true,"href":"https:\/\/legrenierdelatour.be\/brocante\/wp-json\/wp\/v2\/media\/4789"}],"wp:attachment":[{"href":"https:\/\/legrenierdelatour.be\/brocante\/wp-json\/wp\/v2\/media?parent=4791"}],"wp:term":[{"taxonomy":"product_brand","embeddable":true,"href":"https:\/\/legrenierdelatour.be\/brocante\/wp-json\/wp\/v2\/product_brand?post=4791"},{"taxonomy":"product_cat","embeddable":true,"href":"https:\/\/legrenierdelatour.be\/brocante\/wp-json\/wp\/v2\/product_cat?post=4791"},{"taxonomy":"product_tag","embeddable":true,"href":"https:\/\/legrenierdelatour.be\/brocante\/wp-json\/wp\/v2\/product_tag?post=4791"}],"curies":[{"name":"wp","href":"https:\/\/api.w.org\/{rel}","templated":true}]}}