{"id":4775,"date":"2023-04-12T14:03:23","date_gmt":"2023-04-12T12:03:23","guid":{"rendered":"https:\/\/legrenierdelatour.be\/brocante\/?post_type=product&#038;p=4775"},"modified":"2023-04-12T14:03:23","modified_gmt":"2023-04-12T12:03:23","slug":"vase-scheurich-west-germany-201-18","status":"publish","type":"product","link":"https:\/\/legrenierdelatour.be\/brocante\/produit\/vase-scheurich-west-germany-201-18\/","title":{"rendered":"Vase Scheurich, West Germany, 201-18"},"content":{"rendered":"<p>Beau vase (18 cm de haut) issu d\u2019une manufacture de l\u2019Ouest de l\u2019Allemagne, Scheurich (depuis 1954), sans doute dans les ann\u00e9es 1970. Il est de forme 201, en tr\u00e8s bel \u00e9tat.<\/p>\n<div>R\u00e9f 19.50<\/div>\n","protected":false},"excerpt":{"rendered":"<p>Beau vase (18 cm de haut) issu d\u2019une manufacture de l\u2019Ouest de l\u2019Allemagne, Scheurich (depuis 1954), sans doute dans les ann\u00e9es 1970. Il est de forme 201, en tr\u00e8s bel \u00e9tat. R\u00e9f 19.50<\/p>\n","protected":false},"featured_media":4768,"comment_status":"open","ping_status":"closed","template":"","meta":{"neve_meta_sidebar":"","neve_meta_container":"","neve_meta_enable_content_width":"off","neve_meta_content_width":100,"neve_meta_title_alignment":"","neve_meta_author_avatar":"","neve_post_elements_order":"","neve_meta_disable_header":"","neve_meta_disable_footer":"","neve_meta_disable_title":""},"product_brand":[],"product_cat":[48,16,52,47],"product_tag":[113,54,28,49],"class_list":{"0":"post-4775","1":"product","2":"type-product","3":"status-publish","4":"has-post-thumbnail","6":"product_cat-allemagne","7":"product_cat-ceramique","8":"product_cat-scheurig","9":"product_cat-west-germany","10":"product_tag-gres","11":"product_tag-scheurich","12":"product_tag-vintage","13":"product_tag-west-germany","15":"first","16":"instock","17":"shipping-taxable","18":"purchasable","19":"product-type-simple"},"_links":{"self":[{"href":"https:\/\/legrenierdelatour.be\/brocante\/wp-json\/wp\/v2\/product\/4775","targetHints":{"allow":["GET"]}}],"collection":[{"href":"https:\/\/legrenierdelatour.be\/brocante\/wp-json\/wp\/v2\/product"}],"about":[{"href":"https:\/\/legrenierdelatour.be\/brocante\/wp-json\/wp\/v2\/types\/product"}],"replies":[{"embeddable":true,"href":"https:\/\/legrenierdelatour.be\/brocante\/wp-json\/wp\/v2\/comments?post=4775"}],"wp:featuredmedia":[{"embeddable":true,"href":"https:\/\/legrenierdelatour.be\/brocante\/wp-json\/wp\/v2\/media\/4768"}],"wp:attachment":[{"href":"https:\/\/legrenierdelatour.be\/brocante\/wp-json\/wp\/v2\/media?parent=4775"}],"wp:term":[{"taxonomy":"product_brand","embeddable":true,"href":"https:\/\/legrenierdelatour.be\/brocante\/wp-json\/wp\/v2\/product_brand?post=4775"},{"taxonomy":"product_cat","embeddable":true,"href":"https:\/\/legrenierdelatour.be\/brocante\/wp-json\/wp\/v2\/product_cat?post=4775"},{"taxonomy":"product_tag","embeddable":true,"href":"https:\/\/legrenierdelatour.be\/brocante\/wp-json\/wp\/v2\/product_tag?post=4775"}],"curies":[{"name":"wp","href":"https:\/\/api.w.org\/{rel}","templated":true}]}}