{"id":4760,"date":"2023-04-12T08:50:53","date_gmt":"2023-04-12T06:50:53","guid":{"rendered":"https:\/\/legrenierdelatour.be\/brocante\/?post_type=product&#038;p=4760"},"modified":"2023-04-27T13:32:53","modified_gmt":"2023-04-27T11:32:53","slug":"6-verres-a-vin-vintage-italie","status":"publish","type":"product","link":"https:\/\/legrenierdelatour.be\/brocante\/produit\/6-verres-a-vin-vintage-italie\/","title":{"rendered":"6 verres \u00e0 vin Vintage, Italie"},"content":{"rendered":"<p>6 verres \u00e0 vin (7 cm de haut) en verre moul\u00e9, marqu\u00e9s Italy dessous. Ils datent des ann\u00e9es 1970-80 et sont en bon \u00e9tat.<\/p>\n<div>R\u00e9f 19.45<\/div>\n","protected":false},"excerpt":{"rendered":"<p>6 verres \u00e0 vin (7 cm de haut) en verre moul\u00e9, marqu\u00e9s Italy dessous. Ils datent des ann\u00e9es 1970-80 et sont en bon \u00e9tat. R\u00e9f 19.45<\/p>\n","protected":false},"featured_media":5020,"comment_status":"open","ping_status":"closed","template":"","meta":{"neve_meta_sidebar":"","neve_meta_container":"","neve_meta_enable_content_width":"off","neve_meta_content_width":100,"neve_meta_title_alignment":"","neve_meta_author_avatar":"","neve_post_elements_order":"","neve_meta_disable_header":"","neve_meta_disable_footer":"","neve_meta_disable_title":""},"product_brand":[],"product_cat":[164,172,22],"product_tag":[28],"class_list":{"0":"post-4760","1":"product","2":"type-product","3":"status-publish","4":"has-post-thumbnail","6":"product_cat-autres-productions","7":"product_cat-en-cuisine","8":"product_cat-verrerie","9":"product_tag-vintage","11":"first","12":"instock","13":"shipping-taxable","14":"purchasable","15":"product-type-simple"},"_links":{"self":[{"href":"https:\/\/legrenierdelatour.be\/brocante\/wp-json\/wp\/v2\/product\/4760","targetHints":{"allow":["GET"]}}],"collection":[{"href":"https:\/\/legrenierdelatour.be\/brocante\/wp-json\/wp\/v2\/product"}],"about":[{"href":"https:\/\/legrenierdelatour.be\/brocante\/wp-json\/wp\/v2\/types\/product"}],"replies":[{"embeddable":true,"href":"https:\/\/legrenierdelatour.be\/brocante\/wp-json\/wp\/v2\/comments?post=4760"}],"wp:featuredmedia":[{"embeddable":true,"href":"https:\/\/legrenierdelatour.be\/brocante\/wp-json\/wp\/v2\/media\/5020"}],"wp:attachment":[{"href":"https:\/\/legrenierdelatour.be\/brocante\/wp-json\/wp\/v2\/media?parent=4760"}],"wp:term":[{"taxonomy":"product_brand","embeddable":true,"href":"https:\/\/legrenierdelatour.be\/brocante\/wp-json\/wp\/v2\/product_brand?post=4760"},{"taxonomy":"product_cat","embeddable":true,"href":"https:\/\/legrenierdelatour.be\/brocante\/wp-json\/wp\/v2\/product_cat?post=4760"},{"taxonomy":"product_tag","embeddable":true,"href":"https:\/\/legrenierdelatour.be\/brocante\/wp-json\/wp\/v2\/product_tag?post=4760"}],"curies":[{"name":"wp","href":"https:\/\/api.w.org\/{rel}","templated":true}]}}