{"id":475,"date":"2022-03-01T13:54:10","date_gmt":"2022-03-01T12:54:10","guid":{"rendered":"https:\/\/legrenierdelatour.be\/brocante\/?post_type=product&#038;p=475"},"modified":"2022-03-12T17:20:59","modified_gmt":"2022-03-12T16:20:59","slug":"vase-west-germany-400-22-scheurich","status":"publish","type":"product","link":"https:\/\/legrenierdelatour.be\/brocante\/produit\/vase-west-germany-400-22-scheurich\/","title":{"rendered":"Vase West Germany 400-22 Scheurich"},"content":{"rendered":"<p>Beau vase West Germany de forme \u00ab\u00a0400\u00a0\u00bb et de hauteur \u00ab\u00a022\u00a0\u00bb cm. Tr\u00e8s bon \u00e9tat. Produit par la manufacture Scheurich dans les ann\u00e9es 1970-79.<\/p>\n<p>R\u00e9f 7.7<\/p>\n","protected":false},"excerpt":{"rendered":"<p>Beau vase West Germany de forme \u00ab\u00a0400\u00a0\u00bb et de hauteur \u00ab\u00a022\u00a0\u00bb cm. Tr\u00e8s bon \u00e9tat. Produit par la manufacture Scheurich dans les ann\u00e9es 1970-79. R\u00e9f 7.7<\/p>\n","protected":false},"featured_media":476,"comment_status":"open","ping_status":"closed","template":"","meta":{"neve_meta_sidebar":"","neve_meta_container":"","neve_meta_enable_content_width":"off","neve_meta_content_width":100,"neve_meta_title_alignment":"","neve_meta_author_avatar":"","neve_post_elements_order":"","neve_meta_disable_header":"","neve_meta_disable_footer":"","neve_meta_disable_title":""},"product_brand":[],"product_cat":[15,48,16,52,47],"product_tag":[19,50,28,49],"class_list":{"0":"post-475","1":"product","2":"type-product","3":"status-publish","4":"has-post-thumbnail","6":"product_cat-non-classe","7":"product_cat-allemagne","8":"product_cat-ceramique","9":"product_cat-scheurig","10":"product_cat-west-germany","11":"product_tag-faience","12":"product_tag-fat-lava","13":"product_tag-vintage","14":"product_tag-west-germany","16":"first","17":"instock","18":"shipping-taxable","19":"purchasable","20":"product-type-simple"},"_links":{"self":[{"href":"https:\/\/legrenierdelatour.be\/brocante\/wp-json\/wp\/v2\/product\/475","targetHints":{"allow":["GET"]}}],"collection":[{"href":"https:\/\/legrenierdelatour.be\/brocante\/wp-json\/wp\/v2\/product"}],"about":[{"href":"https:\/\/legrenierdelatour.be\/brocante\/wp-json\/wp\/v2\/types\/product"}],"replies":[{"embeddable":true,"href":"https:\/\/legrenierdelatour.be\/brocante\/wp-json\/wp\/v2\/comments?post=475"}],"wp:featuredmedia":[{"embeddable":true,"href":"https:\/\/legrenierdelatour.be\/brocante\/wp-json\/wp\/v2\/media\/476"}],"wp:attachment":[{"href":"https:\/\/legrenierdelatour.be\/brocante\/wp-json\/wp\/v2\/media?parent=475"}],"wp:term":[{"taxonomy":"product_brand","embeddable":true,"href":"https:\/\/legrenierdelatour.be\/brocante\/wp-json\/wp\/v2\/product_brand?post=475"},{"taxonomy":"product_cat","embeddable":true,"href":"https:\/\/legrenierdelatour.be\/brocante\/wp-json\/wp\/v2\/product_cat?post=475"},{"taxonomy":"product_tag","embeddable":true,"href":"https:\/\/legrenierdelatour.be\/brocante\/wp-json\/wp\/v2\/product_tag?post=475"}],"curies":[{"name":"wp","href":"https:\/\/api.w.org\/{rel}","templated":true}]}}