{"id":4731,"date":"2023-04-08T21:04:31","date_gmt":"2023-04-08T19:04:31","guid":{"rendered":"https:\/\/legrenierdelatour.be\/brocante\/?post_type=product&#038;p=4731"},"modified":"2023-04-08T21:05:17","modified_gmt":"2023-04-08T19:05:17","slug":"sauciere-fasan-verte-villeroy-boch","status":"publish","type":"product","link":"https:\/\/legrenierdelatour.be\/brocante\/produit\/sauciere-fasan-verte-villeroy-boch\/","title":{"rendered":"Sauci\u00e8re Fasan verte Villeroy &#038; Boch"},"content":{"rendered":"<p>Sauci\u00e8re (21 cm de long) de la collection Fasan verte de Villeroy &amp; Boch. Elle est en parfait \u00e9tat.<\/p>\n<div>R\u00e9f 19.35<\/div>\n","protected":false},"excerpt":{"rendered":"<p>Sauci\u00e8re (21 cm de long) de la collection Fasan verte de Villeroy &amp; Boch. Elle est en parfait \u00e9tat. R\u00e9f 19.35<\/p>\n","protected":false},"featured_media":4724,"comment_status":"open","ping_status":"closed","template":"","meta":{"neve_meta_sidebar":"","neve_meta_container":"","neve_meta_enable_content_width":"off","neve_meta_content_width":100,"neve_meta_title_alignment":"","neve_meta_author_avatar":"","neve_post_elements_order":"","neve_meta_disable_header":"","neve_meta_disable_footer":"","neve_meta_disable_title":""},"product_brand":[],"product_cat":[172,16,165,29],"product_tag":[19,32],"class_list":{"0":"post-4731","1":"product","2":"type-product","3":"status-publish","4":"has-post-thumbnail","6":"product_cat-en-cuisine","7":"product_cat-ceramique","8":"product_cat-luxembourg","9":"product_cat-villeroy-boch","10":"product_tag-faience","11":"product_tag-villeroy-et-boch","13":"first","14":"instock","15":"shipping-taxable","16":"purchasable","17":"product-type-simple"},"_links":{"self":[{"href":"https:\/\/legrenierdelatour.be\/brocante\/wp-json\/wp\/v2\/product\/4731","targetHints":{"allow":["GET"]}}],"collection":[{"href":"https:\/\/legrenierdelatour.be\/brocante\/wp-json\/wp\/v2\/product"}],"about":[{"href":"https:\/\/legrenierdelatour.be\/brocante\/wp-json\/wp\/v2\/types\/product"}],"replies":[{"embeddable":true,"href":"https:\/\/legrenierdelatour.be\/brocante\/wp-json\/wp\/v2\/comments?post=4731"}],"wp:featuredmedia":[{"embeddable":true,"href":"https:\/\/legrenierdelatour.be\/brocante\/wp-json\/wp\/v2\/media\/4724"}],"wp:attachment":[{"href":"https:\/\/legrenierdelatour.be\/brocante\/wp-json\/wp\/v2\/media?parent=4731"}],"wp:term":[{"taxonomy":"product_brand","embeddable":true,"href":"https:\/\/legrenierdelatour.be\/brocante\/wp-json\/wp\/v2\/product_brand?post=4731"},{"taxonomy":"product_cat","embeddable":true,"href":"https:\/\/legrenierdelatour.be\/brocante\/wp-json\/wp\/v2\/product_cat?post=4731"},{"taxonomy":"product_tag","embeddable":true,"href":"https:\/\/legrenierdelatour.be\/brocante\/wp-json\/wp\/v2\/product_tag?post=4731"}],"curies":[{"name":"wp","href":"https:\/\/api.w.org\/{rel}","templated":true}]}}