{"id":473,"date":"2022-03-01T13:20:02","date_gmt":"2022-03-01T12:20:02","guid":{"rendered":"https:\/\/legrenierdelatour.be\/brocante\/?post_type=product&#038;p=473"},"modified":"2022-03-12T17:21:24","modified_gmt":"2022-03-12T16:21:24","slug":"vase-fat-lava-558","status":"publish","type":"product","link":"https:\/\/legrenierdelatour.be\/brocante\/produit\/vase-fat-lava-558\/","title":{"rendered":"Vase Fat lava 558"},"content":{"rendered":"<p>Petit pichet(16 cm haut) de style Fat Lava, au d\u00e9cor flamm\u00e9 verniss\u00e9 brillant, de forme \u00ab\u00a0558\u00a0\u00bb. Sans doute produit dans les ann\u00e9es 1970 en Allemagne.<\/p>\n<p>R\u00e9f 6.78<\/p>\n","protected":false},"excerpt":{"rendered":"<p>Petit pichet(16 cm haut) de style Fat Lava, au d\u00e9cor flamm\u00e9 verniss\u00e9 brillant, de forme \u00ab\u00a0558\u00a0\u00bb. Sans doute produit dans les ann\u00e9es 1970 en Allemagne. R\u00e9f 6.78<\/p>\n","protected":false},"featured_media":462,"comment_status":"open","ping_status":"closed","template":"","meta":{"neve_meta_sidebar":"","neve_meta_container":"","neve_meta_enable_content_width":"off","neve_meta_content_width":100,"neve_meta_title_alignment":"","neve_meta_author_avatar":"","neve_post_elements_order":"","neve_meta_disable_header":"","neve_meta_disable_footer":"","neve_meta_disable_title":""},"product_brand":[],"product_cat":[15,48,16,47],"product_tag":[19,50,28,49],"class_list":{"0":"post-473","1":"product","2":"type-product","3":"status-publish","4":"has-post-thumbnail","6":"product_cat-non-classe","7":"product_cat-allemagne","8":"product_cat-ceramique","9":"product_cat-west-germany","10":"product_tag-faience","11":"product_tag-fat-lava","12":"product_tag-vintage","13":"product_tag-west-germany","15":"first","16":"instock","17":"shipping-taxable","18":"purchasable","19":"product-type-simple"},"_links":{"self":[{"href":"https:\/\/legrenierdelatour.be\/brocante\/wp-json\/wp\/v2\/product\/473","targetHints":{"allow":["GET"]}}],"collection":[{"href":"https:\/\/legrenierdelatour.be\/brocante\/wp-json\/wp\/v2\/product"}],"about":[{"href":"https:\/\/legrenierdelatour.be\/brocante\/wp-json\/wp\/v2\/types\/product"}],"replies":[{"embeddable":true,"href":"https:\/\/legrenierdelatour.be\/brocante\/wp-json\/wp\/v2\/comments?post=473"}],"wp:featuredmedia":[{"embeddable":true,"href":"https:\/\/legrenierdelatour.be\/brocante\/wp-json\/wp\/v2\/media\/462"}],"wp:attachment":[{"href":"https:\/\/legrenierdelatour.be\/brocante\/wp-json\/wp\/v2\/media?parent=473"}],"wp:term":[{"taxonomy":"product_brand","embeddable":true,"href":"https:\/\/legrenierdelatour.be\/brocante\/wp-json\/wp\/v2\/product_brand?post=473"},{"taxonomy":"product_cat","embeddable":true,"href":"https:\/\/legrenierdelatour.be\/brocante\/wp-json\/wp\/v2\/product_cat?post=473"},{"taxonomy":"product_tag","embeddable":true,"href":"https:\/\/legrenierdelatour.be\/brocante\/wp-json\/wp\/v2\/product_tag?post=473"}],"curies":[{"name":"wp","href":"https:\/\/api.w.org\/{rel}","templated":true}]}}