{"id":472,"date":"2022-03-01T13:08:57","date_gmt":"2022-03-01T12:08:57","guid":{"rendered":"https:\/\/legrenierdelatour.be\/brocante\/?post_type=product&#038;p=472"},"modified":"2022-03-12T17:21:34","modified_gmt":"2022-03-12T16:21:34","slug":"vase-west-germany-76-20-bay","status":"publish","type":"product","link":"https:\/\/legrenierdelatour.be\/brocante\/produit\/vase-west-germany-76-20-bay\/","title":{"rendered":"Vase West-Germany 76 20 Bay"},"content":{"rendered":"<p>Beau vase structur\u00e9 et verniss\u00e9 brillant, d\u00fb \u00e0 la manufacture Bay (1933-1971), d&rsquo;apr\u00e8s le moule \u00ab\u00a076\u00a0\u00bb et d&rsquo;une hauteur de \u00ab\u00a020\u00a0\u00bb cm. Ce tr\u00e8s beau vase West Germany est en tr\u00e8s bon \u00e9tat et sans doute produit dans les ann\u00e9es 1960.<\/p>\n<p>R\u00e9f 6.56<\/p>\n","protected":false},"excerpt":{"rendered":"<p>Beau vase structur\u00e9 et verniss\u00e9 brillant, d\u00fb \u00e0 la manufacture Bay (1933-1971), d&rsquo;apr\u00e8s le moule \u00ab\u00a076\u00a0\u00bb et d&rsquo;une hauteur de \u00ab\u00a020\u00a0\u00bb cm. Ce tr\u00e8s beau vase West Germany est en tr\u00e8s bon \u00e9tat et sans doute produit dans les ann\u00e9es 1960. R\u00e9f 6.56<\/p>\n","protected":false},"featured_media":460,"comment_status":"open","ping_status":"closed","template":"","meta":{"neve_meta_sidebar":"","neve_meta_container":"","neve_meta_enable_content_width":"off","neve_meta_content_width":100,"neve_meta_title_alignment":"","neve_meta_author_avatar":"","neve_post_elements_order":"","neve_meta_disable_header":"","neve_meta_disable_footer":"","neve_meta_disable_title":""},"product_brand":[],"product_cat":[15,48,53,16,47],"product_tag":[51,19,50,28,49],"class_list":{"0":"post-472","1":"product","2":"type-product","3":"status-publish","4":"has-post-thumbnail","6":"product_cat-non-classe","7":"product_cat-allemagne","8":"product_cat-bay","9":"product_cat-ceramique","10":"product_cat-west-germany","11":"product_tag-bay","12":"product_tag-faience","13":"product_tag-fat-lava","14":"product_tag-vintage","15":"product_tag-west-germany","17":"first","18":"instock","19":"shipping-taxable","20":"purchasable","21":"product-type-simple"},"_links":{"self":[{"href":"https:\/\/legrenierdelatour.be\/brocante\/wp-json\/wp\/v2\/product\/472","targetHints":{"allow":["GET"]}}],"collection":[{"href":"https:\/\/legrenierdelatour.be\/brocante\/wp-json\/wp\/v2\/product"}],"about":[{"href":"https:\/\/legrenierdelatour.be\/brocante\/wp-json\/wp\/v2\/types\/product"}],"replies":[{"embeddable":true,"href":"https:\/\/legrenierdelatour.be\/brocante\/wp-json\/wp\/v2\/comments?post=472"}],"wp:featuredmedia":[{"embeddable":true,"href":"https:\/\/legrenierdelatour.be\/brocante\/wp-json\/wp\/v2\/media\/460"}],"wp:attachment":[{"href":"https:\/\/legrenierdelatour.be\/brocante\/wp-json\/wp\/v2\/media?parent=472"}],"wp:term":[{"taxonomy":"product_brand","embeddable":true,"href":"https:\/\/legrenierdelatour.be\/brocante\/wp-json\/wp\/v2\/product_brand?post=472"},{"taxonomy":"product_cat","embeddable":true,"href":"https:\/\/legrenierdelatour.be\/brocante\/wp-json\/wp\/v2\/product_cat?post=472"},{"taxonomy":"product_tag","embeddable":true,"href":"https:\/\/legrenierdelatour.be\/brocante\/wp-json\/wp\/v2\/product_tag?post=472"}],"curies":[{"name":"wp","href":"https:\/\/api.w.org\/{rel}","templated":true}]}}