{"id":4700,"date":"2023-04-07T18:49:13","date_gmt":"2023-04-07T16:49:13","guid":{"rendered":"https:\/\/legrenierdelatour.be\/brocante\/?post_type=product&#038;p=4700"},"modified":"2023-04-07T18:49:13","modified_gmt":"2023-04-07T16:49:13","slug":"3-verres-a-digestif-france","status":"publish","type":"product","link":"https:\/\/legrenierdelatour.be\/brocante\/produit\/3-verres-a-digestif-france\/","title":{"rendered":"3 verres \u00e0 digestif France"},"content":{"rendered":"<p>Trois jolis verres \u00e0 digestif (4 cm de haut) en verre moul\u00e9, produits en France. Ils sont en parfait \u00e9tat et ont des lis\u00e9r\u00e9s dor\u00e9s sur la partie sup\u00e9rieure. Ils datent sans doute des ann\u00e9es 1950.<\/p>\n<p>Ils sont vendus \u00e0 3\u20ac pi\u00e8ce.<\/p>\n<div>R\u00e9f 19.25<\/div>\n","protected":false},"excerpt":{"rendered":"<p>Trois jolis verres \u00e0 digestif (4 cm de haut) en verre moul\u00e9, produits en France. Ils sont en parfait \u00e9tat et ont des lis\u00e9r\u00e9s dor\u00e9s sur la partie sup\u00e9rieure. Ils datent sans doute des ann\u00e9es 1950. Ils sont vendus \u00e0 3\u20ac pi\u00e8ce. R\u00e9f 19.25<\/p>\n","protected":false},"featured_media":4701,"comment_status":"open","ping_status":"closed","template":"","meta":{"neve_meta_sidebar":"","neve_meta_container":"","neve_meta_enable_content_width":"off","neve_meta_content_width":100,"neve_meta_title_alignment":"","neve_meta_author_avatar":"","neve_post_elements_order":"","neve_meta_disable_header":"","neve_meta_disable_footer":"","neve_meta_disable_title":""},"product_brand":[],"product_cat":[172,163,22],"product_tag":[28],"class_list":{"0":"post-4700","1":"product","2":"type-product","3":"status-publish","4":"has-post-thumbnail","6":"product_cat-en-cuisine","7":"product_cat-productions-francaises","8":"product_cat-verrerie","9":"product_tag-vintage","11":"first","12":"instock","13":"shipping-taxable","14":"purchasable","15":"product-type-simple"},"_links":{"self":[{"href":"https:\/\/legrenierdelatour.be\/brocante\/wp-json\/wp\/v2\/product\/4700","targetHints":{"allow":["GET"]}}],"collection":[{"href":"https:\/\/legrenierdelatour.be\/brocante\/wp-json\/wp\/v2\/product"}],"about":[{"href":"https:\/\/legrenierdelatour.be\/brocante\/wp-json\/wp\/v2\/types\/product"}],"replies":[{"embeddable":true,"href":"https:\/\/legrenierdelatour.be\/brocante\/wp-json\/wp\/v2\/comments?post=4700"}],"wp:featuredmedia":[{"embeddable":true,"href":"https:\/\/legrenierdelatour.be\/brocante\/wp-json\/wp\/v2\/media\/4701"}],"wp:attachment":[{"href":"https:\/\/legrenierdelatour.be\/brocante\/wp-json\/wp\/v2\/media?parent=4700"}],"wp:term":[{"taxonomy":"product_brand","embeddable":true,"href":"https:\/\/legrenierdelatour.be\/brocante\/wp-json\/wp\/v2\/product_brand?post=4700"},{"taxonomy":"product_cat","embeddable":true,"href":"https:\/\/legrenierdelatour.be\/brocante\/wp-json\/wp\/v2\/product_cat?post=4700"},{"taxonomy":"product_tag","embeddable":true,"href":"https:\/\/legrenierdelatour.be\/brocante\/wp-json\/wp\/v2\/product_tag?post=4700"}],"curies":[{"name":"wp","href":"https:\/\/api.w.org\/{rel}","templated":true}]}}