{"id":468,"date":"2022-03-01T13:00:38","date_gmt":"2022-03-01T12:00:38","guid":{"rendered":"https:\/\/legrenierdelatour.be\/brocante\/?post_type=product&#038;p=468"},"modified":"2022-03-12T17:21:47","modified_gmt":"2022-03-12T16:21:47","slug":"paire-de-vases-west-germany-538-10","status":"publish","type":"product","link":"https:\/\/legrenierdelatour.be\/brocante\/produit\/paire-de-vases-west-germany-538-10\/","title":{"rendered":"Paire de vases West-Germany 538-10"},"content":{"rendered":"<p>Paire de petits vases (10,5 cm) West Germany suivant le moule \u00ab\u00a0538\u00a0\u00bb, peut-\u00eatre issu de la manufacture Alfred Klein Keramik (1934-1980). Vases en parfait \u00e9tat, sans doute produit dans les ann\u00e9es 1940-50.<\/p>\n<p>R\u00e9f 6.34<\/p>\n","protected":false},"excerpt":{"rendered":"<p>Paire de petits vases (10,5 cm) West Germany suivant le moule \u00ab\u00a0538\u00a0\u00bb, peut-\u00eatre issu de la manufacture Alfred Klein Keramik (1934-1980). Vases en parfait \u00e9tat, sans doute produit dans les ann\u00e9es 1940-50. R\u00e9f 6.34<\/p>\n","protected":false},"featured_media":469,"comment_status":"open","ping_status":"closed","template":"","meta":{"neve_meta_sidebar":"","neve_meta_container":"","neve_meta_enable_content_width":"off","neve_meta_content_width":100,"neve_meta_title_alignment":"","neve_meta_author_avatar":"","neve_post_elements_order":"","neve_meta_disable_header":"","neve_meta_disable_footer":"","neve_meta_disable_title":""},"product_brand":[],"product_cat":[15,48,16,47],"product_tag":[19,50,28,49],"class_list":{"0":"post-468","1":"product","2":"type-product","3":"status-publish","4":"has-post-thumbnail","6":"product_cat-non-classe","7":"product_cat-allemagne","8":"product_cat-ceramique","9":"product_cat-west-germany","10":"product_tag-faience","11":"product_tag-fat-lava","12":"product_tag-vintage","13":"product_tag-west-germany","15":"first","16":"instock","17":"shipping-taxable","18":"purchasable","19":"product-type-simple"},"_links":{"self":[{"href":"https:\/\/legrenierdelatour.be\/brocante\/wp-json\/wp\/v2\/product\/468","targetHints":{"allow":["GET"]}}],"collection":[{"href":"https:\/\/legrenierdelatour.be\/brocante\/wp-json\/wp\/v2\/product"}],"about":[{"href":"https:\/\/legrenierdelatour.be\/brocante\/wp-json\/wp\/v2\/types\/product"}],"replies":[{"embeddable":true,"href":"https:\/\/legrenierdelatour.be\/brocante\/wp-json\/wp\/v2\/comments?post=468"}],"wp:featuredmedia":[{"embeddable":true,"href":"https:\/\/legrenierdelatour.be\/brocante\/wp-json\/wp\/v2\/media\/469"}],"wp:attachment":[{"href":"https:\/\/legrenierdelatour.be\/brocante\/wp-json\/wp\/v2\/media?parent=468"}],"wp:term":[{"taxonomy":"product_brand","embeddable":true,"href":"https:\/\/legrenierdelatour.be\/brocante\/wp-json\/wp\/v2\/product_brand?post=468"},{"taxonomy":"product_cat","embeddable":true,"href":"https:\/\/legrenierdelatour.be\/brocante\/wp-json\/wp\/v2\/product_cat?post=468"},{"taxonomy":"product_tag","embeddable":true,"href":"https:\/\/legrenierdelatour.be\/brocante\/wp-json\/wp\/v2\/product_tag?post=468"}],"curies":[{"name":"wp","href":"https:\/\/api.w.org\/{rel}","templated":true}]}}