{"id":4678,"date":"2023-04-06T20:33:02","date_gmt":"2023-04-06T18:33:02","guid":{"rendered":"https:\/\/legrenierdelatour.be\/brocante\/?post_type=product&#038;p=4678"},"modified":"2023-04-06T20:33:02","modified_gmt":"2023-04-06T18:33:02","slug":"vase-pichet-steuler-659-20","status":"publish","type":"product","link":"https:\/\/legrenierdelatour.be\/brocante\/produit\/vase-pichet-steuler-659-20\/","title":{"rendered":"Vase pichet Steuler 659\/20"},"content":{"rendered":"<p>Beau vase pichet (20 cm de haut) de la manufacture Steuler (1917-1996) en Allemagne dans les ann\u00e9es 1959-60, d\u2019apr\u00e8s la marque sous le vase. Il est en tr\u00e8s bon \u00e9tat.<\/p>\n<div>R\u00e9f 19.16<\/div>\n","protected":false},"excerpt":{"rendered":"<p>Beau vase pichet (20 cm de haut) de la manufacture Steuler (1917-1996) en Allemagne dans les ann\u00e9es 1959-60, d\u2019apr\u00e8s la marque sous le vase. Il est en tr\u00e8s bon \u00e9tat. R\u00e9f 19.16<\/p>\n","protected":false},"featured_media":4671,"comment_status":"open","ping_status":"closed","template":"","meta":{"neve_meta_sidebar":"","neve_meta_container":"","neve_meta_enable_content_width":"off","neve_meta_content_width":100,"neve_meta_title_alignment":"","neve_meta_author_avatar":"","neve_post_elements_order":"","neve_meta_disable_header":"","neve_meta_disable_footer":"","neve_meta_disable_title":""},"product_brand":[],"product_cat":[48,16,47],"product_tag":[113,49],"class_list":{"0":"post-4678","1":"product","2":"type-product","3":"status-publish","4":"has-post-thumbnail","6":"product_cat-allemagne","7":"product_cat-ceramique","8":"product_cat-west-germany","9":"product_tag-gres","10":"product_tag-west-germany","12":"first","13":"instock","14":"shipping-taxable","15":"purchasable","16":"product-type-simple"},"_links":{"self":[{"href":"https:\/\/legrenierdelatour.be\/brocante\/wp-json\/wp\/v2\/product\/4678","targetHints":{"allow":["GET"]}}],"collection":[{"href":"https:\/\/legrenierdelatour.be\/brocante\/wp-json\/wp\/v2\/product"}],"about":[{"href":"https:\/\/legrenierdelatour.be\/brocante\/wp-json\/wp\/v2\/types\/product"}],"replies":[{"embeddable":true,"href":"https:\/\/legrenierdelatour.be\/brocante\/wp-json\/wp\/v2\/comments?post=4678"}],"wp:featuredmedia":[{"embeddable":true,"href":"https:\/\/legrenierdelatour.be\/brocante\/wp-json\/wp\/v2\/media\/4671"}],"wp:attachment":[{"href":"https:\/\/legrenierdelatour.be\/brocante\/wp-json\/wp\/v2\/media?parent=4678"}],"wp:term":[{"taxonomy":"product_brand","embeddable":true,"href":"https:\/\/legrenierdelatour.be\/brocante\/wp-json\/wp\/v2\/product_brand?post=4678"},{"taxonomy":"product_cat","embeddable":true,"href":"https:\/\/legrenierdelatour.be\/brocante\/wp-json\/wp\/v2\/product_cat?post=4678"},{"taxonomy":"product_tag","embeddable":true,"href":"https:\/\/legrenierdelatour.be\/brocante\/wp-json\/wp\/v2\/product_tag?post=4678"}],"curies":[{"name":"wp","href":"https:\/\/api.w.org\/{rel}","templated":true}]}}