{"id":4661,"date":"2023-04-05T21:47:42","date_gmt":"2023-04-05T19:47:42","guid":{"rendered":"https:\/\/legrenierdelatour.be\/brocante\/?post_type=product&#038;p=4661"},"modified":"2023-04-06T19:54:02","modified_gmt":"2023-04-06T17:54:02","slug":"vase-en-verre-dore-et-depoli","status":"publish","type":"product","link":"https:\/\/legrenierdelatour.be\/brocante\/produit\/vase-en-verre-dore-et-depoli\/","title":{"rendered":"Vase en verre dor\u00e9 et d\u00e9poli"},"content":{"rendered":"<p>Beau vase (15 cm de haut) en verre souffl\u00e9 dor\u00e9, avec motifs de fleurs stylis\u00e9es sur le pourtour. Certaines parties sont d\u00e9polies, d\u2019autres dor\u00e9es. Il est en tr\u00e8s bon \u00e9tat et pourrait \u00eatre issu d\u2019une manufacture belge comme Boom, Laeken ou Doyen, et date sans doute des ann\u00e9es 1930-50.<\/p>\n<div>R\u00e9f 19.12<\/div>\n","protected":false},"excerpt":{"rendered":"<p>Beau vase (15 cm de haut) en verre souffl\u00e9 dor\u00e9, avec motifs de fleurs stylis\u00e9es sur le pourtour. Certaines parties sont d\u00e9polies, d\u2019autres dor\u00e9es. Il est en tr\u00e8s bon \u00e9tat et pourrait \u00eatre issu d\u2019une manufacture belge comme Boom, Laeken ou Doyen, et date sans doute des ann\u00e9es 1930-50. R\u00e9f 19.12<\/p>\n","protected":false},"featured_media":4662,"comment_status":"open","ping_status":"closed","template":"","meta":{"neve_meta_sidebar":"","neve_meta_container":"","neve_meta_enable_content_width":"off","neve_meta_content_width":100,"neve_meta_title_alignment":"","neve_meta_author_avatar":"","neve_post_elements_order":"","neve_meta_disable_header":"","neve_meta_disable_footer":"","neve_meta_disable_title":""},"product_brand":[],"product_cat":[106,107,150,162,22],"product_tag":[28],"class_list":{"0":"post-4661","1":"product","2":"type-product","3":"status-publish","4":"has-post-thumbnail","6":"product_cat-boom","7":"product_cat-doyen","8":"product_cat-laeken","9":"product_cat-productions-belges","10":"product_cat-verrerie","11":"product_tag-vintage","13":"first","14":"instock","15":"shipping-taxable","16":"purchasable","17":"product-type-simple"},"_links":{"self":[{"href":"https:\/\/legrenierdelatour.be\/brocante\/wp-json\/wp\/v2\/product\/4661","targetHints":{"allow":["GET"]}}],"collection":[{"href":"https:\/\/legrenierdelatour.be\/brocante\/wp-json\/wp\/v2\/product"}],"about":[{"href":"https:\/\/legrenierdelatour.be\/brocante\/wp-json\/wp\/v2\/types\/product"}],"replies":[{"embeddable":true,"href":"https:\/\/legrenierdelatour.be\/brocante\/wp-json\/wp\/v2\/comments?post=4661"}],"wp:featuredmedia":[{"embeddable":true,"href":"https:\/\/legrenierdelatour.be\/brocante\/wp-json\/wp\/v2\/media\/4662"}],"wp:attachment":[{"href":"https:\/\/legrenierdelatour.be\/brocante\/wp-json\/wp\/v2\/media?parent=4661"}],"wp:term":[{"taxonomy":"product_brand","embeddable":true,"href":"https:\/\/legrenierdelatour.be\/brocante\/wp-json\/wp\/v2\/product_brand?post=4661"},{"taxonomy":"product_cat","embeddable":true,"href":"https:\/\/legrenierdelatour.be\/brocante\/wp-json\/wp\/v2\/product_cat?post=4661"},{"taxonomy":"product_tag","embeddable":true,"href":"https:\/\/legrenierdelatour.be\/brocante\/wp-json\/wp\/v2\/product_tag?post=4661"}],"curies":[{"name":"wp","href":"https:\/\/api.w.org\/{rel}","templated":true}]}}