{"id":4657,"date":"2023-04-05T20:23:13","date_gmt":"2023-04-05T18:23:13","guid":{"rendered":"https:\/\/legrenierdelatour.be\/brocante\/?post_type=product&#038;p=4657"},"modified":"2023-04-05T20:23:14","modified_gmt":"2023-04-05T18:23:14","slug":"assiette-grand-duche-de-luxembourg-villeroy-et-boch","status":"publish","type":"product","link":"https:\/\/legrenierdelatour.be\/brocante\/produit\/assiette-grand-duche-de-luxembourg-villeroy-et-boch\/","title":{"rendered":"Assiette Grand Duch\u00e9 de Luxembourg Villeroy et Boch"},"content":{"rendered":"<p>Belle assiette (26 cm de diam\u00e8tre) avec une repr\u00e9sentation du Grand-Duch\u00e9 de Luxembourg, dessin r\u00e9alis\u00e9 par l\u2019artiste luxembourgeois Joseph Putz. Elle est en parfait \u00e9tat et a \u00e9t\u00e9 produite par Villeroy et Boch sans doute fin du 20\u00e8 si\u00e8cle.<\/p>\n<div>R\u00e9f 19.9<\/div>\n","protected":false},"excerpt":{"rendered":"<p>Belle assiette (26 cm de diam\u00e8tre) avec une repr\u00e9sentation du Grand-Duch\u00e9 de Luxembourg, dessin r\u00e9alis\u00e9 par l\u2019artiste luxembourgeois Joseph Putz. Elle est en parfait \u00e9tat et a \u00e9t\u00e9 produite par Villeroy et Boch sans doute fin du 20\u00e8 si\u00e8cle. R\u00e9f 19.9<\/p>\n","protected":false},"featured_media":4655,"comment_status":"open","ping_status":"closed","template":"","meta":{"neve_meta_sidebar":"","neve_meta_container":"","neve_meta_enable_content_width":"off","neve_meta_content_width":100,"neve_meta_title_alignment":"","neve_meta_author_avatar":"","neve_post_elements_order":"","neve_meta_disable_header":"","neve_meta_disable_footer":"","neve_meta_disable_title":""},"product_brand":[],"product_cat":[16,165,30,166,29],"product_tag":[83,32],"class_list":{"0":"post-4657","1":"product","2":"type-product","3":"status-publish","4":"has-post-thumbnail","6":"product_cat-ceramique","7":"product_cat-luxembourg","8":"product_cat-luxemburgensia","9":"product_cat-luxemburgensia-luxemburgensia","10":"product_cat-villeroy-boch","11":"product_tag-luxemburgensia","12":"product_tag-villeroy-et-boch","14":"first","15":"instock","16":"shipping-taxable","17":"purchasable","18":"product-type-simple"},"_links":{"self":[{"href":"https:\/\/legrenierdelatour.be\/brocante\/wp-json\/wp\/v2\/product\/4657","targetHints":{"allow":["GET"]}}],"collection":[{"href":"https:\/\/legrenierdelatour.be\/brocante\/wp-json\/wp\/v2\/product"}],"about":[{"href":"https:\/\/legrenierdelatour.be\/brocante\/wp-json\/wp\/v2\/types\/product"}],"replies":[{"embeddable":true,"href":"https:\/\/legrenierdelatour.be\/brocante\/wp-json\/wp\/v2\/comments?post=4657"}],"wp:featuredmedia":[{"embeddable":true,"href":"https:\/\/legrenierdelatour.be\/brocante\/wp-json\/wp\/v2\/media\/4655"}],"wp:attachment":[{"href":"https:\/\/legrenierdelatour.be\/brocante\/wp-json\/wp\/v2\/media?parent=4657"}],"wp:term":[{"taxonomy":"product_brand","embeddable":true,"href":"https:\/\/legrenierdelatour.be\/brocante\/wp-json\/wp\/v2\/product_brand?post=4657"},{"taxonomy":"product_cat","embeddable":true,"href":"https:\/\/legrenierdelatour.be\/brocante\/wp-json\/wp\/v2\/product_cat?post=4657"},{"taxonomy":"product_tag","embeddable":true,"href":"https:\/\/legrenierdelatour.be\/brocante\/wp-json\/wp\/v2\/product_tag?post=4657"}],"curies":[{"name":"wp","href":"https:\/\/api.w.org\/{rel}","templated":true}]}}