{"id":4642,"date":"2023-04-05T19:45:34","date_gmt":"2023-04-05T17:45:34","guid":{"rendered":"https:\/\/legrenierdelatour.be\/brocante\/?post_type=product&#038;p=4642"},"modified":"2023-04-05T19:45:34","modified_gmt":"2023-04-05T17:45:34","slug":"sucrier-kg-luneville-martine","status":"publish","type":"product","link":"https:\/\/legrenierdelatour.be\/brocante\/produit\/sucrier-kg-luneville-martine\/","title":{"rendered":"Sucrier KG Lun\u00e9ville Martine"},"content":{"rendered":"<p>Sucrier (13 cm de haut couvercle compris) de la manufacture K&amp;G (Keller et Grerrin) Lun\u00e9ville (1711-2006) datant du d\u00e9but du 20\u00e8 si\u00e8cle. Il est en tr\u00e8s bon \u00e9tat.<\/p>\n<div>R\u00e9f 19.5<\/div>\n","protected":false},"excerpt":{"rendered":"<p>Sucrier (13 cm de haut couvercle compris) de la manufacture K&amp;G (Keller et Grerrin) Lun\u00e9ville (1711-2006) datant du d\u00e9but du 20\u00e8 si\u00e8cle. Il est en tr\u00e8s bon \u00e9tat. R\u00e9f 19.5<\/p>\n","protected":false},"featured_media":4643,"comment_status":"open","ping_status":"closed","template":"","meta":{"neve_meta_sidebar":"","neve_meta_container":"","neve_meta_enable_content_width":"off","neve_meta_content_width":100,"neve_meta_title_alignment":"","neve_meta_author_avatar":"","neve_post_elements_order":"","neve_meta_disable_header":"","neve_meta_disable_footer":"","neve_meta_disable_title":""},"product_brand":[],"product_cat":[172,16,59],"product_tag":[123,28],"class_list":{"0":"post-4642","1":"product","2":"type-product","3":"status-publish","4":"has-post-thumbnail","6":"product_cat-en-cuisine","7":"product_cat-ceramique","8":"product_cat-france","9":"product_tag-art-nouveau","10":"product_tag-vintage","12":"first","13":"instock","14":"shipping-taxable","15":"purchasable","16":"product-type-simple"},"_links":{"self":[{"href":"https:\/\/legrenierdelatour.be\/brocante\/wp-json\/wp\/v2\/product\/4642","targetHints":{"allow":["GET"]}}],"collection":[{"href":"https:\/\/legrenierdelatour.be\/brocante\/wp-json\/wp\/v2\/product"}],"about":[{"href":"https:\/\/legrenierdelatour.be\/brocante\/wp-json\/wp\/v2\/types\/product"}],"replies":[{"embeddable":true,"href":"https:\/\/legrenierdelatour.be\/brocante\/wp-json\/wp\/v2\/comments?post=4642"}],"wp:featuredmedia":[{"embeddable":true,"href":"https:\/\/legrenierdelatour.be\/brocante\/wp-json\/wp\/v2\/media\/4643"}],"wp:attachment":[{"href":"https:\/\/legrenierdelatour.be\/brocante\/wp-json\/wp\/v2\/media?parent=4642"}],"wp:term":[{"taxonomy":"product_brand","embeddable":true,"href":"https:\/\/legrenierdelatour.be\/brocante\/wp-json\/wp\/v2\/product_brand?post=4642"},{"taxonomy":"product_cat","embeddable":true,"href":"https:\/\/legrenierdelatour.be\/brocante\/wp-json\/wp\/v2\/product_cat?post=4642"},{"taxonomy":"product_tag","embeddable":true,"href":"https:\/\/legrenierdelatour.be\/brocante\/wp-json\/wp\/v2\/product_tag?post=4642"}],"curies":[{"name":"wp","href":"https:\/\/api.w.org\/{rel}","templated":true}]}}