{"id":4638,"date":"2023-04-05T19:26:53","date_gmt":"2023-04-05T17:26:53","guid":{"rendered":"https:\/\/legrenierdelatour.be\/brocante\/?post_type=product&#038;p=4638"},"modified":"2023-04-05T19:26:54","modified_gmt":"2023-04-05T17:26:54","slug":"boite-a-peigne-boch-suzy-fuchsia","status":"publish","type":"product","link":"https:\/\/legrenierdelatour.be\/brocante\/produit\/boite-a-peigne-boch-suzy-fuchsia\/","title":{"rendered":"Bo\u00eete \u00e0 peigne Boch Suzy Fuchsia"},"content":{"rendered":"<p>Bo\u00eete \u00e0 peigne (22 cm de long) de la manufacture Boch La Louvi\u00e8re, mod\u00e8le Suzy, d\u00e9cor fuchsia. Elle est en bon \u00e9tat et date sans doute des ann\u00e9es 1950.<\/p>\n<div>R\u00e9f 19.4<\/div>\n","protected":false},"excerpt":{"rendered":"<p>Bo\u00eete \u00e0 peigne (22 cm de long) de la manufacture Boch La Louvi\u00e8re, mod\u00e8le Suzy, d\u00e9cor fuchsia. Elle est en bon \u00e9tat et date sans doute des ann\u00e9es 1950. R\u00e9f 19.4<\/p>\n","protected":false},"featured_media":4639,"comment_status":"open","ping_status":"closed","template":"","meta":{"neve_meta_sidebar":"","neve_meta_container":"","neve_meta_enable_content_width":"off","neve_meta_content_width":100,"neve_meta_title_alignment":"","neve_meta_author_avatar":"","neve_post_elements_order":"","neve_meta_disable_header":"","neve_meta_disable_footer":"","neve_meta_disable_title":""},"product_brand":[],"product_cat":[37,175,16],"product_tag":[20,19,28],"class_list":{"0":"post-4638","1":"product","2":"type-product","3":"status-publish","4":"has-post-thumbnail","6":"product_cat-belgique","7":"product_cat-boch","8":"product_cat-ceramique","9":"product_tag-boch","10":"product_tag-faience","11":"product_tag-vintage","13":"first","14":"instock","15":"shipping-taxable","16":"purchasable","17":"product-type-simple"},"_links":{"self":[{"href":"https:\/\/legrenierdelatour.be\/brocante\/wp-json\/wp\/v2\/product\/4638","targetHints":{"allow":["GET"]}}],"collection":[{"href":"https:\/\/legrenierdelatour.be\/brocante\/wp-json\/wp\/v2\/product"}],"about":[{"href":"https:\/\/legrenierdelatour.be\/brocante\/wp-json\/wp\/v2\/types\/product"}],"replies":[{"embeddable":true,"href":"https:\/\/legrenierdelatour.be\/brocante\/wp-json\/wp\/v2\/comments?post=4638"}],"wp:featuredmedia":[{"embeddable":true,"href":"https:\/\/legrenierdelatour.be\/brocante\/wp-json\/wp\/v2\/media\/4639"}],"wp:attachment":[{"href":"https:\/\/legrenierdelatour.be\/brocante\/wp-json\/wp\/v2\/media?parent=4638"}],"wp:term":[{"taxonomy":"product_brand","embeddable":true,"href":"https:\/\/legrenierdelatour.be\/brocante\/wp-json\/wp\/v2\/product_brand?post=4638"},{"taxonomy":"product_cat","embeddable":true,"href":"https:\/\/legrenierdelatour.be\/brocante\/wp-json\/wp\/v2\/product_cat?post=4638"},{"taxonomy":"product_tag","embeddable":true,"href":"https:\/\/legrenierdelatour.be\/brocante\/wp-json\/wp\/v2\/product_tag?post=4638"}],"curies":[{"name":"wp","href":"https:\/\/api.w.org\/{rel}","templated":true}]}}