{"id":4611,"date":"2023-03-30T19:35:32","date_gmt":"2023-03-30T17:35:32","guid":{"rendered":"https:\/\/legrenierdelatour.be\/brocante\/?post_type=product&#038;p=4611"},"modified":"2023-03-30T19:35:33","modified_gmt":"2023-03-30T17:35:33","slug":"vase-en-verre-style-boom","status":"publish","type":"product","link":"https:\/\/legrenierdelatour.be\/brocante\/produit\/vase-en-verre-style-boom\/","title":{"rendered":"Vase en verre, Style Boom"},"content":{"rendered":"<p>Beau petit vase en verre (10 cm de haut) d\u00e9cor\u00e9 de lignes dor\u00e9es, est peut-\u00eatre une production de la manufacture Rupel \u00e0 Boom, dans les ann\u00e9es 1950.<\/p>\n<div>R\u00e9f 18.96<\/div>\n","protected":false},"excerpt":{"rendered":"<p>Beau petit vase en verre (10 cm de haut) d\u00e9cor\u00e9 de lignes dor\u00e9es, est peut-\u00eatre une production de la manufacture Rupel \u00e0 Boom, dans les ann\u00e9es 1950. R\u00e9f 18.96<\/p>\n","protected":false},"featured_media":4612,"comment_status":"open","ping_status":"closed","template":"","meta":{"neve_meta_sidebar":"","neve_meta_container":"","neve_meta_enable_content_width":"off","neve_meta_content_width":100,"neve_meta_title_alignment":"","neve_meta_author_avatar":"","neve_post_elements_order":"","neve_meta_disable_header":"","neve_meta_disable_footer":"","neve_meta_disable_title":""},"product_brand":[],"product_cat":[106,162,22],"product_tag":[100,28],"class_list":{"0":"post-4611","1":"product","2":"type-product","3":"status-publish","4":"has-post-thumbnail","6":"product_cat-boom","7":"product_cat-productions-belges","8":"product_cat-verrerie","9":"product_tag-boom","10":"product_tag-vintage","12":"first","13":"instock","14":"shipping-taxable","15":"purchasable","16":"product-type-simple"},"_links":{"self":[{"href":"https:\/\/legrenierdelatour.be\/brocante\/wp-json\/wp\/v2\/product\/4611","targetHints":{"allow":["GET"]}}],"collection":[{"href":"https:\/\/legrenierdelatour.be\/brocante\/wp-json\/wp\/v2\/product"}],"about":[{"href":"https:\/\/legrenierdelatour.be\/brocante\/wp-json\/wp\/v2\/types\/product"}],"replies":[{"embeddable":true,"href":"https:\/\/legrenierdelatour.be\/brocante\/wp-json\/wp\/v2\/comments?post=4611"}],"wp:featuredmedia":[{"embeddable":true,"href":"https:\/\/legrenierdelatour.be\/brocante\/wp-json\/wp\/v2\/media\/4612"}],"wp:attachment":[{"href":"https:\/\/legrenierdelatour.be\/brocante\/wp-json\/wp\/v2\/media?parent=4611"}],"wp:term":[{"taxonomy":"product_brand","embeddable":true,"href":"https:\/\/legrenierdelatour.be\/brocante\/wp-json\/wp\/v2\/product_brand?post=4611"},{"taxonomy":"product_cat","embeddable":true,"href":"https:\/\/legrenierdelatour.be\/brocante\/wp-json\/wp\/v2\/product_cat?post=4611"},{"taxonomy":"product_tag","embeddable":true,"href":"https:\/\/legrenierdelatour.be\/brocante\/wp-json\/wp\/v2\/product_tag?post=4611"}],"curies":[{"name":"wp","href":"https:\/\/api.w.org\/{rel}","templated":true}]}}