{"id":4607,"date":"2023-03-30T19:29:06","date_gmt":"2023-03-30T17:29:06","guid":{"rendered":"https:\/\/legrenierdelatour.be\/brocante\/?post_type=product&#038;p=4607"},"modified":"2023-03-30T19:29:07","modified_gmt":"2023-03-30T17:29:07","slug":"soupiere-de-nimy","status":"publish","type":"product","link":"https:\/\/legrenierdelatour.be\/brocante\/produit\/soupiere-de-nimy\/","title":{"rendered":"Soupi\u00e8re de Nimy"},"content":{"rendered":"<p>Belle soupi\u00e8re (23 cm de diam\u00e8tre) de la fa\u00efencerie de Nimy (1789-1951) . Cette belle soupi\u00e8re est dans un \u00e9tat correct pour son \u00e2ge. Elle date sans doute du milieu du 20\u00e8 si\u00e8cle.<\/p>\n<div>R\u00e9f 18.95<\/div>\n","protected":false},"excerpt":{"rendered":"<p>Belle soupi\u00e8re (23 cm de diam\u00e8tre) de la fa\u00efencerie de Nimy (1789-1951) . Cette belle soupi\u00e8re est dans un \u00e9tat correct pour son \u00e2ge. Elle date sans doute du milieu du 20\u00e8 si\u00e8cle. R\u00e9f 18.95<\/p>\n","protected":false},"featured_media":4608,"comment_status":"open","ping_status":"closed","template":"","meta":{"neve_meta_sidebar":"","neve_meta_container":"","neve_meta_enable_content_width":"off","neve_meta_content_width":100,"neve_meta_title_alignment":"","neve_meta_author_avatar":"","neve_post_elements_order":"","neve_meta_disable_header":"","neve_meta_disable_footer":"","neve_meta_disable_title":""},"product_brand":[],"product_cat":[37,172,16,188],"product_tag":[40,19,43],"class_list":{"0":"post-4607","1":"product","2":"type-product","3":"status-publish","4":"has-post-thumbnail","6":"product_cat-belgique","7":"product_cat-en-cuisine","8":"product_cat-ceramique","9":"product_cat-nimy","10":"product_tag-belgique","11":"product_tag-faience","12":"product_tag-nimy","14":"first","15":"instock","16":"shipping-taxable","17":"purchasable","18":"product-type-simple"},"_links":{"self":[{"href":"https:\/\/legrenierdelatour.be\/brocante\/wp-json\/wp\/v2\/product\/4607","targetHints":{"allow":["GET"]}}],"collection":[{"href":"https:\/\/legrenierdelatour.be\/brocante\/wp-json\/wp\/v2\/product"}],"about":[{"href":"https:\/\/legrenierdelatour.be\/brocante\/wp-json\/wp\/v2\/types\/product"}],"replies":[{"embeddable":true,"href":"https:\/\/legrenierdelatour.be\/brocante\/wp-json\/wp\/v2\/comments?post=4607"}],"wp:featuredmedia":[{"embeddable":true,"href":"https:\/\/legrenierdelatour.be\/brocante\/wp-json\/wp\/v2\/media\/4608"}],"wp:attachment":[{"href":"https:\/\/legrenierdelatour.be\/brocante\/wp-json\/wp\/v2\/media?parent=4607"}],"wp:term":[{"taxonomy":"product_brand","embeddable":true,"href":"https:\/\/legrenierdelatour.be\/brocante\/wp-json\/wp\/v2\/product_brand?post=4607"},{"taxonomy":"product_cat","embeddable":true,"href":"https:\/\/legrenierdelatour.be\/brocante\/wp-json\/wp\/v2\/product_cat?post=4607"},{"taxonomy":"product_tag","embeddable":true,"href":"https:\/\/legrenierdelatour.be\/brocante\/wp-json\/wp\/v2\/product_tag?post=4607"}],"curies":[{"name":"wp","href":"https:\/\/api.w.org\/{rel}","templated":true}]}}