{"id":4599,"date":"2023-03-30T18:33:48","date_gmt":"2023-03-30T16:33:48","guid":{"rendered":"https:\/\/legrenierdelatour.be\/brocante\/?post_type=product&#038;p=4599"},"modified":"2023-03-30T18:33:49","modified_gmt":"2023-03-30T16:33:49","slug":"peinture-fleurs-ernest-bernardy-1947","status":"publish","type":"product","link":"https:\/\/legrenierdelatour.be\/brocante\/produit\/peinture-fleurs-ernest-bernardy-1947\/","title":{"rendered":"Peinture \u00ab\u00a0Fleurs\u00a0\u00bb Ernest Bernardy 1947"},"content":{"rendered":"<p>Peinture \u00e0 l\u2019huile sur toile (53&#215;66 cm hors cadre) de l\u2019artiste Ernest Bernardy\u00a0(Athus 1923-2000), un artiste athusien, attach\u00e9 \u00e0 la Gaume. Elle date de 1947 et est une oeuvre de jeunesse. De belle ex\u00e9cution, elle a cependant quelques manques.<\/p>\n<div>R\u00e9f 18.92<\/div>\n","protected":false},"excerpt":{"rendered":"<p>Peinture \u00e0 l\u2019huile sur toile (53&#215;66 cm hors cadre) de l\u2019artiste Ernest Bernardy\u00a0(Athus 1923-2000), un artiste athusien, attach\u00e9 \u00e0 la Gaume. Elle date de 1947 et est une oeuvre de jeunesse. De belle ex\u00e9cution, elle a cependant quelques manques. R\u00e9f 18.92<\/p>\n","protected":false},"featured_media":4600,"comment_status":"open","ping_status":"closed","template":"","meta":{"neve_meta_sidebar":"","neve_meta_container":"","neve_meta_enable_content_width":"off","neve_meta_content_width":100,"neve_meta_title_alignment":"","neve_meta_author_avatar":"","neve_post_elements_order":"","neve_meta_disable_header":"","neve_meta_disable_footer":"","neve_meta_disable_title":""},"product_brand":[],"product_cat":[30,31,167],"product_tag":[79,40,112],"class_list":{"0":"post-4599","1":"product","2":"type-product","3":"status-publish","4":"has-post-thumbnail","6":"product_cat-luxemburgensia","7":"product_cat-pays-darlon","8":"product_cat-peintures-et-sculptures","9":"product_tag-art","10":"product_tag-belgique","11":"product_tag-pays-darlon","13":"first","14":"instock","15":"shipping-taxable","16":"purchasable","17":"product-type-simple"},"_links":{"self":[{"href":"https:\/\/legrenierdelatour.be\/brocante\/wp-json\/wp\/v2\/product\/4599","targetHints":{"allow":["GET"]}}],"collection":[{"href":"https:\/\/legrenierdelatour.be\/brocante\/wp-json\/wp\/v2\/product"}],"about":[{"href":"https:\/\/legrenierdelatour.be\/brocante\/wp-json\/wp\/v2\/types\/product"}],"replies":[{"embeddable":true,"href":"https:\/\/legrenierdelatour.be\/brocante\/wp-json\/wp\/v2\/comments?post=4599"}],"wp:featuredmedia":[{"embeddable":true,"href":"https:\/\/legrenierdelatour.be\/brocante\/wp-json\/wp\/v2\/media\/4600"}],"wp:attachment":[{"href":"https:\/\/legrenierdelatour.be\/brocante\/wp-json\/wp\/v2\/media?parent=4599"}],"wp:term":[{"taxonomy":"product_brand","embeddable":true,"href":"https:\/\/legrenierdelatour.be\/brocante\/wp-json\/wp\/v2\/product_brand?post=4599"},{"taxonomy":"product_cat","embeddable":true,"href":"https:\/\/legrenierdelatour.be\/brocante\/wp-json\/wp\/v2\/product_cat?post=4599"},{"taxonomy":"product_tag","embeddable":true,"href":"https:\/\/legrenierdelatour.be\/brocante\/wp-json\/wp\/v2\/product_tag?post=4599"}],"curies":[{"name":"wp","href":"https:\/\/api.w.org\/{rel}","templated":true}]}}