{"id":4556,"date":"2023-03-11T17:33:34","date_gmt":"2023-03-11T16:33:34","guid":{"rendered":"https:\/\/legrenierdelatour.be\/brocante\/?post_type=product&#038;p=4556"},"modified":"2023-03-11T17:33:34","modified_gmt":"2023-03-11T16:33:34","slug":"coupelles-het-rode-kruis-van-belgie-coceram","status":"publish","type":"product","link":"https:\/\/legrenierdelatour.be\/brocante\/produit\/coupelles-het-rode-kruis-van-belgie-coceram\/","title":{"rendered":"Coupelles Het Rode Kruis van Belg\u00efe Coceram"},"content":{"rendered":"<p>Deux petites assiettes (12 cm de diam\u00e8tre) \u00e9dit\u00e9es pour \u00ab\u00a0Het Rode Kruis van Belg\u00efe\u00a0\u00bb avec inscription au dos des assiettes. La rouge porte le cachet de la manufacture Coceram (1947-1960). Elles ont sans doute \u00e9t\u00e9 offertes aux donneurs de sang, et date des ann\u00e9es 1950.<\/p>\n<p>Elles sont vendues \u00e0 la pi\u00e8ce au prix de 12\u20ac<\/p>\n<div>R\u00e9f 18.67<\/div>\n","protected":false},"excerpt":{"rendered":"<p>Deux petites assiettes (12 cm de diam\u00e8tre) \u00e9dit\u00e9es pour \u00ab\u00a0Het Rode Kruis van Belg\u00efe\u00a0\u00bb avec inscription au dos des assiettes. La rouge porte le cachet de la manufacture Coceram (1947-1960). Elles ont sans doute \u00e9t\u00e9 offertes aux donneurs de sang, et date des ann\u00e9es 1950. Elles sont vendues \u00e0 la pi\u00e8ce au prix de 12\u20ac&hellip;&nbsp;<a href=\"https:\/\/legrenierdelatour.be\/brocante\/produit\/coupelles-het-rode-kruis-van-belgie-coceram\/\" class=\"\" rel=\"bookmark\">Lire la suite &raquo;<span class=\"screen-reader-text\">Coupelles Het Rode Kruis van Belg\u00efe Coceram<\/span><\/a><\/p>\n","protected":false},"featured_media":4533,"comment_status":"open","ping_status":"closed","template":"","meta":{"neve_meta_sidebar":"","neve_meta_container":"","neve_meta_enable_content_width":"off","neve_meta_content_width":100,"neve_meta_title_alignment":"","neve_meta_author_avatar":"","neve_post_elements_order":"","neve_meta_disable_header":"","neve_meta_disable_footer":"","neve_meta_disable_title":""},"product_brand":[],"product_cat":[37,174,16,173],"product_tag":[40,19,68,28],"class_list":{"0":"post-4556","1":"product","2":"type-product","3":"status-publish","4":"has-post-thumbnail","6":"product_cat-belgique","7":"product_cat-coceram","8":"product_cat-ceramique","9":"product_cat-objets-de-publicite","10":"product_tag-belgique","11":"product_tag-faience","12":"product_tag-publicite","13":"product_tag-vintage","15":"first","16":"instock","17":"shipping-taxable","18":"purchasable","19":"product-type-simple"},"_links":{"self":[{"href":"https:\/\/legrenierdelatour.be\/brocante\/wp-json\/wp\/v2\/product\/4556","targetHints":{"allow":["GET"]}}],"collection":[{"href":"https:\/\/legrenierdelatour.be\/brocante\/wp-json\/wp\/v2\/product"}],"about":[{"href":"https:\/\/legrenierdelatour.be\/brocante\/wp-json\/wp\/v2\/types\/product"}],"replies":[{"embeddable":true,"href":"https:\/\/legrenierdelatour.be\/brocante\/wp-json\/wp\/v2\/comments?post=4556"}],"wp:featuredmedia":[{"embeddable":true,"href":"https:\/\/legrenierdelatour.be\/brocante\/wp-json\/wp\/v2\/media\/4533"}],"wp:attachment":[{"href":"https:\/\/legrenierdelatour.be\/brocante\/wp-json\/wp\/v2\/media?parent=4556"}],"wp:term":[{"taxonomy":"product_brand","embeddable":true,"href":"https:\/\/legrenierdelatour.be\/brocante\/wp-json\/wp\/v2\/product_brand?post=4556"},{"taxonomy":"product_cat","embeddable":true,"href":"https:\/\/legrenierdelatour.be\/brocante\/wp-json\/wp\/v2\/product_cat?post=4556"},{"taxonomy":"product_tag","embeddable":true,"href":"https:\/\/legrenierdelatour.be\/brocante\/wp-json\/wp\/v2\/product_tag?post=4556"}],"curies":[{"name":"wp","href":"https:\/\/api.w.org\/{rel}","templated":true}]}}