{"id":455,"date":"2022-02-27T17:55:26","date_gmt":"2022-02-27T16:55:26","guid":{"rendered":"https:\/\/legrenierdelatour.be\/brocante\/?post_type=product&#038;p=455"},"modified":"2023-07-18T14:36:26","modified_gmt":"2023-07-18T12:36:26","slug":"vase-west-germany-474-16-scheurich","status":"publish","type":"product","link":"https:\/\/legrenierdelatour.be\/brocante\/produit\/vase-west-germany-474-16-scheurich\/","title":{"rendered":"Vase West-Germany 474-16 Scheurich"},"content":{"rendered":"<p>Petit vase \u00ab\u00a016\u00a0\u00bb cm, de forme \u00ab\u00a0474\u00a0\u00bb en gr\u00e8s verniss\u00e9 dans les tons bleu-vert, de style Fat Lava, produit par Scheurich dans les ann\u00e9es 1970-79. Il a un petit coup dans l&rsquo;anse. Typique de la production \u00ab\u00a0West Germany des ann\u00e9es 1970.<\/p>\n<p>Deux exemplaires disponibles.<\/p>\n<p>R\u00e9f 6.30<\/p>\n","protected":false},"excerpt":{"rendered":"<p>Petit vase \u00ab\u00a016\u00a0\u00bb cm, de forme \u00ab\u00a0474\u00a0\u00bb en gr\u00e8s verniss\u00e9 dans les tons bleu-vert, de style Fat Lava, produit par Scheurich dans les ann\u00e9es 1970-79. Il a un petit coup dans l&rsquo;anse. Typique de la production \u00ab\u00a0West Germany des ann\u00e9es 1970. Deux exemplaires disponibles. R\u00e9f 6.30<\/p>\n","protected":false},"featured_media":5516,"comment_status":"open","ping_status":"closed","template":"","meta":{"neve_meta_sidebar":"","neve_meta_container":"","neve_meta_enable_content_width":"off","neve_meta_content_width":100,"neve_meta_title_alignment":"","neve_meta_author_avatar":"","neve_post_elements_order":"","neve_meta_disable_header":"","neve_meta_disable_footer":"","neve_meta_disable_title":""},"product_brand":[],"product_cat":[15,48,16,52,47],"product_tag":[19,50,28,49],"class_list":{"0":"post-455","1":"product","2":"type-product","3":"status-publish","4":"has-post-thumbnail","6":"product_cat-non-classe","7":"product_cat-allemagne","8":"product_cat-ceramique","9":"product_cat-scheurig","10":"product_cat-west-germany","11":"product_tag-faience","12":"product_tag-fat-lava","13":"product_tag-vintage","14":"product_tag-west-germany","16":"first","17":"instock","18":"shipping-taxable","19":"purchasable","20":"product-type-simple"},"_links":{"self":[{"href":"https:\/\/legrenierdelatour.be\/brocante\/wp-json\/wp\/v2\/product\/455","targetHints":{"allow":["GET"]}}],"collection":[{"href":"https:\/\/legrenierdelatour.be\/brocante\/wp-json\/wp\/v2\/product"}],"about":[{"href":"https:\/\/legrenierdelatour.be\/brocante\/wp-json\/wp\/v2\/types\/product"}],"replies":[{"embeddable":true,"href":"https:\/\/legrenierdelatour.be\/brocante\/wp-json\/wp\/v2\/comments?post=455"}],"wp:featuredmedia":[{"embeddable":true,"href":"https:\/\/legrenierdelatour.be\/brocante\/wp-json\/wp\/v2\/media\/5516"}],"wp:attachment":[{"href":"https:\/\/legrenierdelatour.be\/brocante\/wp-json\/wp\/v2\/media?parent=455"}],"wp:term":[{"taxonomy":"product_brand","embeddable":true,"href":"https:\/\/legrenierdelatour.be\/brocante\/wp-json\/wp\/v2\/product_brand?post=455"},{"taxonomy":"product_cat","embeddable":true,"href":"https:\/\/legrenierdelatour.be\/brocante\/wp-json\/wp\/v2\/product_cat?post=455"},{"taxonomy":"product_tag","embeddable":true,"href":"https:\/\/legrenierdelatour.be\/brocante\/wp-json\/wp\/v2\/product_tag?post=455"}],"curies":[{"name":"wp","href":"https:\/\/api.w.org\/{rel}","templated":true}]}}