{"id":4541,"date":"2023-03-10T17:57:38","date_gmt":"2023-03-10T16:57:38","guid":{"rendered":"https:\/\/legrenierdelatour.be\/brocante\/?post_type=product&#038;p=4541"},"modified":"2023-03-10T18:03:39","modified_gmt":"2023-03-10T17:03:39","slug":"peinture-le-clown-lisette-p","status":"publish","type":"product","link":"https:\/\/legrenierdelatour.be\/brocante\/produit\/peinture-le-clown-lisette-p\/","title":{"rendered":"Peinture, Le Clown, Lisette P."},"content":{"rendered":"<p>Belle peinture de Clown sur toile (44,5&#215;50 cm) sign\u00e9 Lisette P. Elle est en bon \u00e9tat, m\u00eame si la toile est tr\u00e8s fine. Elle est dat\u00e9e \u00e0 l&rsquo;arri\u00e8re 19-11-78, sans doute ladite de sa cr\u00e9ation.<\/p>\n<div>R\u00e9f 18.61<\/div>\n","protected":false},"excerpt":{"rendered":"<p>Belle peinture de Clown sur toile (44,5&#215;50 cm) sign\u00e9 Lisette P. Elle est en bon \u00e9tat, m\u00eame si la toile est tr\u00e8s fine. Elle est dat\u00e9e \u00e0 l&rsquo;arri\u00e8re 19-11-78, sans doute ladite de sa cr\u00e9ation. R\u00e9f 18.61<\/p>\n","protected":false},"featured_media":4526,"comment_status":"open","ping_status":"closed","template":"","meta":{"neve_meta_sidebar":"","neve_meta_container":"","neve_meta_enable_content_width":"off","neve_meta_content_width":100,"neve_meta_title_alignment":"","neve_meta_author_avatar":"","neve_post_elements_order":"","neve_meta_disable_header":"","neve_meta_disable_footer":"","neve_meta_disable_title":""},"product_brand":[],"product_cat":[167],"product_tag":[79],"class_list":{"0":"post-4541","1":"product","2":"type-product","3":"status-publish","4":"has-post-thumbnail","6":"product_cat-peintures-et-sculptures","7":"product_tag-art","9":"first","10":"instock","11":"shipping-taxable","12":"purchasable","13":"product-type-simple"},"_links":{"self":[{"href":"https:\/\/legrenierdelatour.be\/brocante\/wp-json\/wp\/v2\/product\/4541","targetHints":{"allow":["GET"]}}],"collection":[{"href":"https:\/\/legrenierdelatour.be\/brocante\/wp-json\/wp\/v2\/product"}],"about":[{"href":"https:\/\/legrenierdelatour.be\/brocante\/wp-json\/wp\/v2\/types\/product"}],"replies":[{"embeddable":true,"href":"https:\/\/legrenierdelatour.be\/brocante\/wp-json\/wp\/v2\/comments?post=4541"}],"wp:featuredmedia":[{"embeddable":true,"href":"https:\/\/legrenierdelatour.be\/brocante\/wp-json\/wp\/v2\/media\/4526"}],"wp:attachment":[{"href":"https:\/\/legrenierdelatour.be\/brocante\/wp-json\/wp\/v2\/media?parent=4541"}],"wp:term":[{"taxonomy":"product_brand","embeddable":true,"href":"https:\/\/legrenierdelatour.be\/brocante\/wp-json\/wp\/v2\/product_brand?post=4541"},{"taxonomy":"product_cat","embeddable":true,"href":"https:\/\/legrenierdelatour.be\/brocante\/wp-json\/wp\/v2\/product_cat?post=4541"},{"taxonomy":"product_tag","embeddable":true,"href":"https:\/\/legrenierdelatour.be\/brocante\/wp-json\/wp\/v2\/product_tag?post=4541"}],"curies":[{"name":"wp","href":"https:\/\/api.w.org\/{rel}","templated":true}]}}